{"id":1137,"date":"2025-04-16T13:05:12","date_gmt":"2025-04-16T13:05:12","guid":{"rendered":"https:\/\/www.fitodroga.com\/?post_type=product&#038;p=1137"},"modified":"2026-02-10T08:36:57","modified_gmt":"2026-02-10T08:36:57","slug":"sejas-toniks-attiross-250ml","status":"publish","type":"product","link":"https:\/\/www.fitodroga.com\/en\/product\/sejas-toniks-attiross-250ml\/","title":{"rendered":"CLEANSING FACE TONIC. Att\u012bro\u0161s sejas toniks (250 ml)"},"content":{"rendered":"<p>L\u012bdzeklis nav j\u0101noskalo. Viegla, gaisto\u0161a smar\u017ea, bez alerg\u0113niem.<\/p>\n<p>Piem\u0113rots visiem \u0101das tipiem. Ar\u012b jut\u012bgai \u0101dai. Dermatolo\u0123iski test\u0113ts.<\/p>\n<p><strong>V\u0113rt\u012bg\u0101s sast\u0101vda\u013cas:<\/strong><\/p>\n<ul>\n<li>augu komplekss PENTAVITIN<sup>\u00ae<\/sup> (akt\u012bv\u0101 viela- Saccharide Isomerate)<\/li>\n<li>Alpu balt\u0101s v\u0113rmeles ziedu ekstrakts<\/li>\n<\/ul>\n<p><strong>Iedarb\u012bba:<\/strong><\/p>\n<ul>\n<li>maigi att\u012bra un l\u012bdzsvaro pH<\/li>\n<li>satur dzi\u013ci mitrino\u0161u vielu<\/li>\n<li>satur \u0101das mikrofloras stabiliz\u0113t\u0101ju<\/li>\n<li>sulf\u0101tus un spirtu nosaturo\u0161s.<\/li>\n<\/ul>\n<p><strong>Lieto\u0161ana:<\/strong><\/p>\n<p>Ikdienas lieto\u0161anai. Samitrina vates pl\u0101ksn\u012bti un r\u016bp\u012bgi not\u012bra sejas \u0101du. Nav j\u0101noskalo.<\/p>\n<p>Ieteicam\u0101 ikdienas lieto\u0161anas sec\u012bba:<\/p>\n<ol>\n<li>Att\u012br\u012b\u0161ana; 2. <strong>Toniz\u0113\u0161ana;<\/strong> Serums; 4. Acu kr\u0113ms un Sejas kr\u0113ms<\/li>\n<\/ol>\n<p>Vielu siner\u0123isk\u0101s iedarb\u012bbas nodro\u0161in\u0101\u0161anai ieteicams lietot kop\u0101 ar citiem FITODROGA produktiem.<\/p>\n<p><strong>Iepakojums.<\/strong><\/p>\n<p>Pild\u012bts p\u0101rstr\u0101d\u0101jam\u0101 iepakojum\u0101 ar dozatoru. Iepakojuma veids izsl\u0113dz produkta mikrobiolo\u0123isko pies\u0101r\u0146ojumu t\u0101 lieto\u0161anas laik\u0101 &#8211; produkts nesaskaras ar gaisu un mikroorganismiem.<\/p>\n<p><strong>INCI saraksts:<\/strong><\/p>\n<p>Aqua, Glycerin, Pentilene Glycol, Caprylyl \/Capryl Glucoside*, Babassu Oil Polyglyceryl-4 Esters* , Polyglyceryl-10 Laurate*,\u00a0 Saccharide Isomerate*, Artemisia Umbelliformis Flower Extract*, Citric Acid, Sodium Benzoate, Potassium Sorbate, Parfum, Phenoxyethanol, Ethylhexylglycerin, Sodium Citrate<\/p>\n<p><em>* COSMOS, Ecocert certified raw materials<\/em><\/p>\n","protected":false},"excerpt":{"rendered":"<p>L\u012bdzeklis \u0101das att\u012br\u012b\u0161anai, toniz\u0113\u0161anai un pH l\u012bdzsvaro\u0161anai, pareizi sagatavojot to kr\u0113ma uzkl\u0101\u0161anai.<\/p>\n<p>Viegli no\u0146em dekorat\u012bvo kosm\u0113tiku.<\/p>\n<p>Satur akt\u012bvu antioksidantu &#8211; Alpu balt\u0101s v\u0113rmeles ziedu ekstraktu un augu kompleksu PENTAVITIN<sup>\u00ae <\/sup>dzi\u013cai \u0101das mitrin\u0101\u0161anai.<\/p>\n","protected":false},"featured_media":2028,"template":"","meta":{"site-sidebar-layout":"default","site-content-layout":"","ast-site-content-layout":"default","site-content-style":"default","site-sidebar-style":"default","ast-global-header-display":"","ast-banner-title-visibility":"","ast-main-header-display":"","ast-hfb-above-header-display":"","ast-hfb-below-header-display":"","ast-hfb-mobile-header-display":"","site-post-title":"","ast-breadcrumbs-content":"","ast-featured-img":"","footer-sml-layout":"","theme-transparent-header-meta":"default","adv-header-id-meta":"","stick-header-meta":"","header-above-stick-meta":"","header-main-stick-meta":"","header-below-stick-meta":"","astra-migrate-meta-layouts":"set","ast-page-background-enabled":"default","ast-page-background-meta":{"desktop":{"background-color":"var(--ast-global-color-4)","background-image":"","background-repeat":"repeat","background-position":"center center","background-size":"auto","background-attachment":"scroll","background-type":"","background-media":"","overlay-type":"","overlay-color":"","overlay-opacity":"","overlay-gradient":""},"tablet":{"background-color":"","background-image":"","background-repeat":"repeat","background-position":"center center","background-size":"auto","background-attachment":"scroll","background-type":"","background-media":"","overlay-type":"","overlay-color":"","overlay-opacity":"","overlay-gradient":""},"mobile":{"background-color":"","background-image":"","background-repeat":"repeat","background-position":"center center","background-size":"auto","background-attachment":"scroll","background-type":"","background-media":"","overlay-type":"","overlay-color":"","overlay-opacity":"","overlay-gradient":""}},"ast-content-background-meta":{"desktop":{"background-color":"var(--ast-global-color-5)","background-image":"","background-repeat":"repeat","background-position":"center center","background-size":"auto","background-attachment":"scroll","background-type":"","background-media":"","overlay-type":"","overlay-color":"","overlay-opacity":"","overlay-gradient":""},"tablet":{"background-color":"var(--ast-global-color-5)","background-image":"","background-repeat":"repeat","background-position":"center center","background-size":"auto","background-attachment":"scroll","background-type":"","background-media":"","overlay-type":"","overlay-color":"","overlay-opacity":"","overlay-gradient":""},"mobile":{"background-color":"var(--ast-global-color-5)","background-image":"","background-repeat":"repeat","background-position":"center center","background-size":"auto","background-attachment":"scroll","background-type":"","background-media":"","overlay-type":"","overlay-color":"","overlay-opacity":"","overlay-gradient":""}},"iawp_total_views":614},"product_brand":[],"product_cat":[52,38],"product_tag":[],"class_list":{"0":"post-1137","1":"product","2":"type-product","3":"status-publish","4":"has-post-thumbnail","6":"product_cat-attirisana","7":"product_cat-sejas-kopsana","8":"desktop-align-left","9":"tablet-align-left","10":"mobile-align-left","12":"first","13":"instock","14":"sale","15":"taxable","16":"shipping-taxable","17":"purchasable","18":"product-type-simple"},"yoast_head":"<!-- This site is optimized with the Yoast SEO plugin v26.0 - https:\/\/yoast.com\/wordpress\/plugins\/seo\/ -->\n<title>CLEANSING FACE TONIC. Att\u012bro\u0161s sejas toniks (250 ml) - Fitodroga dermokosm\u0113tika<\/title>\n<meta name=\"description\" content=\"Fitodroga Att\u012bro\u0161s sejas toniks: nomierino\u0161a alpu v\u0113rmeles iedarb\u012bba, ilgsto\u0161a mitrin\u0101\u0161ana ar PENTAVITIN un \u0101dai draudz\u012bga formul\u0113\u0161ana\" \/>\n<meta name=\"robots\" content=\"index, follow, max-snippet:-1, max-image-preview:large, max-video-preview:-1\" \/>\n<link rel=\"canonical\" href=\"https:\/\/www.fitodroga.com\/en\/product\/sejas-toniks-attiross-250ml\/\" \/>\n<meta property=\"og:locale\" content=\"en_US\" \/>\n<meta property=\"og:type\" content=\"article\" \/>\n<meta property=\"og:title\" content=\"CLEANSING FACE TONIC. Att\u012bro\u0161s sejas toniks (250 ml) - Fitodroga dermokosm\u0113tika\" \/>\n<meta property=\"og:description\" content=\"Fitodroga Att\u012bro\u0161s sejas toniks: nomierino\u0161a alpu v\u0113rmeles iedarb\u012bba, ilgsto\u0161a mitrin\u0101\u0161ana ar PENTAVITIN un \u0101dai draudz\u012bga formul\u0113\u0161ana\" \/>\n<meta property=\"og:url\" content=\"https:\/\/www.fitodroga.com\/en\/product\/sejas-toniks-attiross-250ml\/\" \/>\n<meta property=\"og:site_name\" content=\"Fitodroga dermokosm\u0113tika\" \/>\n<meta property=\"article:modified_time\" content=\"2026-02-10T08:36:57+00:00\" \/>\n<meta property=\"og:image\" content=\"https:\/\/www.fitodroga.com\/wp-content\/uploads\/2025\/04\/Fitodroga_CleansingFaceTonic-1.jpg\" \/>\n\t<meta property=\"og:image:width\" content=\"1200\" \/>\n\t<meta property=\"og:image:height\" content=\"1500\" \/>\n\t<meta property=\"og:image:type\" content=\"image\/jpeg\" \/>\n<meta name=\"twitter:card\" content=\"summary_large_image\" \/>\n<meta name=\"twitter:label1\" content=\"Est. reading time\" \/>\n\t<meta name=\"twitter:data1\" content=\"2 minutes\" \/>\n<script type=\"application\/ld+json\" class=\"yoast-schema-graph\">{\"@context\":\"https:\/\/schema.org\",\"@graph\":[{\"@type\":\"WebPage\",\"@id\":\"https:\/\/www.fitodroga.com\/en\/product\/sejas-toniks-attiross-250ml\/\",\"url\":\"https:\/\/www.fitodroga.com\/en\/product\/sejas-toniks-attiross-250ml\/\",\"name\":\"CLEANSING FACE TONIC. Att\u012bro\u0161s sejas toniks (250 ml) - Fitodroga dermokosm\u0113tika\",\"isPartOf\":{\"@id\":\"https:\/\/fitodroga.lotos-pharma.com\/#website\"},\"primaryImageOfPage\":{\"@id\":\"https:\/\/www.fitodroga.com\/en\/product\/sejas-toniks-attiross-250ml\/#primaryimage\"},\"image\":{\"@id\":\"https:\/\/www.fitodroga.com\/en\/product\/sejas-toniks-attiross-250ml\/#primaryimage\"},\"thumbnailUrl\":\"https:\/\/www.fitodroga.com\/wp-content\/uploads\/2025\/04\/Fitodroga_CleansingFaceTonic-1.jpg\",\"datePublished\":\"2025-04-16T13:05:12+00:00\",\"dateModified\":\"2026-02-10T08:36:57+00:00\",\"description\":\"Fitodroga Att\u012bro\u0161s sejas toniks: nomierino\u0161a alpu v\u0113rmeles iedarb\u012bba, ilgsto\u0161a mitrin\u0101\u0161ana ar PENTAVITIN un \u0101dai draudz\u012bga formul\u0113\u0161ana\",\"breadcrumb\":{\"@id\":\"https:\/\/www.fitodroga.com\/en\/product\/sejas-toniks-attiross-250ml\/#breadcrumb\"},\"inLanguage\":\"en-US\",\"potentialAction\":[{\"@type\":\"ReadAction\",\"target\":[\"https:\/\/www.fitodroga.com\/en\/product\/sejas-toniks-attiross-250ml\/\"]}]},{\"@type\":\"ImageObject\",\"inLanguage\":\"en-US\",\"@id\":\"https:\/\/www.fitodroga.com\/en\/product\/sejas-toniks-attiross-250ml\/#primaryimage\",\"url\":\"https:\/\/www.fitodroga.com\/wp-content\/uploads\/2025\/04\/Fitodroga_CleansingFaceTonic-1.jpg\",\"contentUrl\":\"https:\/\/www.fitodroga.com\/wp-content\/uploads\/2025\/04\/Fitodroga_CleansingFaceTonic-1.jpg\",\"width\":1200,\"height\":1500},{\"@type\":\"BreadcrumbList\",\"@id\":\"https:\/\/www.fitodroga.com\/en\/product\/sejas-toniks-attiross-250ml\/#breadcrumb\",\"itemListElement\":[{\"@type\":\"ListItem\",\"position\":1,\"name\":\"Home\",\"item\":\"https:\/\/www.fitodroga.com\/en\/\"},{\"@type\":\"ListItem\",\"position\":2,\"name\":\"VEIKALS\",\"item\":\"https:\/\/fitodroga.lotos-pharma.com\/shop-2\/\"},{\"@type\":\"ListItem\",\"position\":3,\"name\":\"CLEANSING FACE TONIC. Att\u012bro\u0161s sejas toniks (250 ml)\"}]},{\"@type\":\"WebSite\",\"@id\":\"https:\/\/fitodroga.lotos-pharma.com\/#website\",\"url\":\"https:\/\/fitodroga.lotos-pharma.com\/\",\"name\":\"Fitodroga dermokosm\u0113tika\",\"description\":\"Natural Product - A New You\",\"publisher\":{\"@id\":\"https:\/\/fitodroga.lotos-pharma.com\/#organization\"},\"potentialAction\":[{\"@type\":\"SearchAction\",\"target\":{\"@type\":\"EntryPoint\",\"urlTemplate\":\"https:\/\/fitodroga.lotos-pharma.com\/?s={search_term_string}\"},\"query-input\":{\"@type\":\"PropertyValueSpecification\",\"valueRequired\":true,\"valueName\":\"search_term_string\"}}],\"inLanguage\":\"en-US\"},{\"@type\":\"Organization\",\"@id\":\"https:\/\/fitodroga.lotos-pharma.com\/#organization\",\"name\":\"Fitodroga dermokosm\u0113tika\",\"url\":\"https:\/\/fitodroga.lotos-pharma.com\/\",\"logo\":{\"@type\":\"ImageObject\",\"inLanguage\":\"en-US\",\"@id\":\"https:\/\/fitodroga.lotos-pharma.com\/#\/schema\/logo\/image\/\",\"url\":\"https:\/\/www.fitodroga.com\/wp-content\/uploads\/2025\/04\/cropped-Fitodroga_logo_text-scaled.png\",\"contentUrl\":\"https:\/\/www.fitodroga.com\/wp-content\/uploads\/2025\/04\/cropped-Fitodroga_logo_text-scaled.png\",\"width\":3334,\"height\":1111,\"caption\":\"Fitodroga dermokosm\u0113tika\"},\"image\":{\"@id\":\"https:\/\/fitodroga.lotos-pharma.com\/#\/schema\/logo\/image\/\"}}]}<\/script>\n<!-- \/ Yoast SEO plugin. -->","yoast_head_json":{"title":"CLEANSING FACE TONIC. Att\u012bro\u0161s sejas toniks (250 ml) - Fitodroga dermokosm\u0113tika","description":"Fitodroga Att\u012bro\u0161s sejas toniks: nomierino\u0161a alpu v\u0113rmeles iedarb\u012bba, ilgsto\u0161a mitrin\u0101\u0161ana ar PENTAVITIN un \u0101dai draudz\u012bga formul\u0113\u0161ana","robots":{"index":"index","follow":"follow","max-snippet":"max-snippet:-1","max-image-preview":"max-image-preview:large","max-video-preview":"max-video-preview:-1"},"canonical":"https:\/\/www.fitodroga.com\/en\/product\/sejas-toniks-attiross-250ml\/","og_locale":"en_US","og_type":"article","og_title":"CLEANSING FACE TONIC. Att\u012bro\u0161s sejas toniks (250 ml) - Fitodroga dermokosm\u0113tika","og_description":"Fitodroga Att\u012bro\u0161s sejas toniks: nomierino\u0161a alpu v\u0113rmeles iedarb\u012bba, ilgsto\u0161a mitrin\u0101\u0161ana ar PENTAVITIN un \u0101dai draudz\u012bga formul\u0113\u0161ana","og_url":"https:\/\/www.fitodroga.com\/en\/product\/sejas-toniks-attiross-250ml\/","og_site_name":"Fitodroga dermokosm\u0113tika","article_modified_time":"2026-02-10T08:36:57+00:00","og_image":[{"width":1200,"height":1500,"url":"https:\/\/www.fitodroga.com\/wp-content\/uploads\/2025\/04\/Fitodroga_CleansingFaceTonic-1.jpg","type":"image\/jpeg"}],"twitter_card":"summary_large_image","twitter_misc":{"Est. reading time":"2 minutes"},"schema":{"@context":"https:\/\/schema.org","@graph":[{"@type":"WebPage","@id":"https:\/\/www.fitodroga.com\/en\/product\/sejas-toniks-attiross-250ml\/","url":"https:\/\/www.fitodroga.com\/en\/product\/sejas-toniks-attiross-250ml\/","name":"CLEANSING FACE TONIC. Att\u012bro\u0161s sejas toniks (250 ml) - Fitodroga dermokosm\u0113tika","isPartOf":{"@id":"https:\/\/fitodroga.lotos-pharma.com\/#website"},"primaryImageOfPage":{"@id":"https:\/\/www.fitodroga.com\/en\/product\/sejas-toniks-attiross-250ml\/#primaryimage"},"image":{"@id":"https:\/\/www.fitodroga.com\/en\/product\/sejas-toniks-attiross-250ml\/#primaryimage"},"thumbnailUrl":"https:\/\/www.fitodroga.com\/wp-content\/uploads\/2025\/04\/Fitodroga_CleansingFaceTonic-1.jpg","datePublished":"2025-04-16T13:05:12+00:00","dateModified":"2026-02-10T08:36:57+00:00","description":"Fitodroga Att\u012bro\u0161s sejas toniks: nomierino\u0161a alpu v\u0113rmeles iedarb\u012bba, ilgsto\u0161a mitrin\u0101\u0161ana ar PENTAVITIN un \u0101dai draudz\u012bga formul\u0113\u0161ana","breadcrumb":{"@id":"https:\/\/www.fitodroga.com\/en\/product\/sejas-toniks-attiross-250ml\/#breadcrumb"},"inLanguage":"en-US","potentialAction":[{"@type":"ReadAction","target":["https:\/\/www.fitodroga.com\/en\/product\/sejas-toniks-attiross-250ml\/"]}]},{"@type":"ImageObject","inLanguage":"en-US","@id":"https:\/\/www.fitodroga.com\/en\/product\/sejas-toniks-attiross-250ml\/#primaryimage","url":"https:\/\/www.fitodroga.com\/wp-content\/uploads\/2025\/04\/Fitodroga_CleansingFaceTonic-1.jpg","contentUrl":"https:\/\/www.fitodroga.com\/wp-content\/uploads\/2025\/04\/Fitodroga_CleansingFaceTonic-1.jpg","width":1200,"height":1500},{"@type":"BreadcrumbList","@id":"https:\/\/www.fitodroga.com\/en\/product\/sejas-toniks-attiross-250ml\/#breadcrumb","itemListElement":[{"@type":"ListItem","position":1,"name":"Home","item":"https:\/\/www.fitodroga.com\/en\/"},{"@type":"ListItem","position":2,"name":"VEIKALS","item":"https:\/\/fitodroga.lotos-pharma.com\/shop-2\/"},{"@type":"ListItem","position":3,"name":"CLEANSING FACE TONIC. Att\u012bro\u0161s sejas toniks (250 ml)"}]},{"@type":"WebSite","@id":"https:\/\/fitodroga.lotos-pharma.com\/#website","url":"https:\/\/fitodroga.lotos-pharma.com\/","name":"Fitodroga dermokosm\u0113tika","description":"Natural Product - A New You","publisher":{"@id":"https:\/\/fitodroga.lotos-pharma.com\/#organization"},"potentialAction":[{"@type":"SearchAction","target":{"@type":"EntryPoint","urlTemplate":"https:\/\/fitodroga.lotos-pharma.com\/?s={search_term_string}"},"query-input":{"@type":"PropertyValueSpecification","valueRequired":true,"valueName":"search_term_string"}}],"inLanguage":"en-US"},{"@type":"Organization","@id":"https:\/\/fitodroga.lotos-pharma.com\/#organization","name":"Fitodroga dermokosm\u0113tika","url":"https:\/\/fitodroga.lotos-pharma.com\/","logo":{"@type":"ImageObject","inLanguage":"en-US","@id":"https:\/\/fitodroga.lotos-pharma.com\/#\/schema\/logo\/image\/","url":"https:\/\/www.fitodroga.com\/wp-content\/uploads\/2025\/04\/cropped-Fitodroga_logo_text-scaled.png","contentUrl":"https:\/\/www.fitodroga.com\/wp-content\/uploads\/2025\/04\/cropped-Fitodroga_logo_text-scaled.png","width":3334,"height":1111,"caption":"Fitodroga dermokosm\u0113tika"},"image":{"@id":"https:\/\/fitodroga.lotos-pharma.com\/#\/schema\/logo\/image\/"}}]}},"_links":{"self":[{"href":"https:\/\/www.fitodroga.com\/en\/wp-json\/wp\/v2\/product\/1137","targetHints":{"allow":["GET"]}}],"collection":[{"href":"https:\/\/www.fitodroga.com\/en\/wp-json\/wp\/v2\/product"}],"about":[{"href":"https:\/\/www.fitodroga.com\/en\/wp-json\/wp\/v2\/types\/product"}],"wp:featuredmedia":[{"embeddable":true,"href":"https:\/\/www.fitodroga.com\/en\/wp-json\/wp\/v2\/media\/2028"}],"wp:attachment":[{"href":"https:\/\/www.fitodroga.com\/en\/wp-json\/wp\/v2\/media?parent=1137"}],"wp:term":[{"taxonomy":"product_brand","embeddable":true,"href":"https:\/\/www.fitodroga.com\/en\/wp-json\/wp\/v2\/product_brand?post=1137"},{"taxonomy":"product_cat","embeddable":true,"href":"https:\/\/www.fitodroga.com\/en\/wp-json\/wp\/v2\/product_cat?post=1137"},{"taxonomy":"product_tag","embeddable":true,"href":"https:\/\/www.fitodroga.com\/en\/wp-json\/wp\/v2\/product_tag?post=1137"}],"curies":[{"name":"wp","href":"https:\/\/api.w.org\/{rel}","templated":true}]}}