{"id":1142,"date":"2025-04-16T13:08:20","date_gmt":"2025-04-16T13:08:20","guid":{"rendered":"https:\/\/www.fitodroga.com\/?post_type=product&#038;p=1142"},"modified":"2026-02-05T08:11:18","modified_gmt":"2026-02-05T08:11:18","slug":"skabekli-bagatinats-sejas-krems-100-ml","status":"publish","type":"product","link":"https:\/\/www.fitodroga.com\/en\/product\/skabekli-bagatinats-sejas-krems-100-ml\/","title":{"rendered":"FACE CREAM OXYGEN. Mirdzumu atjaunojo\u0161s sejas kr\u0113ms (100 ml)"},"content":{"rendered":"<p>Sejas kr\u0113ms viegli kl\u0101jas un \u0101tri ies\u016bcas \u0101d\u0101.<\/p>\n<ul>\n<li>Neitr\u0101la, gaisto\u0161a smar\u017ea bez alerg\u0113niem.<\/li>\n<li>Dermatolo\u0123iski test\u0113ts.<\/li>\n<li>Visiem \u0101das tipiem.<\/li>\n<li>Ar\u012b jut\u012bgai \u0101dai.<\/li>\n<li>Piem\u0113rots no 20 +<\/li>\n<\/ul>\n<p>V\u0113rt\u012bg\u0101s sast\u0101vda\u013cas:<\/p>\n<ul>\n<li>dab\u012bgas izcelsmes biolo\u0123iski akt\u012bvs komplekss REVITALIN\u00ae<\/li>\n<li>augu komplekss PENTAVITIN<sup>\u00ae<\/sup> (akt\u012bv\u0101 viela- Saccharide Isomerate)<\/li>\n<li>ol\u012bvu skval\u0101ns<\/li>\n<li>shea sviests<\/li>\n<\/ul>\n<p>Iedarb\u012bba:<\/p>\n<ul>\n<li>atbalsta svar\u012bg\u0101kos epidermas ener\u0123ijas meh\u0101nismus<\/li>\n<li>atbalsta \u0101das dab\u012bgo aizsargbarjeru<\/li>\n<li>nodro\u0161ina dzi\u013cu ilgtermi\u0146a \u0101das mitrin\u0101\u0161anu<\/li>\n<li>m\u012bkstina un baro \u0101du t\u0101s dzi\u013c\u0101kajos sl\u0101\u0146os.<\/li>\n<\/ul>\n<p>Lieto\u0161ana:<\/p>\n<p>Uzkl\u0101j uz att\u012br\u012btas sejas un dekolt\u0113 zonas \u0101das r\u012btos un vakaros. Ar\u012b k\u0101 kvalitat\u012bva b\u0101ze dekorat\u012bv\u0101s kosm\u0113tikas uzkl\u0101\u0161anai.<\/p>\n<p>Ieteicam\u0101 ikdienas lieto\u0161anas sec\u012bba:<\/p>\n<ol>\n<li>Att\u012br\u012b\u0161ana; 2. Toniz\u0113\u0161ana; 3. Serums; 4. Acu kr\u0113ms un <strong>Sejas kr\u0113ms<\/strong><\/li>\n<\/ol>\n<p>Vielu siner\u0123isk\u0101s iedarb\u012bbas nodro\u0161in\u0101\u0161anai ieteicams lietot kop\u0101 ar citiem FITODROGA produktiem.<\/p>\n<p>Iepakojums.<\/p>\n<p>Kr\u0113ms pild\u012bts p\u0101rstr\u0101d\u0101jam\u0101 vakuuma (air-less) iepakojum\u0101. Tas izsl\u0113dz produkta mikrobiolo\u0123isko pies\u0101r\u0146ojumu t\u0101 lieto\u0161anas laik\u0101 &#8211; produkts nesaskaras ar gaisu un mikroorganismiem.<\/p>\n<p>INCI saraksts:<\/p>\n<p>Aqua, Isoamyl Laurate <sup>*<\/sup>, Glycerin, Cetearyl Alcohol *, Glyceryl Stearate Citrate*, Caprylic\/Capric Triglyceride*, Propylheptyl Caprylate, Squalane, Saccharide Isomerate*, Butyrospermum Parkii (Shea) Butter*, Glyceryl Caprylate*, Tocopheryl Acetate, Glycoproteins, Glutamic Acid, Valine, Threonine, Phenoxyethanol, Parfum, Caprylyl Glycol, Sodium Polyacrylate, Ethylhexylglycerin, Xanthan Gum*, Tocopherol, Sodium Citrate, 1,2 &#8211; Hexanediol, Citric Acid<\/p>\n<p><em>* COSMOS, Ecocert certified raw materials<\/em><\/p>\n","protected":false},"excerpt":{"rendered":"<p>Z\u012bdainas tekst\u016bras kopjo\u0161s sejas kr\u0113ms ar shea sviestu un ol\u012bvu skval\u0101nu dab\u012bg\u0101s \u0101das aizsargbarjeras stiprin\u0101\u0161anai, nodro\u0161inot ilgsto\u0161u komforta saj\u016btu.<\/p>\n<p>Satur patent\u0113tu, aminosk\u0101b\u0113m bag\u0101tu akt\u012bvu vielu kompleksu, kas nodro\u0161ina past\u0101v\u012bgu augstu ener\u0123ijas l\u012bmeni \u0161\u016bn\u0101s.<\/p>\n<p>Dzi\u013cu ilgtermi\u0146a mitrin\u0101\u0161anu nodro\u0161ina augu komplekss PENTAVITIN<sup>\u00ae <\/sup><\/p>\n","protected":false},"featured_media":2026,"template":"","meta":{"site-sidebar-layout":"default","site-content-layout":"","ast-site-content-layout":"default","site-content-style":"default","site-sidebar-style":"default","ast-global-header-display":"","ast-banner-title-visibility":"","ast-main-header-display":"","ast-hfb-above-header-display":"","ast-hfb-below-header-display":"","ast-hfb-mobile-header-display":"","site-post-title":"","ast-breadcrumbs-content":"","ast-featured-img":"","footer-sml-layout":"","theme-transparent-header-meta":"default","adv-header-id-meta":"","stick-header-meta":"","header-above-stick-meta":"","header-main-stick-meta":"","header-below-stick-meta":"","astra-migrate-meta-layouts":"set","ast-page-background-enabled":"default","ast-page-background-meta":{"desktop":{"background-color":"var(--ast-global-color-4)","background-image":"","background-repeat":"repeat","background-position":"center center","background-size":"auto","background-attachment":"scroll","background-type":"","background-media":"","overlay-type":"","overlay-color":"","overlay-opacity":"","overlay-gradient":""},"tablet":{"background-color":"","background-image":"","background-repeat":"repeat","background-position":"center center","background-size":"auto","background-attachment":"scroll","background-type":"","background-media":"","overlay-type":"","overlay-color":"","overlay-opacity":"","overlay-gradient":""},"mobile":{"background-color":"","background-image":"","background-repeat":"repeat","background-position":"center center","background-size":"auto","background-attachment":"scroll","background-type":"","background-media":"","overlay-type":"","overlay-color":"","overlay-opacity":"","overlay-gradient":""}},"ast-content-background-meta":{"desktop":{"background-color":"var(--ast-global-color-5)","background-image":"","background-repeat":"repeat","background-position":"center center","background-size":"auto","background-attachment":"scroll","background-type":"","background-media":"","overlay-type":"","overlay-color":"","overlay-opacity":"","overlay-gradient":""},"tablet":{"background-color":"var(--ast-global-color-5)","background-image":"","background-repeat":"repeat","background-position":"center center","background-size":"auto","background-attachment":"scroll","background-type":"","background-media":"","overlay-type":"","overlay-color":"","overlay-opacity":"","overlay-gradient":""},"mobile":{"background-color":"var(--ast-global-color-5)","background-image":"","background-repeat":"repeat","background-position":"center center","background-size":"auto","background-attachment":"scroll","background-type":"","background-media":"","overlay-type":"","overlay-color":"","overlay-opacity":"","overlay-gradient":""}},"iawp_total_views":553},"product_brand":[],"product_cat":[42,38],"product_tag":[],"class_list":{"0":"post-1142","1":"product","2":"type-product","3":"status-publish","4":"has-post-thumbnail","6":"product_cat-krems","7":"product_cat-sejas-kopsana","8":"desktop-align-left","9":"tablet-align-left","10":"mobile-align-left","12":"first","13":"instock","14":"sale","15":"taxable","16":"shipping-taxable","17":"purchasable","18":"product-type-simple"},"yoast_head":"<!-- This site is optimized with the Yoast SEO plugin v26.0 - https:\/\/yoast.com\/wordpress\/plugins\/seo\/ -->\n<title>Mirdzumu atjaunojo\u0161s sejas kr\u0113ms \/ Face Cream Oxygen 100ml - Fitodroga dermokosm\u0113tika<\/title>\n<meta name=\"description\" content=\"Fitodroga Oxygen kr\u0113ms: atbalsta \u0101das \u0161\u016bnu ener\u0123iju ar REVITALIN, baro ar vasku kompleksu un rada iztur\u012bgu, komfortablu mitr\u0113jumu\" \/>\n<meta name=\"robots\" content=\"index, follow, max-snippet:-1, max-image-preview:large, max-video-preview:-1\" \/>\n<link rel=\"canonical\" href=\"https:\/\/www.fitodroga.com\/en\/product\/skabekli-bagatinats-sejas-krems-100-ml\/\" \/>\n<meta property=\"og:locale\" content=\"en_US\" \/>\n<meta property=\"og:type\" content=\"article\" \/>\n<meta property=\"og:title\" content=\"Mirdzumu atjaunojo\u0161s sejas kr\u0113ms \/ Face Cream Oxygen 100ml - Fitodroga dermokosm\u0113tika\" \/>\n<meta property=\"og:description\" content=\"Fitodroga Oxygen kr\u0113ms: atbalsta \u0101das \u0161\u016bnu ener\u0123iju ar REVITALIN, baro ar vasku kompleksu un rada iztur\u012bgu, komfortablu mitr\u0113jumu\" \/>\n<meta property=\"og:url\" content=\"https:\/\/www.fitodroga.com\/en\/product\/skabekli-bagatinats-sejas-krems-100-ml\/\" \/>\n<meta property=\"og:site_name\" content=\"Fitodroga dermokosm\u0113tika\" \/>\n<meta property=\"article:modified_time\" content=\"2026-02-05T08:11:18+00:00\" \/>\n<meta property=\"og:image\" content=\"https:\/\/www.fitodroga.com\/wp-content\/uploads\/2025\/04\/Fitodroga_FaceCreamOxygenBooster-1.jpg\" \/>\n\t<meta property=\"og:image:width\" content=\"1200\" \/>\n\t<meta property=\"og:image:height\" content=\"1500\" \/>\n\t<meta property=\"og:image:type\" content=\"image\/jpeg\" \/>\n<meta name=\"twitter:card\" content=\"summary_large_image\" \/>\n<meta name=\"twitter:label1\" content=\"Est. reading time\" \/>\n\t<meta name=\"twitter:data1\" content=\"2 minutes\" \/>\n<script type=\"application\/ld+json\" class=\"yoast-schema-graph\">{\"@context\":\"https:\/\/schema.org\",\"@graph\":[{\"@type\":\"WebPage\",\"@id\":\"https:\/\/www.fitodroga.com\/en\/product\/skabekli-bagatinats-sejas-krems-100-ml\/\",\"url\":\"https:\/\/www.fitodroga.com\/en\/product\/skabekli-bagatinats-sejas-krems-100-ml\/\",\"name\":\"Mirdzumu atjaunojo\u0161s sejas kr\u0113ms \/ Face Cream Oxygen 100ml - Fitodroga dermokosm\u0113tika\",\"isPartOf\":{\"@id\":\"https:\/\/fitodroga.lotos-pharma.com\/#website\"},\"primaryImageOfPage\":{\"@id\":\"https:\/\/www.fitodroga.com\/en\/product\/skabekli-bagatinats-sejas-krems-100-ml\/#primaryimage\"},\"image\":{\"@id\":\"https:\/\/www.fitodroga.com\/en\/product\/skabekli-bagatinats-sejas-krems-100-ml\/#primaryimage\"},\"thumbnailUrl\":\"https:\/\/www.fitodroga.com\/wp-content\/uploads\/2025\/04\/Fitodroga_FaceCreamOxygenBooster-1.jpg\",\"datePublished\":\"2025-04-16T13:08:20+00:00\",\"dateModified\":\"2026-02-05T08:11:18+00:00\",\"description\":\"Fitodroga Oxygen kr\u0113ms: atbalsta \u0101das \u0161\u016bnu ener\u0123iju ar REVITALIN, baro ar vasku kompleksu un rada iztur\u012bgu, komfortablu mitr\u0113jumu\",\"breadcrumb\":{\"@id\":\"https:\/\/www.fitodroga.com\/en\/product\/skabekli-bagatinats-sejas-krems-100-ml\/#breadcrumb\"},\"inLanguage\":\"en-US\",\"potentialAction\":[{\"@type\":\"ReadAction\",\"target\":[\"https:\/\/www.fitodroga.com\/en\/product\/skabekli-bagatinats-sejas-krems-100-ml\/\"]}]},{\"@type\":\"ImageObject\",\"inLanguage\":\"en-US\",\"@id\":\"https:\/\/www.fitodroga.com\/en\/product\/skabekli-bagatinats-sejas-krems-100-ml\/#primaryimage\",\"url\":\"https:\/\/www.fitodroga.com\/wp-content\/uploads\/2025\/04\/Fitodroga_FaceCreamOxygenBooster-1.jpg\",\"contentUrl\":\"https:\/\/www.fitodroga.com\/wp-content\/uploads\/2025\/04\/Fitodroga_FaceCreamOxygenBooster-1.jpg\",\"width\":1200,\"height\":1500},{\"@type\":\"BreadcrumbList\",\"@id\":\"https:\/\/www.fitodroga.com\/en\/product\/skabekli-bagatinats-sejas-krems-100-ml\/#breadcrumb\",\"itemListElement\":[{\"@type\":\"ListItem\",\"position\":1,\"name\":\"Home\",\"item\":\"https:\/\/www.fitodroga.com\/en\/\"},{\"@type\":\"ListItem\",\"position\":2,\"name\":\"VEIKALS\",\"item\":\"https:\/\/fitodroga.lotos-pharma.com\/shop-2\/\"},{\"@type\":\"ListItem\",\"position\":3,\"name\":\"FACE CREAM OXYGEN. Mirdzumu atjaunojo\u0161s sejas kr\u0113ms (100 ml)\"}]},{\"@type\":\"WebSite\",\"@id\":\"https:\/\/fitodroga.lotos-pharma.com\/#website\",\"url\":\"https:\/\/fitodroga.lotos-pharma.com\/\",\"name\":\"Fitodroga dermokosm\u0113tika\",\"description\":\"Natural Product - A New You\",\"publisher\":{\"@id\":\"https:\/\/fitodroga.lotos-pharma.com\/#organization\"},\"potentialAction\":[{\"@type\":\"SearchAction\",\"target\":{\"@type\":\"EntryPoint\",\"urlTemplate\":\"https:\/\/fitodroga.lotos-pharma.com\/?s={search_term_string}\"},\"query-input\":{\"@type\":\"PropertyValueSpecification\",\"valueRequired\":true,\"valueName\":\"search_term_string\"}}],\"inLanguage\":\"en-US\"},{\"@type\":\"Organization\",\"@id\":\"https:\/\/fitodroga.lotos-pharma.com\/#organization\",\"name\":\"Fitodroga dermokosm\u0113tika\",\"url\":\"https:\/\/fitodroga.lotos-pharma.com\/\",\"logo\":{\"@type\":\"ImageObject\",\"inLanguage\":\"en-US\",\"@id\":\"https:\/\/fitodroga.lotos-pharma.com\/#\/schema\/logo\/image\/\",\"url\":\"https:\/\/www.fitodroga.com\/wp-content\/uploads\/2025\/04\/cropped-Fitodroga_logo_text-scaled.png\",\"contentUrl\":\"https:\/\/www.fitodroga.com\/wp-content\/uploads\/2025\/04\/cropped-Fitodroga_logo_text-scaled.png\",\"width\":3334,\"height\":1111,\"caption\":\"Fitodroga dermokosm\u0113tika\"},\"image\":{\"@id\":\"https:\/\/fitodroga.lotos-pharma.com\/#\/schema\/logo\/image\/\"}}]}<\/script>\n<!-- \/ Yoast SEO plugin. -->","yoast_head_json":{"title":"Mirdzumu atjaunojo\u0161s sejas kr\u0113ms \/ Face Cream Oxygen 100ml - Fitodroga dermokosm\u0113tika","description":"Fitodroga Oxygen kr\u0113ms: atbalsta \u0101das \u0161\u016bnu ener\u0123iju ar REVITALIN, baro ar vasku kompleksu un rada iztur\u012bgu, komfortablu mitr\u0113jumu","robots":{"index":"index","follow":"follow","max-snippet":"max-snippet:-1","max-image-preview":"max-image-preview:large","max-video-preview":"max-video-preview:-1"},"canonical":"https:\/\/www.fitodroga.com\/en\/product\/skabekli-bagatinats-sejas-krems-100-ml\/","og_locale":"en_US","og_type":"article","og_title":"Mirdzumu atjaunojo\u0161s sejas kr\u0113ms \/ Face Cream Oxygen 100ml - Fitodroga dermokosm\u0113tika","og_description":"Fitodroga Oxygen kr\u0113ms: atbalsta \u0101das \u0161\u016bnu ener\u0123iju ar REVITALIN, baro ar vasku kompleksu un rada iztur\u012bgu, komfortablu mitr\u0113jumu","og_url":"https:\/\/www.fitodroga.com\/en\/product\/skabekli-bagatinats-sejas-krems-100-ml\/","og_site_name":"Fitodroga dermokosm\u0113tika","article_modified_time":"2026-02-05T08:11:18+00:00","og_image":[{"width":1200,"height":1500,"url":"https:\/\/www.fitodroga.com\/wp-content\/uploads\/2025\/04\/Fitodroga_FaceCreamOxygenBooster-1.jpg","type":"image\/jpeg"}],"twitter_card":"summary_large_image","twitter_misc":{"Est. reading time":"2 minutes"},"schema":{"@context":"https:\/\/schema.org","@graph":[{"@type":"WebPage","@id":"https:\/\/www.fitodroga.com\/en\/product\/skabekli-bagatinats-sejas-krems-100-ml\/","url":"https:\/\/www.fitodroga.com\/en\/product\/skabekli-bagatinats-sejas-krems-100-ml\/","name":"Mirdzumu atjaunojo\u0161s sejas kr\u0113ms \/ Face Cream Oxygen 100ml - Fitodroga dermokosm\u0113tika","isPartOf":{"@id":"https:\/\/fitodroga.lotos-pharma.com\/#website"},"primaryImageOfPage":{"@id":"https:\/\/www.fitodroga.com\/en\/product\/skabekli-bagatinats-sejas-krems-100-ml\/#primaryimage"},"image":{"@id":"https:\/\/www.fitodroga.com\/en\/product\/skabekli-bagatinats-sejas-krems-100-ml\/#primaryimage"},"thumbnailUrl":"https:\/\/www.fitodroga.com\/wp-content\/uploads\/2025\/04\/Fitodroga_FaceCreamOxygenBooster-1.jpg","datePublished":"2025-04-16T13:08:20+00:00","dateModified":"2026-02-05T08:11:18+00:00","description":"Fitodroga Oxygen kr\u0113ms: atbalsta \u0101das \u0161\u016bnu ener\u0123iju ar REVITALIN, baro ar vasku kompleksu un rada iztur\u012bgu, komfortablu mitr\u0113jumu","breadcrumb":{"@id":"https:\/\/www.fitodroga.com\/en\/product\/skabekli-bagatinats-sejas-krems-100-ml\/#breadcrumb"},"inLanguage":"en-US","potentialAction":[{"@type":"ReadAction","target":["https:\/\/www.fitodroga.com\/en\/product\/skabekli-bagatinats-sejas-krems-100-ml\/"]}]},{"@type":"ImageObject","inLanguage":"en-US","@id":"https:\/\/www.fitodroga.com\/en\/product\/skabekli-bagatinats-sejas-krems-100-ml\/#primaryimage","url":"https:\/\/www.fitodroga.com\/wp-content\/uploads\/2025\/04\/Fitodroga_FaceCreamOxygenBooster-1.jpg","contentUrl":"https:\/\/www.fitodroga.com\/wp-content\/uploads\/2025\/04\/Fitodroga_FaceCreamOxygenBooster-1.jpg","width":1200,"height":1500},{"@type":"BreadcrumbList","@id":"https:\/\/www.fitodroga.com\/en\/product\/skabekli-bagatinats-sejas-krems-100-ml\/#breadcrumb","itemListElement":[{"@type":"ListItem","position":1,"name":"Home","item":"https:\/\/www.fitodroga.com\/en\/"},{"@type":"ListItem","position":2,"name":"VEIKALS","item":"https:\/\/fitodroga.lotos-pharma.com\/shop-2\/"},{"@type":"ListItem","position":3,"name":"FACE CREAM OXYGEN. Mirdzumu atjaunojo\u0161s sejas kr\u0113ms (100 ml)"}]},{"@type":"WebSite","@id":"https:\/\/fitodroga.lotos-pharma.com\/#website","url":"https:\/\/fitodroga.lotos-pharma.com\/","name":"Fitodroga dermokosm\u0113tika","description":"Natural Product - A New You","publisher":{"@id":"https:\/\/fitodroga.lotos-pharma.com\/#organization"},"potentialAction":[{"@type":"SearchAction","target":{"@type":"EntryPoint","urlTemplate":"https:\/\/fitodroga.lotos-pharma.com\/?s={search_term_string}"},"query-input":{"@type":"PropertyValueSpecification","valueRequired":true,"valueName":"search_term_string"}}],"inLanguage":"en-US"},{"@type":"Organization","@id":"https:\/\/fitodroga.lotos-pharma.com\/#organization","name":"Fitodroga dermokosm\u0113tika","url":"https:\/\/fitodroga.lotos-pharma.com\/","logo":{"@type":"ImageObject","inLanguage":"en-US","@id":"https:\/\/fitodroga.lotos-pharma.com\/#\/schema\/logo\/image\/","url":"https:\/\/www.fitodroga.com\/wp-content\/uploads\/2025\/04\/cropped-Fitodroga_logo_text-scaled.png","contentUrl":"https:\/\/www.fitodroga.com\/wp-content\/uploads\/2025\/04\/cropped-Fitodroga_logo_text-scaled.png","width":3334,"height":1111,"caption":"Fitodroga dermokosm\u0113tika"},"image":{"@id":"https:\/\/fitodroga.lotos-pharma.com\/#\/schema\/logo\/image\/"}}]}},"_links":{"self":[{"href":"https:\/\/www.fitodroga.com\/en\/wp-json\/wp\/v2\/product\/1142","targetHints":{"allow":["GET"]}}],"collection":[{"href":"https:\/\/www.fitodroga.com\/en\/wp-json\/wp\/v2\/product"}],"about":[{"href":"https:\/\/www.fitodroga.com\/en\/wp-json\/wp\/v2\/types\/product"}],"wp:featuredmedia":[{"embeddable":true,"href":"https:\/\/www.fitodroga.com\/en\/wp-json\/wp\/v2\/media\/2026"}],"wp:attachment":[{"href":"https:\/\/www.fitodroga.com\/en\/wp-json\/wp\/v2\/media?parent=1142"}],"wp:term":[{"taxonomy":"product_brand","embeddable":true,"href":"https:\/\/www.fitodroga.com\/en\/wp-json\/wp\/v2\/product_brand?post=1142"},{"taxonomy":"product_cat","embeddable":true,"href":"https:\/\/www.fitodroga.com\/en\/wp-json\/wp\/v2\/product_cat?post=1142"},{"taxonomy":"product_tag","embeddable":true,"href":"https:\/\/www.fitodroga.com\/en\/wp-json\/wp\/v2\/product_tag?post=1142"}],"curies":[{"name":"wp","href":"https:\/\/api.w.org\/{rel}","templated":true}]}}