{"id":1157,"date":"2025-04-16T13:45:21","date_gmt":"2025-04-16T13:45:21","guid":{"rendered":"https:\/\/www.fitodroga.com\/?post_type=product&#038;p=1157"},"modified":"2026-02-05T08:03:22","modified_gmt":"2026-02-05T08:03:22","slug":"matu-augsanas-toniks-250ml","status":"publish","type":"product","link":"https:\/\/www.fitodroga.com\/en\/product\/matu-augsanas-toniks-250ml\/","title":{"rendered":"HAIR GROWTH TONIC. Toniks matu aug\u0161anas veicin\u0101\u0161anai 250 (ml)"},"content":{"rendered":"<div class=\"moze-justify\">\n<p>Formul\u0101 iek\u013cauta viela ar \u0101das mikrofloru stabiliz\u0113jo\u0161o iedarb\u012bbu. Nesatur matus sataukojo\u0161as vielas. Lieto\u0161anai matu sakn\u0113s ikdien\u0101. Ar\u012b smalkiem matiem. L\u012bdzeklis nav j\u0101izskalo.<\/p>\n<p>Viegla, gaisto\u0161a smar\u017ea, bez alerg\u0113niem. Piem\u0113rots gan sieviet\u0113m, gan v\u012brie\u0161iem.<\/p>\n<p>V\u0113rt\u012bg\u0101s sast\u0101vda\u013cas:<\/p>\n<ul>\n<li>B\u0113rzu lapu ekstrakts.<\/li>\n<li>N\u0101tru lapu ekstrakts.<\/li>\n<li>NIACINAM\u012aDS (B3 vitam\u012bns)<\/li>\n<li>augu komplekss PENTAVITIN<sup>\u00ae<\/sup> (akt\u012bv\u0101 viela- Saccharide Isomerate)<\/li>\n<\/ul>\n<p>Iedarb\u012bba:<\/p>\n<ul>\n<li>aktiviz\u0113 matu aug\u0161anu<\/li>\n<li>satur dzi\u013ci mitrino\u0161u vielu<\/li>\n<li>satur \u0101das mikrofloras stabiliz\u0113t\u0101ju<\/li>\n<li>spirtu nosaturo\u0161s.<\/li>\n<\/ul>\n<p>Lieto\u0161ana:<\/p>\n<p>Lieto\u0161anai matu sakn\u0113s. Past\u0101v\u012bgi (profilaktiski) vai kursa veid\u0101 (vismaz 2 m\u0113ne\u0161us). Svaigi izmazg\u0101tos, mitros matos. Iedoz\u0113t 1-2 devas, viegl\u0101m kust\u012bb\u0101m iemas\u0113t toniku galvas \u0101d\u0101. Nav j\u0101izskalo.<\/p>\n<\/div>\n<div><\/div>\n<div class=\"moze-justify\">\n<p><span style=\"font-size: 16px;\">Iepakojums.<\/span>Pild\u012bts p\u0101rstr\u0101d\u0101jam\u0101 iepakojum\u0101 ar dozatoru. Iepakojuma veids izsl\u0113dz produkta mikrobiolo\u0123isko pies\u0101r\u0146ojumu t\u0101 lieto\u0161anas laik\u0101 &#8211; produkts nesaskaras ar gaisu un mikroorganismiem.<\/p>\n<p>INCI saraksts:<\/p>\n<p>Aqua, Niacinamide, Urtica Dioica (Nettle) Leaf Extract, Betula Alba (Birch) Leaf Extract, Glycerin, Saccharide Isomerate, Pentilene Glycol, Sodium Citrate, Sodium Benzoate, Potassium Sorbate, Parfum, Citric Acid<\/p>\n<\/div>\n","protected":false},"excerpt":{"rendered":"<p>Matu aug\u0161anu aktiviz\u0113jo\u0161s matu toniks ar vitam\u012bniem bag\u0101tiem n\u0101tru, b\u0113rzu lapu ekstraktiem un B3 vitam\u012bnu.<\/p>\n<p>Sast\u0101v\u0101 eso\u0161o vielu kombin\u0101cija ir ar labv\u0113l\u012bgu ietekmi uz matu folikuliem.<\/p>\n<p>Augu komplekss PENTAVITIN<sup>\u00ae <\/sup>nodro\u0161ina dzi\u013cu galvas \u0101das mitrin\u0101\u0161anu.<\/p>\n","protected":false},"featured_media":2012,"template":"","meta":{"site-sidebar-layout":"default","site-content-layout":"","ast-site-content-layout":"default","site-content-style":"default","site-sidebar-style":"default","ast-global-header-display":"","ast-banner-title-visibility":"","ast-main-header-display":"","ast-hfb-above-header-display":"","ast-hfb-below-header-display":"","ast-hfb-mobile-header-display":"","site-post-title":"","ast-breadcrumbs-content":"","ast-featured-img":"","footer-sml-layout":"","theme-transparent-header-meta":"default","adv-header-id-meta":"","stick-header-meta":"","header-above-stick-meta":"","header-main-stick-meta":"","header-below-stick-meta":"","astra-migrate-meta-layouts":"set","ast-page-background-enabled":"default","ast-page-background-meta":{"desktop":{"background-color":"var(--ast-global-color-4)","background-image":"","background-repeat":"repeat","background-position":"center center","background-size":"auto","background-attachment":"scroll","background-type":"","background-media":"","overlay-type":"","overlay-color":"","overlay-opacity":"","overlay-gradient":""},"tablet":{"background-color":"","background-image":"","background-repeat":"repeat","background-position":"center center","background-size":"auto","background-attachment":"scroll","background-type":"","background-media":"","overlay-type":"","overlay-color":"","overlay-opacity":"","overlay-gradient":""},"mobile":{"background-color":"","background-image":"","background-repeat":"repeat","background-position":"center center","background-size":"auto","background-attachment":"scroll","background-type":"","background-media":"","overlay-type":"","overlay-color":"","overlay-opacity":"","overlay-gradient":""}},"ast-content-background-meta":{"desktop":{"background-color":"var(--ast-global-color-5)","background-image":"","background-repeat":"repeat","background-position":"center center","background-size":"auto","background-attachment":"scroll","background-type":"","background-media":"","overlay-type":"","overlay-color":"","overlay-opacity":"","overlay-gradient":""},"tablet":{"background-color":"var(--ast-global-color-5)","background-image":"","background-repeat":"repeat","background-position":"center center","background-size":"auto","background-attachment":"scroll","background-type":"","background-media":"","overlay-type":"","overlay-color":"","overlay-opacity":"","overlay-gradient":""},"mobile":{"background-color":"var(--ast-global-color-5)","background-image":"","background-repeat":"repeat","background-position":"center center","background-size":"auto","background-attachment":"scroll","background-type":"","background-media":"","overlay-type":"","overlay-color":"","overlay-opacity":"","overlay-gradient":""}},"iawp_total_views":969},"product_brand":[],"product_cat":[40],"product_tag":[],"class_list":{"0":"post-1157","1":"product","2":"type-product","3":"status-publish","4":"has-post-thumbnail","6":"product_cat-matu-kopsana","7":"desktop-align-left","8":"tablet-align-left","9":"mobile-align-left","11":"first","12":"instock","13":"sale","14":"taxable","15":"shipping-taxable","16":"purchasable","17":"product-type-simple"},"yoast_head":"<!-- This site is optimized with the Yoast SEO plugin v26.0 - https:\/\/yoast.com\/wordpress\/plugins\/seo\/ -->\n<title>Toniks Matu aug\u0161anai - Hair Growth Tonic \/ 250ml - Fitodroga dermokosm\u0113tika<\/title>\n<meta name=\"description\" content=\"Toniks matu aug\u0161anai ar B3 vitam\u012bnu, n\u0101tru un b\u0113rzu ekstraktiem \u2014 stimul\u0113 folikulus, mitrina galvas \u0101du un veicina matu bl\u012bvumu\" \/>\n<meta name=\"robots\" content=\"index, follow, max-snippet:-1, max-image-preview:large, max-video-preview:-1\" \/>\n<link rel=\"canonical\" href=\"https:\/\/www.fitodroga.com\/en\/product\/matu-augsanas-toniks-250ml\/\" \/>\n<meta property=\"og:locale\" content=\"en_US\" \/>\n<meta property=\"og:type\" content=\"article\" \/>\n<meta property=\"og:title\" content=\"Toniks Matu aug\u0161anai - Hair Growth Tonic \/ 250ml - Fitodroga dermokosm\u0113tika\" \/>\n<meta property=\"og:description\" content=\"Toniks matu aug\u0161anai ar B3 vitam\u012bnu, n\u0101tru un b\u0113rzu ekstraktiem \u2014 stimul\u0113 folikulus, mitrina galvas \u0101du un veicina matu bl\u012bvumu\" \/>\n<meta property=\"og:url\" content=\"https:\/\/www.fitodroga.com\/en\/product\/matu-augsanas-toniks-250ml\/\" \/>\n<meta property=\"og:site_name\" content=\"Fitodroga dermokosm\u0113tika\" \/>\n<meta property=\"article:modified_time\" content=\"2026-02-05T08:03:22+00:00\" \/>\n<meta property=\"og:image\" content=\"https:\/\/www.fitodroga.com\/wp-content\/uploads\/2025\/04\/jauns-Fitodroga_HairGrowthTonic.jpg\" \/>\n\t<meta property=\"og:image:width\" content=\"1200\" \/>\n\t<meta property=\"og:image:height\" content=\"1500\" \/>\n\t<meta property=\"og:image:type\" content=\"image\/jpeg\" \/>\n<meta name=\"twitter:card\" content=\"summary_large_image\" \/>\n<meta name=\"twitter:label1\" content=\"Est. reading time\" \/>\n\t<meta name=\"twitter:data1\" content=\"1 minute\" \/>\n<script type=\"application\/ld+json\" class=\"yoast-schema-graph\">{\"@context\":\"https:\/\/schema.org\",\"@graph\":[{\"@type\":\"WebPage\",\"@id\":\"https:\/\/www.fitodroga.com\/en\/product\/matu-augsanas-toniks-250ml\/\",\"url\":\"https:\/\/www.fitodroga.com\/en\/product\/matu-augsanas-toniks-250ml\/\",\"name\":\"Toniks Matu aug\u0161anai - Hair Growth Tonic \/ 250ml - Fitodroga dermokosm\u0113tika\",\"isPartOf\":{\"@id\":\"https:\/\/fitodroga.lotos-pharma.com\/#website\"},\"primaryImageOfPage\":{\"@id\":\"https:\/\/www.fitodroga.com\/en\/product\/matu-augsanas-toniks-250ml\/#primaryimage\"},\"image\":{\"@id\":\"https:\/\/www.fitodroga.com\/en\/product\/matu-augsanas-toniks-250ml\/#primaryimage\"},\"thumbnailUrl\":\"https:\/\/www.fitodroga.com\/wp-content\/uploads\/2025\/04\/jauns-Fitodroga_HairGrowthTonic.jpg\",\"datePublished\":\"2025-04-16T13:45:21+00:00\",\"dateModified\":\"2026-02-05T08:03:22+00:00\",\"description\":\"Toniks matu aug\u0161anai ar B3 vitam\u012bnu, n\u0101tru un b\u0113rzu ekstraktiem \u2014 stimul\u0113 folikulus, mitrina galvas \u0101du un veicina matu bl\u012bvumu\",\"breadcrumb\":{\"@id\":\"https:\/\/www.fitodroga.com\/en\/product\/matu-augsanas-toniks-250ml\/#breadcrumb\"},\"inLanguage\":\"en-US\",\"potentialAction\":[{\"@type\":\"ReadAction\",\"target\":[\"https:\/\/www.fitodroga.com\/en\/product\/matu-augsanas-toniks-250ml\/\"]}]},{\"@type\":\"ImageObject\",\"inLanguage\":\"en-US\",\"@id\":\"https:\/\/www.fitodroga.com\/en\/product\/matu-augsanas-toniks-250ml\/#primaryimage\",\"url\":\"https:\/\/www.fitodroga.com\/wp-content\/uploads\/2025\/04\/jauns-Fitodroga_HairGrowthTonic.jpg\",\"contentUrl\":\"https:\/\/www.fitodroga.com\/wp-content\/uploads\/2025\/04\/jauns-Fitodroga_HairGrowthTonic.jpg\",\"width\":1200,\"height\":1500},{\"@type\":\"BreadcrumbList\",\"@id\":\"https:\/\/www.fitodroga.com\/en\/product\/matu-augsanas-toniks-250ml\/#breadcrumb\",\"itemListElement\":[{\"@type\":\"ListItem\",\"position\":1,\"name\":\"Home\",\"item\":\"https:\/\/www.fitodroga.com\/en\/\"},{\"@type\":\"ListItem\",\"position\":2,\"name\":\"VEIKALS\",\"item\":\"https:\/\/fitodroga.lotos-pharma.com\/shop-2\/\"},{\"@type\":\"ListItem\",\"position\":3,\"name\":\"HAIR GROWTH TONIC. Toniks matu aug\u0161anas veicin\u0101\u0161anai 250 (ml)\"}]},{\"@type\":\"WebSite\",\"@id\":\"https:\/\/fitodroga.lotos-pharma.com\/#website\",\"url\":\"https:\/\/fitodroga.lotos-pharma.com\/\",\"name\":\"Fitodroga dermokosm\u0113tika\",\"description\":\"Natural Product - A New You\",\"publisher\":{\"@id\":\"https:\/\/fitodroga.lotos-pharma.com\/#organization\"},\"potentialAction\":[{\"@type\":\"SearchAction\",\"target\":{\"@type\":\"EntryPoint\",\"urlTemplate\":\"https:\/\/fitodroga.lotos-pharma.com\/?s={search_term_string}\"},\"query-input\":{\"@type\":\"PropertyValueSpecification\",\"valueRequired\":true,\"valueName\":\"search_term_string\"}}],\"inLanguage\":\"en-US\"},{\"@type\":\"Organization\",\"@id\":\"https:\/\/fitodroga.lotos-pharma.com\/#organization\",\"name\":\"Fitodroga dermokosm\u0113tika\",\"url\":\"https:\/\/fitodroga.lotos-pharma.com\/\",\"logo\":{\"@type\":\"ImageObject\",\"inLanguage\":\"en-US\",\"@id\":\"https:\/\/fitodroga.lotos-pharma.com\/#\/schema\/logo\/image\/\",\"url\":\"https:\/\/www.fitodroga.com\/wp-content\/uploads\/2025\/04\/cropped-Fitodroga_logo_text-scaled.png\",\"contentUrl\":\"https:\/\/www.fitodroga.com\/wp-content\/uploads\/2025\/04\/cropped-Fitodroga_logo_text-scaled.png\",\"width\":3334,\"height\":1111,\"caption\":\"Fitodroga dermokosm\u0113tika\"},\"image\":{\"@id\":\"https:\/\/fitodroga.lotos-pharma.com\/#\/schema\/logo\/image\/\"}}]}<\/script>\n<!-- \/ Yoast SEO plugin. -->","yoast_head_json":{"title":"Toniks Matu aug\u0161anai - Hair Growth Tonic \/ 250ml - Fitodroga dermokosm\u0113tika","description":"Toniks matu aug\u0161anai ar B3 vitam\u012bnu, n\u0101tru un b\u0113rzu ekstraktiem \u2014 stimul\u0113 folikulus, mitrina galvas \u0101du un veicina matu bl\u012bvumu","robots":{"index":"index","follow":"follow","max-snippet":"max-snippet:-1","max-image-preview":"max-image-preview:large","max-video-preview":"max-video-preview:-1"},"canonical":"https:\/\/www.fitodroga.com\/en\/product\/matu-augsanas-toniks-250ml\/","og_locale":"en_US","og_type":"article","og_title":"Toniks Matu aug\u0161anai - Hair Growth Tonic \/ 250ml - Fitodroga dermokosm\u0113tika","og_description":"Toniks matu aug\u0161anai ar B3 vitam\u012bnu, n\u0101tru un b\u0113rzu ekstraktiem \u2014 stimul\u0113 folikulus, mitrina galvas \u0101du un veicina matu bl\u012bvumu","og_url":"https:\/\/www.fitodroga.com\/en\/product\/matu-augsanas-toniks-250ml\/","og_site_name":"Fitodroga dermokosm\u0113tika","article_modified_time":"2026-02-05T08:03:22+00:00","og_image":[{"width":1200,"height":1500,"url":"https:\/\/www.fitodroga.com\/wp-content\/uploads\/2025\/04\/jauns-Fitodroga_HairGrowthTonic.jpg","type":"image\/jpeg"}],"twitter_card":"summary_large_image","twitter_misc":{"Est. reading time":"1 minute"},"schema":{"@context":"https:\/\/schema.org","@graph":[{"@type":"WebPage","@id":"https:\/\/www.fitodroga.com\/en\/product\/matu-augsanas-toniks-250ml\/","url":"https:\/\/www.fitodroga.com\/en\/product\/matu-augsanas-toniks-250ml\/","name":"Toniks Matu aug\u0161anai - Hair Growth Tonic \/ 250ml - Fitodroga dermokosm\u0113tika","isPartOf":{"@id":"https:\/\/fitodroga.lotos-pharma.com\/#website"},"primaryImageOfPage":{"@id":"https:\/\/www.fitodroga.com\/en\/product\/matu-augsanas-toniks-250ml\/#primaryimage"},"image":{"@id":"https:\/\/www.fitodroga.com\/en\/product\/matu-augsanas-toniks-250ml\/#primaryimage"},"thumbnailUrl":"https:\/\/www.fitodroga.com\/wp-content\/uploads\/2025\/04\/jauns-Fitodroga_HairGrowthTonic.jpg","datePublished":"2025-04-16T13:45:21+00:00","dateModified":"2026-02-05T08:03:22+00:00","description":"Toniks matu aug\u0161anai ar B3 vitam\u012bnu, n\u0101tru un b\u0113rzu ekstraktiem \u2014 stimul\u0113 folikulus, mitrina galvas \u0101du un veicina matu bl\u012bvumu","breadcrumb":{"@id":"https:\/\/www.fitodroga.com\/en\/product\/matu-augsanas-toniks-250ml\/#breadcrumb"},"inLanguage":"en-US","potentialAction":[{"@type":"ReadAction","target":["https:\/\/www.fitodroga.com\/en\/product\/matu-augsanas-toniks-250ml\/"]}]},{"@type":"ImageObject","inLanguage":"en-US","@id":"https:\/\/www.fitodroga.com\/en\/product\/matu-augsanas-toniks-250ml\/#primaryimage","url":"https:\/\/www.fitodroga.com\/wp-content\/uploads\/2025\/04\/jauns-Fitodroga_HairGrowthTonic.jpg","contentUrl":"https:\/\/www.fitodroga.com\/wp-content\/uploads\/2025\/04\/jauns-Fitodroga_HairGrowthTonic.jpg","width":1200,"height":1500},{"@type":"BreadcrumbList","@id":"https:\/\/www.fitodroga.com\/en\/product\/matu-augsanas-toniks-250ml\/#breadcrumb","itemListElement":[{"@type":"ListItem","position":1,"name":"Home","item":"https:\/\/www.fitodroga.com\/en\/"},{"@type":"ListItem","position":2,"name":"VEIKALS","item":"https:\/\/fitodroga.lotos-pharma.com\/shop-2\/"},{"@type":"ListItem","position":3,"name":"HAIR GROWTH TONIC. Toniks matu aug\u0161anas veicin\u0101\u0161anai 250 (ml)"}]},{"@type":"WebSite","@id":"https:\/\/fitodroga.lotos-pharma.com\/#website","url":"https:\/\/fitodroga.lotos-pharma.com\/","name":"Fitodroga dermokosm\u0113tika","description":"Natural Product - A New You","publisher":{"@id":"https:\/\/fitodroga.lotos-pharma.com\/#organization"},"potentialAction":[{"@type":"SearchAction","target":{"@type":"EntryPoint","urlTemplate":"https:\/\/fitodroga.lotos-pharma.com\/?s={search_term_string}"},"query-input":{"@type":"PropertyValueSpecification","valueRequired":true,"valueName":"search_term_string"}}],"inLanguage":"en-US"},{"@type":"Organization","@id":"https:\/\/fitodroga.lotos-pharma.com\/#organization","name":"Fitodroga dermokosm\u0113tika","url":"https:\/\/fitodroga.lotos-pharma.com\/","logo":{"@type":"ImageObject","inLanguage":"en-US","@id":"https:\/\/fitodroga.lotos-pharma.com\/#\/schema\/logo\/image\/","url":"https:\/\/www.fitodroga.com\/wp-content\/uploads\/2025\/04\/cropped-Fitodroga_logo_text-scaled.png","contentUrl":"https:\/\/www.fitodroga.com\/wp-content\/uploads\/2025\/04\/cropped-Fitodroga_logo_text-scaled.png","width":3334,"height":1111,"caption":"Fitodroga dermokosm\u0113tika"},"image":{"@id":"https:\/\/fitodroga.lotos-pharma.com\/#\/schema\/logo\/image\/"}}]}},"_links":{"self":[{"href":"https:\/\/www.fitodroga.com\/en\/wp-json\/wp\/v2\/product\/1157","targetHints":{"allow":["GET"]}}],"collection":[{"href":"https:\/\/www.fitodroga.com\/en\/wp-json\/wp\/v2\/product"}],"about":[{"href":"https:\/\/www.fitodroga.com\/en\/wp-json\/wp\/v2\/types\/product"}],"wp:featuredmedia":[{"embeddable":true,"href":"https:\/\/www.fitodroga.com\/en\/wp-json\/wp\/v2\/media\/2012"}],"wp:attachment":[{"href":"https:\/\/www.fitodroga.com\/en\/wp-json\/wp\/v2\/media?parent=1157"}],"wp:term":[{"taxonomy":"product_brand","embeddable":true,"href":"https:\/\/www.fitodroga.com\/en\/wp-json\/wp\/v2\/product_brand?post=1157"},{"taxonomy":"product_cat","embeddable":true,"href":"https:\/\/www.fitodroga.com\/en\/wp-json\/wp\/v2\/product_cat?post=1157"},{"taxonomy":"product_tag","embeddable":true,"href":"https:\/\/www.fitodroga.com\/en\/wp-json\/wp\/v2\/product_tag?post=1157"}],"curies":[{"name":"wp","href":"https:\/\/api.w.org\/{rel}","templated":true}]}}