{"id":1165,"date":"2025-04-16T13:50:51","date_gmt":"2025-04-16T13:50:51","guid":{"rendered":"https:\/\/www.fitodroga.com\/?post_type=product&#038;p=1165"},"modified":"2026-02-05T08:01:41","modified_gmt":"2026-02-05T08:01:41","slug":"mitrinoss-dienas-roku-krems-50ml","status":"publish","type":"product","link":"https:\/\/www.fitodroga.com\/en\/product\/mitrinoss-dienas-roku-krems-50ml\/","title":{"rendered":"HAND CREAM DAY. DEEP MOISTURE. Mitrino\u0161s dienas roku kr\u0113ms (50 ml)"},"content":{"rendered":"<p>Roku kr\u0113ms dienas &#8211; viegli un \u0101tri ies\u016bcas, neatst\u0101j lip\u012bgu saj\u016btu.<\/p>\n<ul>\n<li>Neitr\u0101la, gaisto\u0161a smar\u017ea bez alerg\u0113niem.<\/li>\n<li>Dermatolo\u0123iski test\u0113ts.<\/li>\n<li>Ar\u012b jut\u012bgai \u0101dai.<\/li>\n<\/ul>\n<p>V\u0113rt\u012bg\u0101s sast\u0101vda\u013cas:<\/p>\n<ul>\n<li>augu komplekss PENTAVITIN<sup>\u00ae<\/sup> (akt\u012bv\u0101 viela- Saccharide Isomerate)<\/li>\n<li>patent\u0113ts augu vasku komplekss<\/li>\n<li>ol\u012bvu skval\u0101ns<\/li>\n<li>shea sviets<\/li>\n<\/ul>\n<p>Iedarb\u012bba:<\/p>\n<ul>\n<li>baro un nomierina kairin\u0101tu \u0101du<\/li>\n<li>atbalsta \u0101das dab\u012bgo aizsargbarjeru<\/li>\n<li>nodro\u0161ina dzi\u013cu ilgtermi\u0146a \u0101das mitrin\u0101\u0161anu<\/li>\n<\/ul>\n<p>Lieto\u0161ana:<\/p>\n<p>Uzkl\u0101j uz t\u012bras roku \u0101das p\u0113c nepiecie\u0161am\u012bbas. Ikdienas lieto\u0161anai.<\/p>\n<p>Iepakojums.<\/p>\n<p>Kr\u0113ms pild\u012bts p\u0101rstr\u0101d\u0101jam\u0101 vakuuma (air-less) iepakojum\u0101. Tas izsl\u0113dz produkta mikrobiolo\u0123isko pies\u0101r\u0146ojumu t\u0101 lieto\u0161anas laik\u0101 &#8211; produkts nesaskaras ar gaisu un mikroorganismiem.<\/p>\n<p>INCI saraksts:<\/p>\n<p>Aqua, Cetearyl Alcohol *, Isoamyl Laurate <sup>*<\/sup>, Glycerin, Glyceryl Stearate Citrate*, Caprylic\/Capric Triglyceride*, Butyrospermum Parkii (Shea) Butter*, Saccharide Isomerate*, Squalane, Glyceryl Caprylate*, Tocopheryl Acetate, Butyrospermum Parkii (Shea) Butter Extract*, Argania Spinosa Kernel Oil*, Spent Grain Wax* , Phenoxyethanol, Parfum, Caprylyl Glycol, Sodium Polyacrylate, Ethylhexylglycerin, Xanthan Gum*, Tocopherol, Sodium Citrate, Citric Acid<\/p>\n<p><em>* COSMOS, Ecocert certified raw materials<\/em><\/p>\n","protected":false},"excerpt":{"rendered":"<p>Dzi\u013ci mitrino\u0161s, kopjo\u0161s roku kr\u0113ms ar dab\u012bgo ol\u012bvu skval\u0101nu un shea sviestu.<\/p>\n<p>Sast\u0101v\u0101 patent\u0113ts augu vasku komplekss, kas baro un nomierina kairin\u0101tu \u0101du.<\/p>\n<p>Formula satur augu kompleksu PENTAVITIN<sup>\u00ae <\/sup>dzi\u013cai ilgtermi\u0146a \u0101das mitrin\u0101\u0161anai.<\/p>\n","protected":false},"featured_media":2006,"template":"","meta":{"site-sidebar-layout":"default","site-content-layout":"","ast-site-content-layout":"default","site-content-style":"default","site-sidebar-style":"default","ast-global-header-display":"","ast-banner-title-visibility":"","ast-main-header-display":"","ast-hfb-above-header-display":"","ast-hfb-below-header-display":"","ast-hfb-mobile-header-display":"","site-post-title":"","ast-breadcrumbs-content":"","ast-featured-img":"","footer-sml-layout":"","theme-transparent-header-meta":"default","adv-header-id-meta":"","stick-header-meta":"","header-above-stick-meta":"","header-main-stick-meta":"","header-below-stick-meta":"","astra-migrate-meta-layouts":"set","ast-page-background-enabled":"default","ast-page-background-meta":{"desktop":{"background-color":"var(--ast-global-color-4)","background-image":"","background-repeat":"repeat","background-position":"center center","background-size":"auto","background-attachment":"scroll","background-type":"","background-media":"","overlay-type":"","overlay-color":"","overlay-opacity":"","overlay-gradient":""},"tablet":{"background-color":"","background-image":"","background-repeat":"repeat","background-position":"center center","background-size":"auto","background-attachment":"scroll","background-type":"","background-media":"","overlay-type":"","overlay-color":"","overlay-opacity":"","overlay-gradient":""},"mobile":{"background-color":"","background-image":"","background-repeat":"repeat","background-position":"center center","background-size":"auto","background-attachment":"scroll","background-type":"","background-media":"","overlay-type":"","overlay-color":"","overlay-opacity":"","overlay-gradient":""}},"ast-content-background-meta":{"desktop":{"background-color":"var(--ast-global-color-5)","background-image":"","background-repeat":"repeat","background-position":"center center","background-size":"auto","background-attachment":"scroll","background-type":"","background-media":"","overlay-type":"","overlay-color":"","overlay-opacity":"","overlay-gradient":""},"tablet":{"background-color":"var(--ast-global-color-5)","background-image":"","background-repeat":"repeat","background-position":"center center","background-size":"auto","background-attachment":"scroll","background-type":"","background-media":"","overlay-type":"","overlay-color":"","overlay-opacity":"","overlay-gradient":""},"mobile":{"background-color":"var(--ast-global-color-5)","background-image":"","background-repeat":"repeat","background-position":"center center","background-size":"auto","background-attachment":"scroll","background-type":"","background-media":"","overlay-type":"","overlay-color":"","overlay-opacity":"","overlay-gradient":""}},"iawp_total_views":442},"product_brand":[],"product_cat":[39,41],"product_tag":[],"class_list":{"0":"post-1165","1":"product","2":"type-product","3":"status-publish","4":"has-post-thumbnail","6":"product_cat-kermena-kopsana","7":"product_cat-roku-kopsana","8":"desktop-align-left","9":"tablet-align-left","10":"mobile-align-left","12":"first","13":"instock","14":"sale","15":"taxable","16":"shipping-taxable","17":"purchasable","18":"product-type-simple"},"yoast_head":"<!-- This site is optimized with the Yoast SEO plugin v26.0 - https:\/\/yoast.com\/wordpress\/plugins\/seo\/ -->\n<title>Mitrino\u0161s dienas roku kr\u0113ms - Fitodroga dermokosm\u0113tika<\/title>\n<meta name=\"description\" content=\"Day Cream Deep Moisture \u2013 z\u012bdaina tekst\u016bra, kas \u0101tri ies\u016bcas, baro ar augiem akt\u012bvo vasku kompleksu, piem\u0113rots jut\u012bgai \u0101dai\" \/>\n<meta name=\"robots\" content=\"index, follow, max-snippet:-1, max-image-preview:large, max-video-preview:-1\" \/>\n<link rel=\"canonical\" href=\"https:\/\/www.fitodroga.com\/en\/product\/mitrinoss-dienas-roku-krems-50ml\/\" \/>\n<meta property=\"og:locale\" content=\"en_US\" \/>\n<meta property=\"og:type\" content=\"article\" \/>\n<meta property=\"og:title\" content=\"Mitrino\u0161s dienas roku kr\u0113ms - Fitodroga dermokosm\u0113tika\" \/>\n<meta property=\"og:description\" content=\"Day Cream Deep Moisture \u2013 z\u012bdaina tekst\u016bra, kas \u0101tri ies\u016bcas, baro ar augiem akt\u012bvo vasku kompleksu, piem\u0113rots jut\u012bgai \u0101dai\" \/>\n<meta property=\"og:url\" content=\"https:\/\/www.fitodroga.com\/en\/product\/mitrinoss-dienas-roku-krems-50ml\/\" \/>\n<meta property=\"og:site_name\" content=\"Fitodroga dermokosm\u0113tika\" \/>\n<meta property=\"article:modified_time\" content=\"2026-02-05T08:01:41+00:00\" \/>\n<meta property=\"og:image\" content=\"https:\/\/www.fitodroga.com\/wp-content\/uploads\/2025\/04\/jauns-Fitodroga_HandCreamDay.jpg\" \/>\n\t<meta property=\"og:image:width\" content=\"1200\" \/>\n\t<meta property=\"og:image:height\" content=\"1500\" \/>\n\t<meta property=\"og:image:type\" content=\"image\/jpeg\" \/>\n<meta name=\"twitter:card\" content=\"summary_large_image\" \/>\n<meta name=\"twitter:label1\" content=\"Est. reading time\" \/>\n\t<meta name=\"twitter:data1\" content=\"1 minute\" \/>\n<script type=\"application\/ld+json\" class=\"yoast-schema-graph\">{\"@context\":\"https:\/\/schema.org\",\"@graph\":[{\"@type\":\"WebPage\",\"@id\":\"https:\/\/www.fitodroga.com\/en\/product\/mitrinoss-dienas-roku-krems-50ml\/\",\"url\":\"https:\/\/www.fitodroga.com\/en\/product\/mitrinoss-dienas-roku-krems-50ml\/\",\"name\":\"Mitrino\u0161s dienas roku kr\u0113ms - Fitodroga dermokosm\u0113tika\",\"isPartOf\":{\"@id\":\"https:\/\/fitodroga.lotos-pharma.com\/#website\"},\"primaryImageOfPage\":{\"@id\":\"https:\/\/www.fitodroga.com\/en\/product\/mitrinoss-dienas-roku-krems-50ml\/#primaryimage\"},\"image\":{\"@id\":\"https:\/\/www.fitodroga.com\/en\/product\/mitrinoss-dienas-roku-krems-50ml\/#primaryimage\"},\"thumbnailUrl\":\"https:\/\/www.fitodroga.com\/wp-content\/uploads\/2025\/04\/jauns-Fitodroga_HandCreamDay.jpg\",\"datePublished\":\"2025-04-16T13:50:51+00:00\",\"dateModified\":\"2026-02-05T08:01:41+00:00\",\"description\":\"Day Cream Deep Moisture \u2013 z\u012bdaina tekst\u016bra, kas \u0101tri ies\u016bcas, baro ar augiem akt\u012bvo vasku kompleksu, piem\u0113rots jut\u012bgai \u0101dai\",\"breadcrumb\":{\"@id\":\"https:\/\/www.fitodroga.com\/en\/product\/mitrinoss-dienas-roku-krems-50ml\/#breadcrumb\"},\"inLanguage\":\"en-US\",\"potentialAction\":[{\"@type\":\"ReadAction\",\"target\":[\"https:\/\/www.fitodroga.com\/en\/product\/mitrinoss-dienas-roku-krems-50ml\/\"]}]},{\"@type\":\"ImageObject\",\"inLanguage\":\"en-US\",\"@id\":\"https:\/\/www.fitodroga.com\/en\/product\/mitrinoss-dienas-roku-krems-50ml\/#primaryimage\",\"url\":\"https:\/\/www.fitodroga.com\/wp-content\/uploads\/2025\/04\/jauns-Fitodroga_HandCreamDay.jpg\",\"contentUrl\":\"https:\/\/www.fitodroga.com\/wp-content\/uploads\/2025\/04\/jauns-Fitodroga_HandCreamDay.jpg\",\"width\":1200,\"height\":1500,\"caption\":\"dienas roku kr\u0113ms\"},{\"@type\":\"BreadcrumbList\",\"@id\":\"https:\/\/www.fitodroga.com\/en\/product\/mitrinoss-dienas-roku-krems-50ml\/#breadcrumb\",\"itemListElement\":[{\"@type\":\"ListItem\",\"position\":1,\"name\":\"Home\",\"item\":\"https:\/\/www.fitodroga.com\/en\/\"},{\"@type\":\"ListItem\",\"position\":2,\"name\":\"VEIKALS\",\"item\":\"https:\/\/fitodroga.lotos-pharma.com\/shop-2\/\"},{\"@type\":\"ListItem\",\"position\":3,\"name\":\"HAND CREAM DAY. DEEP MOISTURE. Mitrino\u0161s dienas roku kr\u0113ms (50 ml)\"}]},{\"@type\":\"WebSite\",\"@id\":\"https:\/\/fitodroga.lotos-pharma.com\/#website\",\"url\":\"https:\/\/fitodroga.lotos-pharma.com\/\",\"name\":\"Fitodroga dermokosm\u0113tika\",\"description\":\"Natural Product - A New You\",\"publisher\":{\"@id\":\"https:\/\/fitodroga.lotos-pharma.com\/#organization\"},\"potentialAction\":[{\"@type\":\"SearchAction\",\"target\":{\"@type\":\"EntryPoint\",\"urlTemplate\":\"https:\/\/fitodroga.lotos-pharma.com\/?s={search_term_string}\"},\"query-input\":{\"@type\":\"PropertyValueSpecification\",\"valueRequired\":true,\"valueName\":\"search_term_string\"}}],\"inLanguage\":\"en-US\"},{\"@type\":\"Organization\",\"@id\":\"https:\/\/fitodroga.lotos-pharma.com\/#organization\",\"name\":\"Fitodroga dermokosm\u0113tika\",\"url\":\"https:\/\/fitodroga.lotos-pharma.com\/\",\"logo\":{\"@type\":\"ImageObject\",\"inLanguage\":\"en-US\",\"@id\":\"https:\/\/fitodroga.lotos-pharma.com\/#\/schema\/logo\/image\/\",\"url\":\"https:\/\/www.fitodroga.com\/wp-content\/uploads\/2025\/04\/cropped-Fitodroga_logo_text-scaled.png\",\"contentUrl\":\"https:\/\/www.fitodroga.com\/wp-content\/uploads\/2025\/04\/cropped-Fitodroga_logo_text-scaled.png\",\"width\":3334,\"height\":1111,\"caption\":\"Fitodroga dermokosm\u0113tika\"},\"image\":{\"@id\":\"https:\/\/fitodroga.lotos-pharma.com\/#\/schema\/logo\/image\/\"}}]}<\/script>\n<!-- \/ Yoast SEO plugin. -->","yoast_head_json":{"title":"Mitrino\u0161s dienas roku kr\u0113ms - Fitodroga dermokosm\u0113tika","description":"Day Cream Deep Moisture \u2013 z\u012bdaina tekst\u016bra, kas \u0101tri ies\u016bcas, baro ar augiem akt\u012bvo vasku kompleksu, piem\u0113rots jut\u012bgai \u0101dai","robots":{"index":"index","follow":"follow","max-snippet":"max-snippet:-1","max-image-preview":"max-image-preview:large","max-video-preview":"max-video-preview:-1"},"canonical":"https:\/\/www.fitodroga.com\/en\/product\/mitrinoss-dienas-roku-krems-50ml\/","og_locale":"en_US","og_type":"article","og_title":"Mitrino\u0161s dienas roku kr\u0113ms - Fitodroga dermokosm\u0113tika","og_description":"Day Cream Deep Moisture \u2013 z\u012bdaina tekst\u016bra, kas \u0101tri ies\u016bcas, baro ar augiem akt\u012bvo vasku kompleksu, piem\u0113rots jut\u012bgai \u0101dai","og_url":"https:\/\/www.fitodroga.com\/en\/product\/mitrinoss-dienas-roku-krems-50ml\/","og_site_name":"Fitodroga dermokosm\u0113tika","article_modified_time":"2026-02-05T08:01:41+00:00","og_image":[{"width":1200,"height":1500,"url":"https:\/\/www.fitodroga.com\/wp-content\/uploads\/2025\/04\/jauns-Fitodroga_HandCreamDay.jpg","type":"image\/jpeg"}],"twitter_card":"summary_large_image","twitter_misc":{"Est. reading time":"1 minute"},"schema":{"@context":"https:\/\/schema.org","@graph":[{"@type":"WebPage","@id":"https:\/\/www.fitodroga.com\/en\/product\/mitrinoss-dienas-roku-krems-50ml\/","url":"https:\/\/www.fitodroga.com\/en\/product\/mitrinoss-dienas-roku-krems-50ml\/","name":"Mitrino\u0161s dienas roku kr\u0113ms - Fitodroga dermokosm\u0113tika","isPartOf":{"@id":"https:\/\/fitodroga.lotos-pharma.com\/#website"},"primaryImageOfPage":{"@id":"https:\/\/www.fitodroga.com\/en\/product\/mitrinoss-dienas-roku-krems-50ml\/#primaryimage"},"image":{"@id":"https:\/\/www.fitodroga.com\/en\/product\/mitrinoss-dienas-roku-krems-50ml\/#primaryimage"},"thumbnailUrl":"https:\/\/www.fitodroga.com\/wp-content\/uploads\/2025\/04\/jauns-Fitodroga_HandCreamDay.jpg","datePublished":"2025-04-16T13:50:51+00:00","dateModified":"2026-02-05T08:01:41+00:00","description":"Day Cream Deep Moisture \u2013 z\u012bdaina tekst\u016bra, kas \u0101tri ies\u016bcas, baro ar augiem akt\u012bvo vasku kompleksu, piem\u0113rots jut\u012bgai \u0101dai","breadcrumb":{"@id":"https:\/\/www.fitodroga.com\/en\/product\/mitrinoss-dienas-roku-krems-50ml\/#breadcrumb"},"inLanguage":"en-US","potentialAction":[{"@type":"ReadAction","target":["https:\/\/www.fitodroga.com\/en\/product\/mitrinoss-dienas-roku-krems-50ml\/"]}]},{"@type":"ImageObject","inLanguage":"en-US","@id":"https:\/\/www.fitodroga.com\/en\/product\/mitrinoss-dienas-roku-krems-50ml\/#primaryimage","url":"https:\/\/www.fitodroga.com\/wp-content\/uploads\/2025\/04\/jauns-Fitodroga_HandCreamDay.jpg","contentUrl":"https:\/\/www.fitodroga.com\/wp-content\/uploads\/2025\/04\/jauns-Fitodroga_HandCreamDay.jpg","width":1200,"height":1500,"caption":"dienas roku kr\u0113ms"},{"@type":"BreadcrumbList","@id":"https:\/\/www.fitodroga.com\/en\/product\/mitrinoss-dienas-roku-krems-50ml\/#breadcrumb","itemListElement":[{"@type":"ListItem","position":1,"name":"Home","item":"https:\/\/www.fitodroga.com\/en\/"},{"@type":"ListItem","position":2,"name":"VEIKALS","item":"https:\/\/fitodroga.lotos-pharma.com\/shop-2\/"},{"@type":"ListItem","position":3,"name":"HAND CREAM DAY. DEEP MOISTURE. Mitrino\u0161s dienas roku kr\u0113ms (50 ml)"}]},{"@type":"WebSite","@id":"https:\/\/fitodroga.lotos-pharma.com\/#website","url":"https:\/\/fitodroga.lotos-pharma.com\/","name":"Fitodroga dermokosm\u0113tika","description":"Natural Product - A New You","publisher":{"@id":"https:\/\/fitodroga.lotos-pharma.com\/#organization"},"potentialAction":[{"@type":"SearchAction","target":{"@type":"EntryPoint","urlTemplate":"https:\/\/fitodroga.lotos-pharma.com\/?s={search_term_string}"},"query-input":{"@type":"PropertyValueSpecification","valueRequired":true,"valueName":"search_term_string"}}],"inLanguage":"en-US"},{"@type":"Organization","@id":"https:\/\/fitodroga.lotos-pharma.com\/#organization","name":"Fitodroga dermokosm\u0113tika","url":"https:\/\/fitodroga.lotos-pharma.com\/","logo":{"@type":"ImageObject","inLanguage":"en-US","@id":"https:\/\/fitodroga.lotos-pharma.com\/#\/schema\/logo\/image\/","url":"https:\/\/www.fitodroga.com\/wp-content\/uploads\/2025\/04\/cropped-Fitodroga_logo_text-scaled.png","contentUrl":"https:\/\/www.fitodroga.com\/wp-content\/uploads\/2025\/04\/cropped-Fitodroga_logo_text-scaled.png","width":3334,"height":1111,"caption":"Fitodroga dermokosm\u0113tika"},"image":{"@id":"https:\/\/fitodroga.lotos-pharma.com\/#\/schema\/logo\/image\/"}}]}},"_links":{"self":[{"href":"https:\/\/www.fitodroga.com\/en\/wp-json\/wp\/v2\/product\/1165","targetHints":{"allow":["GET"]}}],"collection":[{"href":"https:\/\/www.fitodroga.com\/en\/wp-json\/wp\/v2\/product"}],"about":[{"href":"https:\/\/www.fitodroga.com\/en\/wp-json\/wp\/v2\/types\/product"}],"wp:featuredmedia":[{"embeddable":true,"href":"https:\/\/www.fitodroga.com\/en\/wp-json\/wp\/v2\/media\/2006"}],"wp:attachment":[{"href":"https:\/\/www.fitodroga.com\/en\/wp-json\/wp\/v2\/media?parent=1165"}],"wp:term":[{"taxonomy":"product_brand","embeddable":true,"href":"https:\/\/www.fitodroga.com\/en\/wp-json\/wp\/v2\/product_brand?post=1165"},{"taxonomy":"product_cat","embeddable":true,"href":"https:\/\/www.fitodroga.com\/en\/wp-json\/wp\/v2\/product_cat?post=1165"},{"taxonomy":"product_tag","embeddable":true,"href":"https:\/\/www.fitodroga.com\/en\/wp-json\/wp\/v2\/product_tag?post=1165"}],"curies":[{"name":"wp","href":"https:\/\/api.w.org\/{rel}","templated":true}]}}