{"id":1171,"date":"2025-04-16T13:57:40","date_gmt":"2025-04-16T13:57:40","guid":{"rendered":"https:\/\/www.fitodroga.com\/?post_type=product&#038;p=1171"},"modified":"2026-02-10T08:35:11","modified_gmt":"2026-02-10T08:35:11","slug":"sejas-serums-vitamina-b3-30ml","status":"publish","type":"product","link":"https:\/\/www.fitodroga.com\/en\/product\/sejas-serums-vitamina-b3-30ml\/","title":{"rendered":"Vitam\u012bna B3 Sejas serums, starojo\u0161ai \u0101dai &#8211; 4 % Niacinam\u012bds (30 ml)"},"content":{"rendered":"<p>Viegls gelveida produkts ar vieglu arom\u0101tu bez alerg\u0113niem.<\/p>\n<p>Dermatolo\u0123iski test\u0113ts.<\/p>\n<p>Visiem \u0101das tipiem. Ar\u012b jut\u012bgai \u0101dai.<\/p>\n<p>Piem\u0113rots no 20+<\/p>\n<p>V\u0113rt\u012bg\u0101s sast\u0101vda\u013cas:<\/p>\n<ul>\n<li>Niacinamide (jeb B3 vitam\u012bns) 4%<\/li>\n<li>b\u0113rza meln\u0101s piepes (\u010cagas) ekstrakts<\/li>\n<\/ul>\n<p>Iedarb\u012bba:<\/p>\n<ul>\n<li>regul\u0113 tauku dziedzeru darb\u012bbu<\/li>\n<li>risina \u0101das tekst\u016bras probl\u0113mas<\/li>\n<li>izl\u012bdzina aknes r\u0113tas un s\u012bk\u0101s m\u012bmikas l\u012bnijas<\/li>\n<li>atjauno \u0101das starojumu<\/li>\n<\/ul>\n<p>Lieto\u0161ana:<\/p>\n<p>Uzkl\u0101j vakaros, uz att\u012br\u012btas \u0101das, pirms sejas kr\u0113ma uzkl\u0101\u0161anas. Lieto kursa veid\u0101 2 reizes gad\u0101 \u2013 viens iepakojums \/ viens kurss.<\/p>\n<p>Ieteicam\u0101 ikdienas lieto\u0161anas sec\u012bba:<\/p>\n<ol>\n<li>Att\u012br\u012b\u0161ana; 2. Toniz\u0113\u0161ana; 3. <strong>Serums<\/strong>; 4. Acu kr\u0113ms un Sejas kr\u0113ms<\/li>\n<\/ol>\n<p>Vielu siner\u0123isk\u0101s iedarb\u012bbas nodro\u0161in\u0101\u0161anai ieteicams lietot kop\u0101 ar citiem FITODROGA produktiem.<\/p>\n<p>Iepakojums.<\/p>\n<p>Serums pild\u012bts p\u0101rstr\u0101d\u0101jam\u0101 vakuuma (air-less) iepakojum\u0101. Tas izsl\u0113dz produkta mikrobiolo\u0123isko pies\u0101r\u0146ojumu t\u0101 lieto\u0161anas laik\u0101 &#8211; produkts nesaskaras ar gaisu un mikroorganismiem.<\/p>\n<p>INCI saraksts:<\/p>\n<p>Aqua, Glycerin, Niacinamide, Inonotus Obliquus (Mushroom) Extract, Glucomannan, Parfum, Sodium Benzoate, Potassium Sorbate, Citric Acid.<\/p>\n","protected":false},"excerpt":{"rendered":"<p>Papildus atbalsts \u0101dai &#8211; serums sejai, kas uzlabo sejas \u0101das toni un strukt\u016bru, regul\u0113 tauku dziedzeru darb\u012bbu, samazina poras.<\/p>\n<p>Serums satur m\u0113r\u0137a akt\u012bvo vielu Niacinamide (jeb B3 vitam\u012bnu) augst\u0101 4 % koncentr\u0101cij\u0101, vienlaic\u012bgi dro\u0161\u0101, lieto\u0161anai m\u0101jas apst\u0101k\u013cos.<\/p>\n<p>Sast\u0101v\u0101 ar\u012b b\u0113rza meln\u0101s piepes (\u010cagas) ekstrakts.<\/p>\n","protected":false},"featured_media":2000,"template":"","meta":{"site-sidebar-layout":"default","site-content-layout":"","ast-site-content-layout":"default","site-content-style":"default","site-sidebar-style":"default","ast-global-header-display":"","ast-banner-title-visibility":"","ast-main-header-display":"","ast-hfb-above-header-display":"","ast-hfb-below-header-display":"","ast-hfb-mobile-header-display":"","site-post-title":"","ast-breadcrumbs-content":"","ast-featured-img":"","footer-sml-layout":"","theme-transparent-header-meta":"default","adv-header-id-meta":"","stick-header-meta":"","header-above-stick-meta":"","header-main-stick-meta":"","header-below-stick-meta":"","astra-migrate-meta-layouts":"set","ast-page-background-enabled":"default","ast-page-background-meta":{"desktop":{"background-color":"var(--ast-global-color-4)","background-image":"","background-repeat":"repeat","background-position":"center center","background-size":"auto","background-attachment":"scroll","background-type":"","background-media":"","overlay-type":"","overlay-color":"","overlay-opacity":"","overlay-gradient":""},"tablet":{"background-color":"","background-image":"","background-repeat":"repeat","background-position":"center center","background-size":"auto","background-attachment":"scroll","background-type":"","background-media":"","overlay-type":"","overlay-color":"","overlay-opacity":"","overlay-gradient":""},"mobile":{"background-color":"","background-image":"","background-repeat":"repeat","background-position":"center center","background-size":"auto","background-attachment":"scroll","background-type":"","background-media":"","overlay-type":"","overlay-color":"","overlay-opacity":"","overlay-gradient":""}},"ast-content-background-meta":{"desktop":{"background-color":"var(--ast-global-color-5)","background-image":"","background-repeat":"repeat","background-position":"center center","background-size":"auto","background-attachment":"scroll","background-type":"","background-media":"","overlay-type":"","overlay-color":"","overlay-opacity":"","overlay-gradient":""},"tablet":{"background-color":"var(--ast-global-color-5)","background-image":"","background-repeat":"repeat","background-position":"center center","background-size":"auto","background-attachment":"scroll","background-type":"","background-media":"","overlay-type":"","overlay-color":"","overlay-opacity":"","overlay-gradient":""},"mobile":{"background-color":"var(--ast-global-color-5)","background-image":"","background-repeat":"repeat","background-position":"center center","background-size":"auto","background-attachment":"scroll","background-type":"","background-media":"","overlay-type":"","overlay-color":"","overlay-opacity":"","overlay-gradient":""}},"iawp_total_views":390},"product_brand":[],"product_cat":[44],"product_tag":[],"class_list":{"0":"post-1171","1":"product","2":"type-product","3":"status-publish","4":"has-post-thumbnail","6":"product_cat-serums","7":"desktop-align-left","8":"tablet-align-left","9":"mobile-align-left","11":"first","12":"instock","13":"sale","14":"taxable","15":"shipping-taxable","16":"purchasable","17":"product-type-simple"},"yoast_head":"<!-- This site is optimized with the Yoast SEO plugin v26.0 - https:\/\/yoast.com\/wordpress\/plugins\/seo\/ -->\n<title>Vitam\u012bna B3 Sejas serums - Fitodroga dermokosm\u0113tika<\/title>\n<meta name=\"description\" content=\"Strukt\u016bru uzlabojo\u0161s sejas serums ar B3 vitam\u012bnu un \u010dagas ekstraktu. Samazina poras, izl\u012bdzina \u0101das toni un uzlabo t\u0101s starojumu\" \/>\n<meta name=\"robots\" content=\"index, follow, max-snippet:-1, max-image-preview:large, max-video-preview:-1\" \/>\n<link rel=\"canonical\" href=\"https:\/\/www.fitodroga.com\/en\/product\/sejas-serums-vitamina-b3-30ml\/\" \/>\n<meta property=\"og:locale\" content=\"en_US\" \/>\n<meta property=\"og:type\" content=\"article\" \/>\n<meta property=\"og:title\" content=\"Vitam\u012bna B3 Sejas serums - Fitodroga dermokosm\u0113tika\" \/>\n<meta property=\"og:description\" content=\"Strukt\u016bru uzlabojo\u0161s sejas serums ar B3 vitam\u012bnu un \u010dagas ekstraktu. Samazina poras, izl\u012bdzina \u0101das toni un uzlabo t\u0101s starojumu\" \/>\n<meta property=\"og:url\" content=\"https:\/\/www.fitodroga.com\/en\/product\/sejas-serums-vitamina-b3-30ml\/\" \/>\n<meta property=\"og:site_name\" content=\"Fitodroga dermokosm\u0113tika\" \/>\n<meta property=\"article:modified_time\" content=\"2026-02-10T08:35:11+00:00\" \/>\n<meta property=\"og:image\" content=\"https:\/\/www.fitodroga.com\/wp-content\/uploads\/2025\/04\/jauns-Fitodroga_VitamineB3_FaceSerum.jpg\" \/>\n\t<meta property=\"og:image:width\" content=\"1200\" \/>\n\t<meta property=\"og:image:height\" content=\"1500\" \/>\n\t<meta property=\"og:image:type\" content=\"image\/jpeg\" \/>\n<meta name=\"twitter:card\" content=\"summary_large_image\" \/>\n<meta name=\"twitter:label1\" content=\"Est. reading time\" \/>\n\t<meta name=\"twitter:data1\" content=\"1 minute\" \/>\n<script type=\"application\/ld+json\" class=\"yoast-schema-graph\">{\"@context\":\"https:\/\/schema.org\",\"@graph\":[{\"@type\":\"WebPage\",\"@id\":\"https:\/\/www.fitodroga.com\/en\/product\/sejas-serums-vitamina-b3-30ml\/\",\"url\":\"https:\/\/www.fitodroga.com\/en\/product\/sejas-serums-vitamina-b3-30ml\/\",\"name\":\"Vitam\u012bna B3 Sejas serums - Fitodroga dermokosm\u0113tika\",\"isPartOf\":{\"@id\":\"https:\/\/fitodroga.lotos-pharma.com\/#website\"},\"primaryImageOfPage\":{\"@id\":\"https:\/\/www.fitodroga.com\/en\/product\/sejas-serums-vitamina-b3-30ml\/#primaryimage\"},\"image\":{\"@id\":\"https:\/\/www.fitodroga.com\/en\/product\/sejas-serums-vitamina-b3-30ml\/#primaryimage\"},\"thumbnailUrl\":\"https:\/\/www.fitodroga.com\/wp-content\/uploads\/2025\/04\/jauns-Fitodroga_VitamineB3_FaceSerum.jpg\",\"datePublished\":\"2025-04-16T13:57:40+00:00\",\"dateModified\":\"2026-02-10T08:35:11+00:00\",\"description\":\"Strukt\u016bru uzlabojo\u0161s sejas serums ar B3 vitam\u012bnu un \u010dagas ekstraktu. Samazina poras, izl\u012bdzina \u0101das toni un uzlabo t\u0101s starojumu\",\"breadcrumb\":{\"@id\":\"https:\/\/www.fitodroga.com\/en\/product\/sejas-serums-vitamina-b3-30ml\/#breadcrumb\"},\"inLanguage\":\"en-US\",\"potentialAction\":[{\"@type\":\"ReadAction\",\"target\":[\"https:\/\/www.fitodroga.com\/en\/product\/sejas-serums-vitamina-b3-30ml\/\"]}]},{\"@type\":\"ImageObject\",\"inLanguage\":\"en-US\",\"@id\":\"https:\/\/www.fitodroga.com\/en\/product\/sejas-serums-vitamina-b3-30ml\/#primaryimage\",\"url\":\"https:\/\/www.fitodroga.com\/wp-content\/uploads\/2025\/04\/jauns-Fitodroga_VitamineB3_FaceSerum.jpg\",\"contentUrl\":\"https:\/\/www.fitodroga.com\/wp-content\/uploads\/2025\/04\/jauns-Fitodroga_VitamineB3_FaceSerum.jpg\",\"width\":1200,\"height\":1500,\"caption\":\"sejas serums ar vitam\u012bnu b3\"},{\"@type\":\"BreadcrumbList\",\"@id\":\"https:\/\/www.fitodroga.com\/en\/product\/sejas-serums-vitamina-b3-30ml\/#breadcrumb\",\"itemListElement\":[{\"@type\":\"ListItem\",\"position\":1,\"name\":\"Home\",\"item\":\"https:\/\/www.fitodroga.com\/en\/\"},{\"@type\":\"ListItem\",\"position\":2,\"name\":\"VEIKALS\",\"item\":\"https:\/\/fitodroga.lotos-pharma.com\/shop-2\/\"},{\"@type\":\"ListItem\",\"position\":3,\"name\":\"Vitam\u012bna B3 Sejas serums, starojo\u0161ai \u0101dai &#8211; 4 % Niacinam\u012bds (30 ml)\"}]},{\"@type\":\"WebSite\",\"@id\":\"https:\/\/fitodroga.lotos-pharma.com\/#website\",\"url\":\"https:\/\/fitodroga.lotos-pharma.com\/\",\"name\":\"Fitodroga dermokosm\u0113tika\",\"description\":\"Natural Product - A New You\",\"publisher\":{\"@id\":\"https:\/\/fitodroga.lotos-pharma.com\/#organization\"},\"potentialAction\":[{\"@type\":\"SearchAction\",\"target\":{\"@type\":\"EntryPoint\",\"urlTemplate\":\"https:\/\/fitodroga.lotos-pharma.com\/?s={search_term_string}\"},\"query-input\":{\"@type\":\"PropertyValueSpecification\",\"valueRequired\":true,\"valueName\":\"search_term_string\"}}],\"inLanguage\":\"en-US\"},{\"@type\":\"Organization\",\"@id\":\"https:\/\/fitodroga.lotos-pharma.com\/#organization\",\"name\":\"Fitodroga dermokosm\u0113tika\",\"url\":\"https:\/\/fitodroga.lotos-pharma.com\/\",\"logo\":{\"@type\":\"ImageObject\",\"inLanguage\":\"en-US\",\"@id\":\"https:\/\/fitodroga.lotos-pharma.com\/#\/schema\/logo\/image\/\",\"url\":\"https:\/\/www.fitodroga.com\/wp-content\/uploads\/2025\/04\/cropped-Fitodroga_logo_text-scaled.png\",\"contentUrl\":\"https:\/\/www.fitodroga.com\/wp-content\/uploads\/2025\/04\/cropped-Fitodroga_logo_text-scaled.png\",\"width\":3334,\"height\":1111,\"caption\":\"Fitodroga dermokosm\u0113tika\"},\"image\":{\"@id\":\"https:\/\/fitodroga.lotos-pharma.com\/#\/schema\/logo\/image\/\"}}]}<\/script>\n<!-- \/ Yoast SEO plugin. -->","yoast_head_json":{"title":"Vitam\u012bna B3 Sejas serums - Fitodroga dermokosm\u0113tika","description":"Strukt\u016bru uzlabojo\u0161s sejas serums ar B3 vitam\u012bnu un \u010dagas ekstraktu. Samazina poras, izl\u012bdzina \u0101das toni un uzlabo t\u0101s starojumu","robots":{"index":"index","follow":"follow","max-snippet":"max-snippet:-1","max-image-preview":"max-image-preview:large","max-video-preview":"max-video-preview:-1"},"canonical":"https:\/\/www.fitodroga.com\/en\/product\/sejas-serums-vitamina-b3-30ml\/","og_locale":"en_US","og_type":"article","og_title":"Vitam\u012bna B3 Sejas serums - Fitodroga dermokosm\u0113tika","og_description":"Strukt\u016bru uzlabojo\u0161s sejas serums ar B3 vitam\u012bnu un \u010dagas ekstraktu. Samazina poras, izl\u012bdzina \u0101das toni un uzlabo t\u0101s starojumu","og_url":"https:\/\/www.fitodroga.com\/en\/product\/sejas-serums-vitamina-b3-30ml\/","og_site_name":"Fitodroga dermokosm\u0113tika","article_modified_time":"2026-02-10T08:35:11+00:00","og_image":[{"width":1200,"height":1500,"url":"https:\/\/www.fitodroga.com\/wp-content\/uploads\/2025\/04\/jauns-Fitodroga_VitamineB3_FaceSerum.jpg","type":"image\/jpeg"}],"twitter_card":"summary_large_image","twitter_misc":{"Est. reading time":"1 minute"},"schema":{"@context":"https:\/\/schema.org","@graph":[{"@type":"WebPage","@id":"https:\/\/www.fitodroga.com\/en\/product\/sejas-serums-vitamina-b3-30ml\/","url":"https:\/\/www.fitodroga.com\/en\/product\/sejas-serums-vitamina-b3-30ml\/","name":"Vitam\u012bna B3 Sejas serums - Fitodroga dermokosm\u0113tika","isPartOf":{"@id":"https:\/\/fitodroga.lotos-pharma.com\/#website"},"primaryImageOfPage":{"@id":"https:\/\/www.fitodroga.com\/en\/product\/sejas-serums-vitamina-b3-30ml\/#primaryimage"},"image":{"@id":"https:\/\/www.fitodroga.com\/en\/product\/sejas-serums-vitamina-b3-30ml\/#primaryimage"},"thumbnailUrl":"https:\/\/www.fitodroga.com\/wp-content\/uploads\/2025\/04\/jauns-Fitodroga_VitamineB3_FaceSerum.jpg","datePublished":"2025-04-16T13:57:40+00:00","dateModified":"2026-02-10T08:35:11+00:00","description":"Strukt\u016bru uzlabojo\u0161s sejas serums ar B3 vitam\u012bnu un \u010dagas ekstraktu. Samazina poras, izl\u012bdzina \u0101das toni un uzlabo t\u0101s starojumu","breadcrumb":{"@id":"https:\/\/www.fitodroga.com\/en\/product\/sejas-serums-vitamina-b3-30ml\/#breadcrumb"},"inLanguage":"en-US","potentialAction":[{"@type":"ReadAction","target":["https:\/\/www.fitodroga.com\/en\/product\/sejas-serums-vitamina-b3-30ml\/"]}]},{"@type":"ImageObject","inLanguage":"en-US","@id":"https:\/\/www.fitodroga.com\/en\/product\/sejas-serums-vitamina-b3-30ml\/#primaryimage","url":"https:\/\/www.fitodroga.com\/wp-content\/uploads\/2025\/04\/jauns-Fitodroga_VitamineB3_FaceSerum.jpg","contentUrl":"https:\/\/www.fitodroga.com\/wp-content\/uploads\/2025\/04\/jauns-Fitodroga_VitamineB3_FaceSerum.jpg","width":1200,"height":1500,"caption":"sejas serums ar vitam\u012bnu b3"},{"@type":"BreadcrumbList","@id":"https:\/\/www.fitodroga.com\/en\/product\/sejas-serums-vitamina-b3-30ml\/#breadcrumb","itemListElement":[{"@type":"ListItem","position":1,"name":"Home","item":"https:\/\/www.fitodroga.com\/en\/"},{"@type":"ListItem","position":2,"name":"VEIKALS","item":"https:\/\/fitodroga.lotos-pharma.com\/shop-2\/"},{"@type":"ListItem","position":3,"name":"Vitam\u012bna B3 Sejas serums, starojo\u0161ai \u0101dai &#8211; 4 % Niacinam\u012bds (30 ml)"}]},{"@type":"WebSite","@id":"https:\/\/fitodroga.lotos-pharma.com\/#website","url":"https:\/\/fitodroga.lotos-pharma.com\/","name":"Fitodroga dermokosm\u0113tika","description":"Natural Product - A New You","publisher":{"@id":"https:\/\/fitodroga.lotos-pharma.com\/#organization"},"potentialAction":[{"@type":"SearchAction","target":{"@type":"EntryPoint","urlTemplate":"https:\/\/fitodroga.lotos-pharma.com\/?s={search_term_string}"},"query-input":{"@type":"PropertyValueSpecification","valueRequired":true,"valueName":"search_term_string"}}],"inLanguage":"en-US"},{"@type":"Organization","@id":"https:\/\/fitodroga.lotos-pharma.com\/#organization","name":"Fitodroga dermokosm\u0113tika","url":"https:\/\/fitodroga.lotos-pharma.com\/","logo":{"@type":"ImageObject","inLanguage":"en-US","@id":"https:\/\/fitodroga.lotos-pharma.com\/#\/schema\/logo\/image\/","url":"https:\/\/www.fitodroga.com\/wp-content\/uploads\/2025\/04\/cropped-Fitodroga_logo_text-scaled.png","contentUrl":"https:\/\/www.fitodroga.com\/wp-content\/uploads\/2025\/04\/cropped-Fitodroga_logo_text-scaled.png","width":3334,"height":1111,"caption":"Fitodroga dermokosm\u0113tika"},"image":{"@id":"https:\/\/fitodroga.lotos-pharma.com\/#\/schema\/logo\/image\/"}}]}},"_links":{"self":[{"href":"https:\/\/www.fitodroga.com\/en\/wp-json\/wp\/v2\/product\/1171","targetHints":{"allow":["GET"]}}],"collection":[{"href":"https:\/\/www.fitodroga.com\/en\/wp-json\/wp\/v2\/product"}],"about":[{"href":"https:\/\/www.fitodroga.com\/en\/wp-json\/wp\/v2\/types\/product"}],"wp:featuredmedia":[{"embeddable":true,"href":"https:\/\/www.fitodroga.com\/en\/wp-json\/wp\/v2\/media\/2000"}],"wp:attachment":[{"href":"https:\/\/www.fitodroga.com\/en\/wp-json\/wp\/v2\/media?parent=1171"}],"wp:term":[{"taxonomy":"product_brand","embeddable":true,"href":"https:\/\/www.fitodroga.com\/en\/wp-json\/wp\/v2\/product_brand?post=1171"},{"taxonomy":"product_cat","embeddable":true,"href":"https:\/\/www.fitodroga.com\/en\/wp-json\/wp\/v2\/product_cat?post=1171"},{"taxonomy":"product_tag","embeddable":true,"href":"https:\/\/www.fitodroga.com\/en\/wp-json\/wp\/v2\/product_tag?post=1171"}],"curies":[{"name":"wp","href":"https:\/\/api.w.org\/{rel}","templated":true}]}}