{"id":1177,"date":"2025-04-16T14:09:54","date_gmt":"2025-04-16T14:09:54","guid":{"rendered":"https:\/\/www.fitodroga.com\/?post_type=product&#038;p=1177"},"modified":"2026-02-05T07:57:40","modified_gmt":"2026-02-05T07:57:40","slug":"face-cream-lift-active-50ml","status":"publish","type":"product","link":"https:\/\/www.fitodroga.com\/en\/product\/face-cream-lift-active-50ml\/","title":{"rendered":"LIFT ACTIVE FACE CREAM. Nostiprino\u0161s sejas kr\u0113ms (50 ml)"},"content":{"rendered":"<p>Sejas kr\u0113ms viegli kl\u0101jas un \u0101tri ies\u016bcas \u0101d\u0101. Neitr\u0101la, gaisto\u0161a smar\u017ea bez alerg\u0113niem.<\/p>\n<ul>\n<li>Dermatolo\u0123iski test\u0113ts.<\/li>\n<li>Ar\u012b jut\u012bgai \u0101dai.<\/li>\n<li>Piem\u0113rots no 35 +<\/li>\n<\/ul>\n<p>V\u0113rt\u012bg\u0101s sast\u0101vda\u013cas:<\/p>\n<ul>\n<li>\u0101dai biopieejams divu tetrapept\u012bdu komplekss<\/li>\n<li>augu komplekss PENTAVITIN<sup>\u00ae<\/sup> (akt\u012bv\u0101 viela &#8211; Saccharide Isomerate)<\/li>\n<li>ol\u012bvu skval\u0101ns<\/li>\n<li>shea sviests<\/li>\n<\/ul>\n<p>Iedarb\u012bba:<\/p>\n<ul>\n<li>atbalsta dab\u012bgu kolag\u0113na sint\u0113zi \u0101d\u0101<\/li>\n<li>atbalsta \u0101das dab\u012bgo aizsargbarjeru<\/li>\n<li>nodro\u0161ina dzi\u013cu ilgtermi\u0146a \u0101das mitrin\u0101\u0161anu<\/li>\n<li>m\u012bkstina un baro \u0101du t\u0101s dzi\u013c\u0101kajos sl\u0101\u0146os.<\/li>\n<\/ul>\n<p>Lieto\u0161ana:<\/p>\n<p>Uzkl\u0101j uz att\u012br\u012btas sejas un dekolt\u0113 zonas \u0101das r\u012btos un vakaros. Ar\u012b k\u0101 kvalitat\u012bva b\u0101ze dekorat\u012bv\u0101s kosm\u0113tikas uzkl\u0101\u0161anai.<\/p>\n<p>Ieteicam\u0101 ikdienas lieto\u0161anas sec\u012bba:<\/p>\n<ol>\n<li>Att\u012br\u012b\u0161ana; 2. Toniz\u0113\u0161ana; 3. Serums; 4. Acu kr\u0113ms un Sejas kr\u0113ms<\/li>\n<\/ol>\n<p>Vielu siner\u0123isk\u0101s iedarb\u012bbas nodro\u0161in\u0101\u0161anai ieteicams lietot kop\u0101 ar citiem FITODROGA produktiem.<\/p>\n<p>Iepakojums:<\/p>\n<p>Kr\u0113ms pild\u012bts p\u0101rstr\u0101d\u0101jam\u0101 vakuuma (air-less) iepakojum\u0101. Tas izsl\u0113dz produkta mikrobiolo\u0123isko pies\u0101r\u0146ojumu t\u0101 lieto\u0161anas laik\u0101 &#8211; produkts nesaskaras ar gaisu un ar mikroorganismiem.<\/p>\n<p>INCI saraksts:<\/p>\n<p>Aqua, Isoamyl Laurate <sup>*<\/sup>, Cetearyl Alcohol *, Glycerin, Glyceryl Stearate Citrate*, Propylheptyl Caprylate, Caprylic\/Capric Triglyceride*, Squalane*, Saccharide Isomerate*, Dimethyl Isosorbide, Polysorbate 20, Acetyl Tetrapeptide-11, Acetyl Tetrapeptide-9, Butyrospermum Parkii (Shea) Butter*, Glyceryl Caprylate*, Tocopheryl Acetate,Tocopherol, Parfum, Sodium Polyacrylate, Caprylyl Glycol, Phenoxyethanol, Ethylhexylglycerin, Xanthan Gum*, Sodium Citrate, Citric Acid<\/p>\n<p><em>* COSMOS, Ecocert certified raw materials<\/em><\/p>\n","protected":false},"excerpt":{"rendered":"<p>Z\u012bdainas tekst\u016bras kopjo\u0161s sejas kr\u0113ms ar \u0161\u012b sviestu un ol\u012bvu skval\u0101nu dab\u012bg\u0101s \u0101das aizsargbarjeras stiprin\u0101\u0161anai, nodro\u0161inot ilgsto\u0161u komforta saj\u016btu.<\/p>\n<p>Nostiprino\u0161o iedarb\u012bbu nodro\u0161ina patent\u0113ts divu pept\u012bdu komplekss, kas atbalsta kolag\u0113na sint\u0113zi \u0101d\u0101, t\u0101 radot liftinga efektu.<\/p>\n<p>Dzi\u013cu ilgtermi\u0146a mitrin\u0101\u0161anu nodro\u0161ina augu komplekss PENTAVITIN<sup>\u00ae .<\/sup><\/p>\n","protected":false},"featured_media":1996,"template":"","meta":{"site-sidebar-layout":"default","site-content-layout":"","ast-site-content-layout":"default","site-content-style":"default","site-sidebar-style":"default","ast-global-header-display":"","ast-banner-title-visibility":"","ast-main-header-display":"","ast-hfb-above-header-display":"","ast-hfb-below-header-display":"","ast-hfb-mobile-header-display":"","site-post-title":"","ast-breadcrumbs-content":"","ast-featured-img":"","footer-sml-layout":"","theme-transparent-header-meta":"default","adv-header-id-meta":"","stick-header-meta":"","header-above-stick-meta":"","header-main-stick-meta":"","header-below-stick-meta":"","astra-migrate-meta-layouts":"set","ast-page-background-enabled":"default","ast-page-background-meta":{"desktop":{"background-color":"var(--ast-global-color-4)","background-image":"","background-repeat":"repeat","background-position":"center center","background-size":"auto","background-attachment":"scroll","background-type":"","background-media":"","overlay-type":"","overlay-color":"","overlay-opacity":"","overlay-gradient":""},"tablet":{"background-color":"","background-image":"","background-repeat":"repeat","background-position":"center center","background-size":"auto","background-attachment":"scroll","background-type":"","background-media":"","overlay-type":"","overlay-color":"","overlay-opacity":"","overlay-gradient":""},"mobile":{"background-color":"","background-image":"","background-repeat":"repeat","background-position":"center center","background-size":"auto","background-attachment":"scroll","background-type":"","background-media":"","overlay-type":"","overlay-color":"","overlay-opacity":"","overlay-gradient":""}},"ast-content-background-meta":{"desktop":{"background-color":"var(--ast-global-color-5)","background-image":"","background-repeat":"repeat","background-position":"center center","background-size":"auto","background-attachment":"scroll","background-type":"","background-media":"","overlay-type":"","overlay-color":"","overlay-opacity":"","overlay-gradient":""},"tablet":{"background-color":"var(--ast-global-color-5)","background-image":"","background-repeat":"repeat","background-position":"center center","background-size":"auto","background-attachment":"scroll","background-type":"","background-media":"","overlay-type":"","overlay-color":"","overlay-opacity":"","overlay-gradient":""},"mobile":{"background-color":"var(--ast-global-color-5)","background-image":"","background-repeat":"repeat","background-position":"center center","background-size":"auto","background-attachment":"scroll","background-type":"","background-media":"","overlay-type":"","overlay-color":"","overlay-opacity":"","overlay-gradient":""}},"iawp_total_views":282},"product_brand":[],"product_cat":[43,42,38],"product_tag":[],"class_list":{"0":"post-1177","1":"product","2":"type-product","3":"status-publish","4":"has-post-thumbnail","6":"product_cat-anti-age","7":"product_cat-krems","8":"product_cat-sejas-kopsana","9":"desktop-align-left","10":"tablet-align-left","11":"mobile-align-left","13":"first","14":"instock","15":"sale","16":"taxable","17":"shipping-taxable","18":"purchasable","19":"product-type-simple"},"yoast_head":"<!-- This site is optimized with the Yoast SEO plugin v26.0 - https:\/\/yoast.com\/wordpress\/plugins\/seo\/ -->\n<title>LIFT ACTIVE FACE CREAM. Nostiprino\u0161s sejas kr\u0113ms (50 ml) - Fitodroga dermokosm\u0113tika<\/title>\n<meta name=\"description\" content=\"Sejas kr\u0113ms - Face Cream Lift Active \u2013 jaud\u012bgs pept\u012bdu kr\u0113ms, kas aktiviz\u0113 kolag\u0113na sint\u0113zi, nostiprina \u0101du un intens\u012bvi mitrina ar dab\u012bg\u0101m sast\u0101vda\u013c\u0101m.\" \/>\n<meta name=\"robots\" content=\"index, follow, max-snippet:-1, max-image-preview:large, max-video-preview:-1\" \/>\n<link rel=\"canonical\" href=\"https:\/\/www.fitodroga.com\/en\/product\/face-cream-lift-active-50ml\/\" \/>\n<meta property=\"og:locale\" content=\"en_US\" \/>\n<meta property=\"og:type\" content=\"article\" \/>\n<meta property=\"og:title\" content=\"LIFT ACTIVE FACE CREAM. Nostiprino\u0161s sejas kr\u0113ms (50 ml) - Fitodroga dermokosm\u0113tika\" \/>\n<meta property=\"og:description\" content=\"Sejas kr\u0113ms - Face Cream Lift Active \u2013 jaud\u012bgs pept\u012bdu kr\u0113ms, kas aktiviz\u0113 kolag\u0113na sint\u0113zi, nostiprina \u0101du un intens\u012bvi mitrina ar dab\u012bg\u0101m sast\u0101vda\u013c\u0101m.\" \/>\n<meta property=\"og:url\" content=\"https:\/\/www.fitodroga.com\/en\/product\/face-cream-lift-active-50ml\/\" \/>\n<meta property=\"og:site_name\" content=\"Fitodroga dermokosm\u0113tika\" \/>\n<meta property=\"article:modified_time\" content=\"2026-02-05T07:57:40+00:00\" \/>\n<meta property=\"og:image\" content=\"https:\/\/www.fitodroga.com\/wp-content\/uploads\/2025\/04\/jauns-Fitodroga_FaceCreamLiftActive.jpg\" \/>\n\t<meta property=\"og:image:width\" content=\"1200\" \/>\n\t<meta property=\"og:image:height\" content=\"1500\" \/>\n\t<meta property=\"og:image:type\" content=\"image\/jpeg\" \/>\n<meta name=\"twitter:card\" content=\"summary_large_image\" \/>\n<meta name=\"twitter:label1\" content=\"Est. reading time\" \/>\n\t<meta name=\"twitter:data1\" content=\"2 minutes\" \/>\n<script type=\"application\/ld+json\" class=\"yoast-schema-graph\">{\"@context\":\"https:\/\/schema.org\",\"@graph\":[{\"@type\":\"WebPage\",\"@id\":\"https:\/\/www.fitodroga.com\/en\/product\/face-cream-lift-active-50ml\/\",\"url\":\"https:\/\/www.fitodroga.com\/en\/product\/face-cream-lift-active-50ml\/\",\"name\":\"LIFT ACTIVE FACE CREAM. Nostiprino\u0161s sejas kr\u0113ms (50 ml) - Fitodroga dermokosm\u0113tika\",\"isPartOf\":{\"@id\":\"https:\/\/fitodroga.lotos-pharma.com\/#website\"},\"primaryImageOfPage\":{\"@id\":\"https:\/\/www.fitodroga.com\/en\/product\/face-cream-lift-active-50ml\/#primaryimage\"},\"image\":{\"@id\":\"https:\/\/www.fitodroga.com\/en\/product\/face-cream-lift-active-50ml\/#primaryimage\"},\"thumbnailUrl\":\"https:\/\/www.fitodroga.com\/wp-content\/uploads\/2025\/04\/jauns-Fitodroga_FaceCreamLiftActive.jpg\",\"datePublished\":\"2025-04-16T14:09:54+00:00\",\"dateModified\":\"2026-02-05T07:57:40+00:00\",\"description\":\"Sejas kr\u0113ms - Face Cream Lift Active \u2013 jaud\u012bgs pept\u012bdu kr\u0113ms, kas aktiviz\u0113 kolag\u0113na sint\u0113zi, nostiprina \u0101du un intens\u012bvi mitrina ar dab\u012bg\u0101m sast\u0101vda\u013c\u0101m.\",\"breadcrumb\":{\"@id\":\"https:\/\/www.fitodroga.com\/en\/product\/face-cream-lift-active-50ml\/#breadcrumb\"},\"inLanguage\":\"en-US\",\"potentialAction\":[{\"@type\":\"ReadAction\",\"target\":[\"https:\/\/www.fitodroga.com\/en\/product\/face-cream-lift-active-50ml\/\"]}]},{\"@type\":\"ImageObject\",\"inLanguage\":\"en-US\",\"@id\":\"https:\/\/www.fitodroga.com\/en\/product\/face-cream-lift-active-50ml\/#primaryimage\",\"url\":\"https:\/\/www.fitodroga.com\/wp-content\/uploads\/2025\/04\/jauns-Fitodroga_FaceCreamLiftActive.jpg\",\"contentUrl\":\"https:\/\/www.fitodroga.com\/wp-content\/uploads\/2025\/04\/jauns-Fitodroga_FaceCreamLiftActive.jpg\",\"width\":1200,\"height\":1500,\"caption\":\"Sejas krems\"},{\"@type\":\"BreadcrumbList\",\"@id\":\"https:\/\/www.fitodroga.com\/en\/product\/face-cream-lift-active-50ml\/#breadcrumb\",\"itemListElement\":[{\"@type\":\"ListItem\",\"position\":1,\"name\":\"Home\",\"item\":\"https:\/\/www.fitodroga.com\/en\/\"},{\"@type\":\"ListItem\",\"position\":2,\"name\":\"VEIKALS\",\"item\":\"https:\/\/fitodroga.lotos-pharma.com\/shop-2\/\"},{\"@type\":\"ListItem\",\"position\":3,\"name\":\"LIFT ACTIVE FACE CREAM. Nostiprino\u0161s sejas kr\u0113ms (50 ml)\"}]},{\"@type\":\"WebSite\",\"@id\":\"https:\/\/fitodroga.lotos-pharma.com\/#website\",\"url\":\"https:\/\/fitodroga.lotos-pharma.com\/\",\"name\":\"Fitodroga dermokosm\u0113tika\",\"description\":\"Natural Product - A New You\",\"publisher\":{\"@id\":\"https:\/\/fitodroga.lotos-pharma.com\/#organization\"},\"potentialAction\":[{\"@type\":\"SearchAction\",\"target\":{\"@type\":\"EntryPoint\",\"urlTemplate\":\"https:\/\/fitodroga.lotos-pharma.com\/?s={search_term_string}\"},\"query-input\":{\"@type\":\"PropertyValueSpecification\",\"valueRequired\":true,\"valueName\":\"search_term_string\"}}],\"inLanguage\":\"en-US\"},{\"@type\":\"Organization\",\"@id\":\"https:\/\/fitodroga.lotos-pharma.com\/#organization\",\"name\":\"Fitodroga dermokosm\u0113tika\",\"url\":\"https:\/\/fitodroga.lotos-pharma.com\/\",\"logo\":{\"@type\":\"ImageObject\",\"inLanguage\":\"en-US\",\"@id\":\"https:\/\/fitodroga.lotos-pharma.com\/#\/schema\/logo\/image\/\",\"url\":\"https:\/\/www.fitodroga.com\/wp-content\/uploads\/2025\/04\/cropped-Fitodroga_logo_text-scaled.png\",\"contentUrl\":\"https:\/\/www.fitodroga.com\/wp-content\/uploads\/2025\/04\/cropped-Fitodroga_logo_text-scaled.png\",\"width\":3334,\"height\":1111,\"caption\":\"Fitodroga dermokosm\u0113tika\"},\"image\":{\"@id\":\"https:\/\/fitodroga.lotos-pharma.com\/#\/schema\/logo\/image\/\"}}]}<\/script>\n<!-- \/ Yoast SEO plugin. -->","yoast_head_json":{"title":"LIFT ACTIVE FACE CREAM. Nostiprino\u0161s sejas kr\u0113ms (50 ml) - Fitodroga dermokosm\u0113tika","description":"Sejas kr\u0113ms - Face Cream Lift Active \u2013 jaud\u012bgs pept\u012bdu kr\u0113ms, kas aktiviz\u0113 kolag\u0113na sint\u0113zi, nostiprina \u0101du un intens\u012bvi mitrina ar dab\u012bg\u0101m sast\u0101vda\u013c\u0101m.","robots":{"index":"index","follow":"follow","max-snippet":"max-snippet:-1","max-image-preview":"max-image-preview:large","max-video-preview":"max-video-preview:-1"},"canonical":"https:\/\/www.fitodroga.com\/en\/product\/face-cream-lift-active-50ml\/","og_locale":"en_US","og_type":"article","og_title":"LIFT ACTIVE FACE CREAM. Nostiprino\u0161s sejas kr\u0113ms (50 ml) - Fitodroga dermokosm\u0113tika","og_description":"Sejas kr\u0113ms - Face Cream Lift Active \u2013 jaud\u012bgs pept\u012bdu kr\u0113ms, kas aktiviz\u0113 kolag\u0113na sint\u0113zi, nostiprina \u0101du un intens\u012bvi mitrina ar dab\u012bg\u0101m sast\u0101vda\u013c\u0101m.","og_url":"https:\/\/www.fitodroga.com\/en\/product\/face-cream-lift-active-50ml\/","og_site_name":"Fitodroga dermokosm\u0113tika","article_modified_time":"2026-02-05T07:57:40+00:00","og_image":[{"width":1200,"height":1500,"url":"https:\/\/www.fitodroga.com\/wp-content\/uploads\/2025\/04\/jauns-Fitodroga_FaceCreamLiftActive.jpg","type":"image\/jpeg"}],"twitter_card":"summary_large_image","twitter_misc":{"Est. reading time":"2 minutes"},"schema":{"@context":"https:\/\/schema.org","@graph":[{"@type":"WebPage","@id":"https:\/\/www.fitodroga.com\/en\/product\/face-cream-lift-active-50ml\/","url":"https:\/\/www.fitodroga.com\/en\/product\/face-cream-lift-active-50ml\/","name":"LIFT ACTIVE FACE CREAM. Nostiprino\u0161s sejas kr\u0113ms (50 ml) - Fitodroga dermokosm\u0113tika","isPartOf":{"@id":"https:\/\/fitodroga.lotos-pharma.com\/#website"},"primaryImageOfPage":{"@id":"https:\/\/www.fitodroga.com\/en\/product\/face-cream-lift-active-50ml\/#primaryimage"},"image":{"@id":"https:\/\/www.fitodroga.com\/en\/product\/face-cream-lift-active-50ml\/#primaryimage"},"thumbnailUrl":"https:\/\/www.fitodroga.com\/wp-content\/uploads\/2025\/04\/jauns-Fitodroga_FaceCreamLiftActive.jpg","datePublished":"2025-04-16T14:09:54+00:00","dateModified":"2026-02-05T07:57:40+00:00","description":"Sejas kr\u0113ms - Face Cream Lift Active \u2013 jaud\u012bgs pept\u012bdu kr\u0113ms, kas aktiviz\u0113 kolag\u0113na sint\u0113zi, nostiprina \u0101du un intens\u012bvi mitrina ar dab\u012bg\u0101m sast\u0101vda\u013c\u0101m.","breadcrumb":{"@id":"https:\/\/www.fitodroga.com\/en\/product\/face-cream-lift-active-50ml\/#breadcrumb"},"inLanguage":"en-US","potentialAction":[{"@type":"ReadAction","target":["https:\/\/www.fitodroga.com\/en\/product\/face-cream-lift-active-50ml\/"]}]},{"@type":"ImageObject","inLanguage":"en-US","@id":"https:\/\/www.fitodroga.com\/en\/product\/face-cream-lift-active-50ml\/#primaryimage","url":"https:\/\/www.fitodroga.com\/wp-content\/uploads\/2025\/04\/jauns-Fitodroga_FaceCreamLiftActive.jpg","contentUrl":"https:\/\/www.fitodroga.com\/wp-content\/uploads\/2025\/04\/jauns-Fitodroga_FaceCreamLiftActive.jpg","width":1200,"height":1500,"caption":"Sejas krems"},{"@type":"BreadcrumbList","@id":"https:\/\/www.fitodroga.com\/en\/product\/face-cream-lift-active-50ml\/#breadcrumb","itemListElement":[{"@type":"ListItem","position":1,"name":"Home","item":"https:\/\/www.fitodroga.com\/en\/"},{"@type":"ListItem","position":2,"name":"VEIKALS","item":"https:\/\/fitodroga.lotos-pharma.com\/shop-2\/"},{"@type":"ListItem","position":3,"name":"LIFT ACTIVE FACE CREAM. Nostiprino\u0161s sejas kr\u0113ms (50 ml)"}]},{"@type":"WebSite","@id":"https:\/\/fitodroga.lotos-pharma.com\/#website","url":"https:\/\/fitodroga.lotos-pharma.com\/","name":"Fitodroga dermokosm\u0113tika","description":"Natural Product - A New You","publisher":{"@id":"https:\/\/fitodroga.lotos-pharma.com\/#organization"},"potentialAction":[{"@type":"SearchAction","target":{"@type":"EntryPoint","urlTemplate":"https:\/\/fitodroga.lotos-pharma.com\/?s={search_term_string}"},"query-input":{"@type":"PropertyValueSpecification","valueRequired":true,"valueName":"search_term_string"}}],"inLanguage":"en-US"},{"@type":"Organization","@id":"https:\/\/fitodroga.lotos-pharma.com\/#organization","name":"Fitodroga dermokosm\u0113tika","url":"https:\/\/fitodroga.lotos-pharma.com\/","logo":{"@type":"ImageObject","inLanguage":"en-US","@id":"https:\/\/fitodroga.lotos-pharma.com\/#\/schema\/logo\/image\/","url":"https:\/\/www.fitodroga.com\/wp-content\/uploads\/2025\/04\/cropped-Fitodroga_logo_text-scaled.png","contentUrl":"https:\/\/www.fitodroga.com\/wp-content\/uploads\/2025\/04\/cropped-Fitodroga_logo_text-scaled.png","width":3334,"height":1111,"caption":"Fitodroga dermokosm\u0113tika"},"image":{"@id":"https:\/\/fitodroga.lotos-pharma.com\/#\/schema\/logo\/image\/"}}]}},"_links":{"self":[{"href":"https:\/\/www.fitodroga.com\/en\/wp-json\/wp\/v2\/product\/1177","targetHints":{"allow":["GET"]}}],"collection":[{"href":"https:\/\/www.fitodroga.com\/en\/wp-json\/wp\/v2\/product"}],"about":[{"href":"https:\/\/www.fitodroga.com\/en\/wp-json\/wp\/v2\/types\/product"}],"wp:featuredmedia":[{"embeddable":true,"href":"https:\/\/www.fitodroga.com\/en\/wp-json\/wp\/v2\/media\/1996"}],"wp:attachment":[{"href":"https:\/\/www.fitodroga.com\/en\/wp-json\/wp\/v2\/media?parent=1177"}],"wp:term":[{"taxonomy":"product_brand","embeddable":true,"href":"https:\/\/www.fitodroga.com\/en\/wp-json\/wp\/v2\/product_brand?post=1177"},{"taxonomy":"product_cat","embeddable":true,"href":"https:\/\/www.fitodroga.com\/en\/wp-json\/wp\/v2\/product_cat?post=1177"},{"taxonomy":"product_tag","embeddable":true,"href":"https:\/\/www.fitodroga.com\/en\/wp-json\/wp\/v2\/product_tag?post=1177"}],"curies":[{"name":"wp","href":"https:\/\/api.w.org\/{rel}","templated":true}]}}