{"id":2240,"date":"2025-09-25T15:48:32","date_gmt":"2025-09-25T15:48:32","guid":{"rendered":"https:\/\/www.fitodroga.com\/?post_type=product&#038;p=2240"},"modified":"2026-03-23T11:02:53","modified_gmt":"2026-03-23T11:02:53","slug":"komplekts-fitodroga-face-cream-anti-age-facial-foam-wash","status":"publish","type":"product","link":"https:\/\/www.fitodroga.com\/en\/product\/komplekts-fitodroga-face-cream-anti-age-facial-foam-wash\/","title":{"rendered":"Komplekts Fitodroga Facial Foam Wash + Face Cream Anti Age"},"content":{"rendered":"<p><strong>Face Cream Anti Age<\/strong> &#8211; Kr\u0113ms viegli kl\u0101jas un \u0101tri ies\u016bcas \u0101d\u0101.<\/p>\n<p>Neitr\u0101la, gaisto\u0161a smar\u017ea bez alerg\u0113niem.<\/p>\n<ul>\n<li>Dermatolo\u0123iski test\u0113ts.<\/li>\n<li>Visiem \u0101das tipiem.<\/li>\n<li>Ar\u012b jut\u012bgai \u0101dai.<\/li>\n<li>Piem\u0113rots no 25+<\/li>\n<\/ul>\n<p>V\u0113rt\u012bg\u0101s sast\u0101vda\u013cas:<\/p>\n<ul>\n<li>Alpu balt\u0101s v\u0113rmeles ziedu ekstrakts<\/li>\n<li>augu komplekss PENTAVITIN<sup>\u00ae<\/sup>\u00a0(akt\u012bv\u0101 viela- Saccharide Isomerate)<\/li>\n<li>ol\u012bvu skval\u0101ns<\/li>\n<li>shea sviests<\/li>\n<\/ul>\n<p>Iedarb\u012bba:<\/p>\n<ul>\n<li>aizsarg\u0101 no vides izrais\u012bta kairin\u0101juma<\/li>\n<li>atbalsta \u0101das dab\u012bgo aizsargbarjeru<\/li>\n<li>nodro\u0161ina dzi\u013cu ilgtermi\u0146a \u0101das mitrin\u0101\u0161anu<\/li>\n<li>m\u012bkstina un baro \u0101du t\u0101s dzi\u013c\u0101kajos sl\u0101\u0146os.<\/li>\n<\/ul>\n<p>Lieto\u0161ana:<\/p>\n<p>Uzkl\u0101j uz att\u012br\u012btas sejas un dekolt\u0113 zonas \u0101das r\u012btos un vakaros. Ar\u012b k\u0101 kvalitat\u012bva b\u0101ze dekorat\u012bv\u0101s kosm\u0113tikas uzkl\u0101\u0161anai.<\/p>\n<p>Ieteicam\u0101 ikdienas lieto\u0161anas sec\u012bba:<\/p>\n<ol>\n<li>Att\u012br\u012b\u0161ana; 2. Toniz\u0113\u0161ana; 3. Serums; 4. Acu kr\u0113ms un\u00a0<strong>Sejas kr\u0113ms<\/strong><\/li>\n<\/ol>\n<p>Vielu siner\u0123isk\u0101s iedarb\u012bbas nodro\u0161in\u0101\u0161anai ieteicams lietot kop\u0101 ar citiem FITODROGA produktiem.<\/p>\n<p>Iepakojums.<\/p>\n<p>Kr\u0113ms pild\u012bts p\u0101rstr\u0101d\u0101jam\u0101 vakuuma (air-less) iepakojum\u0101. Tas izsl\u0113dz produkta mikrobiolo\u0123isko pies\u0101r\u0146ojumu t\u0101 lieto\u0161anas laik\u0101 \u2013 produkts nesaskaras ar gaisu un mikroorganismiem.<\/p>\n<p>INCI saraksts:<\/p>\n<p>Aqua, Isoamyl Laurate\u00a0<sup>*<\/sup>, Glycerin, Cetearyl Alcohol *, Glyceryl Stearate Citrate*, Caprylic\/Capric Triglyceride*, Propylheptyl Caprylate, Squalane, Saccharide Isomerate*, Butyrospermum Parkii (Shea) Butter*, Glyceryl Caprylate*, Tocopheryl Acetate, Artemisia Umbelliformis Flower Extract*,\u00a0\u00a0 Phenoxyethanol, Parfum, Caprylyl Glycol, Sodium Polyacrylate, Ethylhexylglycerin, Xanthan Gum*, Tocopherol, Sodium Benzoate, Sodium Citrate, Potassium Sorbate, Citric Acid<\/p>\n<p><em>* COSMOS, Ecocert certified raw materials<\/em><\/p>\n<hr \/>\n<div class=\"woocommerce-tabs wc-tabs-wrapper\">\n<div id=\"tab-description\" class=\"woocommerce-Tabs-panel woocommerce-Tabs-panel--description panel entry-content wc-tab\" role=\"tabpanel\" aria-labelledby=\"tab-title-description\">\n<p><span class=\"moze-large\"><strong>FACIAL FOAM WASH<\/strong>. Gais\u012bgas putas dzi\u013cai un saudz\u012bgai sejas mazg\u0101\u0161anai. Piem\u0113rotas ar\u012b lieto\u0161anai acu zon\u0101.\u00a0<\/span><span class=\"moze-large\">T\u0101s r\u016bp\u012bgi un efekt\u012bvi att\u012bra \u0101du no net\u012brumiem un dekorat\u012bv\u0101s kosm\u0113tikas. Nomierina \u0101du, samazina kairin\u0101jumu un regul\u0113 paaugstin\u0101tu \u0101das jut\u012bgumu.\u00a0 Pie\u0161\u0137ir \u0101dai maigumu un vesel\u012bgu starojumu.<\/span><\/p>\n<ul>\n<li><span class=\"moze-large\">Dab\u012bgais\u00a0<\/span><b><span class=\"moze-large\">augu akt\u012bvo vielu komplekss PENTAVITIN\u00ae<\/span><\/b><span class=\"moze-large\">\u00a0nodro\u0161ina dzi\u013cu ilgtermi\u0146a \u0101das mitrin\u0101\u0161anu.<\/span><\/li>\n<li><b><span class=\"moze-large\">Vitam\u012bns B3<\/span><\/b><span class=\"moze-large\">\u00a0regul\u0113 tauku dziedzeru darb\u012bbu.<\/span><\/li>\n<li><b><span class=\"moze-large\">Nesatur\u00a0<\/span><\/b><span class=\"moze-large\">sulf\u0101tu b\u0101zes mazg\u0101jo\u0161\u0101s vielas ( SLES, SLS), bet gan \u012bpa\u0161i maigas mazg\u0101jo\u0161\u0101s vielas.<\/span><\/li>\n<\/ul>\n<h6><b><span class=\"moze-large\">\u0100DAS TIPS<\/span><\/b><\/h6>\n<p><span class=\"moze-large\">Visiem \u0101das tipiem. Piem\u0113rots ar\u012b jut\u012bgai \u0101dai.<\/span><\/p>\n<h6 class=\"moze-justify\"><b><span class=\"moze-large\">NEPIECIE\u0160AMS<\/span><\/b><\/h6>\n<div class=\"moze-justify\"><span class=\"moze-large\">Pareizi att\u012br\u012btas un l\u012bdzsvarotas \u0101das ieg\u016b\u0161anai.<\/span><\/div>\n<h6><strong><span class=\"moze-large\">LIETO\u0160ANA<\/span><\/strong><\/h6>\n<p><span class=\"moze-large\">Sejas putas ieteicams ikdienas lieto\u0161anai. R\u012btos un vakaros putas uzkl\u0101j uz samitrin\u0101tas sejas \u0101das, maigi iemas\u0113 un noskalo ar \u016bdeni. Tad toniz\u0113 \u0101du ar\u00a0<a href=\"https:\/\/www.avemed.lv\/produkts\/fitodroga-cleansing-face-tonic-anti-age-attiross-sejas-toniks-ar-pretnovecosanas-iedarbibu-250-ml\/\">FITODROGA CLEANSING FACE TONIC\u00a0<\/a>\u00a0un uzkl\u0101j atbilsto\u0161u \u0161\u012bs l\u012bnijas kr\u0113mu.<\/span><\/p>\n<h6><strong>PAR\u00a0<\/strong><b><span class=\"moze-large\"><strong>P<\/strong>ENTAVITIN\u00ae<\/span><\/b><\/h6>\n<p><span class=\"moze-large\">PENTAVITIN (akt\u012bv\u0101 viela Saccharide Isomerate) ir \u0101dai identisks karbohidr\u0101tu komplekss. Lietojot produktus, kuru sast\u0101v\u0101 ir dab\u012bg\u0101 bioakt\u012bv\u0101 viela PENTAVITIN<\/span><sup><span class=\"moze-large\">\u00ae<\/span><\/sup><span class=\"moze-large\">, tiek nodro\u0161in\u0101ta dzi\u013ca ilgtermi\u0146a \u0101das mitrin\u0101\u0161ana. Sausa un nogurusi \u0101da k\u013c\u016bst redzami glud\u0101ka un starojo\u0161\u0101ka.\u00a0 100% dab\u012bga, biotehnolo\u0123iskos procesos no augiem ieg\u016bta viela. Sertific\u0113ts Ecocert<\/span><sup><span class=\"moze-large\">\u00ae\u00a0<\/span><\/sup><\/p>\n<\/div>\n<\/div>\n","protected":false},"excerpt":{"rendered":"<ul>\n<li><strong>Face Cream Anti Age<\/strong> &#8211; Z\u012bdainas tekst\u016bras kopjo\u0161s sejas kr\u0113ms ar shea sviestu un ol\u012bvu skval\u0101nu dab\u012bg\u0101s \u0101das aizsargbarjeras stiprin\u0101\u0161anai, nodro\u0161inot ilgsto\u0161u komforta saj\u016btu.<\/li>\n<li><strong>Facial Foam Wash <\/strong>&#8211; <span class=\"moze-large\">Dab\u012bgais\u00a0<\/span><b><span class=\"moze-large\">augu akt\u012bvo vielu komplekss. PENTAVITIN\u00ae<\/span><\/b><span class=\"moze-large\">\u00a0nodro\u0161ina dzi\u013cu ilgtermi\u0146a \u0101das mitrin\u0101\u0161anu.<\/span><b><span class=\"moze-large\">Vitam\u012bns B3<\/span><\/b><span class=\"moze-large\">\u00a0regul\u0113 tauku dziedzeru darb\u012bbu.<\/span><b><span class=\"moze-large\">Nesatur\u00a0<\/span><\/b><span class=\"moze-large\">sulf\u0101tu b\u0101zes mazg\u0101jo\u0161\u0101s vielas ( SLES, SLS), bet gan \u012bpa\u0161i maigas mazg\u0101jo\u0161\u0101s vielas.<\/span><\/li>\n<\/ul>\n<p>&nbsp;<\/p>\n","protected":false},"featured_media":2494,"template":"","meta":{"site-sidebar-layout":"default","site-content-layout":"","ast-site-content-layout":"default","site-content-style":"default","site-sidebar-style":"default","ast-global-header-display":"","ast-banner-title-visibility":"","ast-main-header-display":"","ast-hfb-above-header-display":"","ast-hfb-below-header-display":"","ast-hfb-mobile-header-display":"","site-post-title":"","ast-breadcrumbs-content":"","ast-featured-img":"","footer-sml-layout":"","theme-transparent-header-meta":"default","adv-header-id-meta":"","stick-header-meta":"","header-above-stick-meta":"","header-main-stick-meta":"","header-below-stick-meta":"","astra-migrate-meta-layouts":"set","ast-page-background-enabled":"default","ast-page-background-meta":{"desktop":{"background-color":"var(--ast-global-color-4)","background-image":"","background-repeat":"repeat","background-position":"center center","background-size":"auto","background-attachment":"scroll","background-type":"","background-media":"","overlay-type":"","overlay-color":"","overlay-opacity":"","overlay-gradient":""},"tablet":{"background-color":"","background-image":"","background-repeat":"repeat","background-position":"center center","background-size":"auto","background-attachment":"scroll","background-type":"","background-media":"","overlay-type":"","overlay-color":"","overlay-opacity":"","overlay-gradient":""},"mobile":{"background-color":"","background-image":"","background-repeat":"repeat","background-position":"center center","background-size":"auto","background-attachment":"scroll","background-type":"","background-media":"","overlay-type":"","overlay-color":"","overlay-opacity":"","overlay-gradient":""}},"ast-content-background-meta":{"desktop":{"background-color":"var(--ast-global-color-5)","background-image":"","background-repeat":"repeat","background-position":"center center","background-size":"auto","background-attachment":"scroll","background-type":"","background-media":"","overlay-type":"","overlay-color":"","overlay-opacity":"","overlay-gradient":""},"tablet":{"background-color":"var(--ast-global-color-5)","background-image":"","background-repeat":"repeat","background-position":"center center","background-size":"auto","background-attachment":"scroll","background-type":"","background-media":"","overlay-type":"","overlay-color":"","overlay-opacity":"","overlay-gradient":""},"mobile":{"background-color":"var(--ast-global-color-5)","background-image":"","background-repeat":"repeat","background-position":"center center","background-size":"auto","background-attachment":"scroll","background-type":"","background-media":"","overlay-type":"","overlay-color":"","overlay-opacity":"","overlay-gradient":""}},"iawp_total_views":946},"product_brand":[],"product_cat":[52,58,42,38],"product_tag":[],"class_list":{"0":"post-2240","1":"product","2":"type-product","3":"status-publish","4":"has-post-thumbnail","6":"product_cat-attirisana","7":"product_cat-produktu-komplekti","8":"product_cat-krems","9":"product_cat-sejas-kopsana","10":"desktop-align-left","11":"tablet-align-left","12":"mobile-align-left","14":"first","15":"instock","16":"sale","17":"taxable","18":"shipping-taxable","19":"purchasable","20":"product-type-woosb"},"yoast_head":"<!-- This site is optimized with the Yoast SEO plugin v26.0 - https:\/\/yoast.com\/wordpress\/plugins\/seo\/ -->\n<title>Komplekts Fitodroga Facial Foam Wash + Face Cream Anti Age - Fitodroga dermokosm\u0113tika<\/title>\n<meta name=\"description\" content=\"FITODROGA komplekts - Face Cream Anti Age + Facial Foam Wash. Gais\u012bgas putas dzi\u013cai un saudz\u012bgai sejas mazg\u0101\u0161anai + Pretnoveco\u0161an\u0101s sejas kr\u0113ms.\" \/>\n<meta name=\"robots\" content=\"index, follow, max-snippet:-1, max-image-preview:large, max-video-preview:-1\" \/>\n<link rel=\"canonical\" href=\"https:\/\/www.fitodroga.com\/en\/product\/komplekts-fitodroga-face-cream-anti-age-facial-foam-wash\/\" \/>\n<meta property=\"og:locale\" content=\"en_US\" \/>\n<meta property=\"og:type\" content=\"article\" \/>\n<meta property=\"og:title\" content=\"Komplekts Fitodroga Facial Foam Wash + Face Cream Anti Age - Fitodroga dermokosm\u0113tika\" \/>\n<meta property=\"og:description\" content=\"FITODROGA komplekts - Face Cream Anti Age + Facial Foam Wash. Gais\u012bgas putas dzi\u013cai un saudz\u012bgai sejas mazg\u0101\u0161anai + Pretnoveco\u0161an\u0101s sejas kr\u0113ms.\" \/>\n<meta property=\"og:url\" content=\"https:\/\/www.fitodroga.com\/en\/product\/komplekts-fitodroga-face-cream-anti-age-facial-foam-wash\/\" \/>\n<meta property=\"og:site_name\" content=\"Fitodroga dermokosm\u0113tika\" \/>\n<meta property=\"article:modified_time\" content=\"2026-03-23T11:02:53+00:00\" \/>\n<meta property=\"og:image\" content=\"https:\/\/www.fitodroga.com\/wp-content\/uploads\/2025\/09\/Putas-face-cream-anti-age-100ml.jpg\" \/>\n\t<meta property=\"og:image:width\" content=\"1200\" \/>\n\t<meta property=\"og:image:height\" content=\"1500\" \/>\n\t<meta property=\"og:image:type\" content=\"image\/jpeg\" \/>\n<meta name=\"twitter:card\" content=\"summary_large_image\" \/>\n<meta name=\"twitter:label1\" content=\"Est. reading time\" \/>\n\t<meta name=\"twitter:data1\" content=\"3 minutes\" \/>\n<script type=\"application\/ld+json\" class=\"yoast-schema-graph\">{\"@context\":\"https:\/\/schema.org\",\"@graph\":[{\"@type\":\"WebPage\",\"@id\":\"https:\/\/www.fitodroga.com\/en\/product\/komplekts-fitodroga-face-cream-anti-age-facial-foam-wash\/\",\"url\":\"https:\/\/www.fitodroga.com\/en\/product\/komplekts-fitodroga-face-cream-anti-age-facial-foam-wash\/\",\"name\":\"Komplekts Fitodroga Facial Foam Wash + Face Cream Anti Age - Fitodroga dermokosm\u0113tika\",\"isPartOf\":{\"@id\":\"https:\/\/fitodroga.lotos-pharma.com\/#website\"},\"primaryImageOfPage\":{\"@id\":\"https:\/\/www.fitodroga.com\/en\/product\/komplekts-fitodroga-face-cream-anti-age-facial-foam-wash\/#primaryimage\"},\"image\":{\"@id\":\"https:\/\/www.fitodroga.com\/en\/product\/komplekts-fitodroga-face-cream-anti-age-facial-foam-wash\/#primaryimage\"},\"thumbnailUrl\":\"https:\/\/www.fitodroga.com\/wp-content\/uploads\/2025\/09\/Putas-face-cream-anti-age-100ml.jpg\",\"datePublished\":\"2025-09-25T15:48:32+00:00\",\"dateModified\":\"2026-03-23T11:02:53+00:00\",\"description\":\"FITODROGA komplekts - Face Cream Anti Age + Facial Foam Wash. Gais\u012bgas putas dzi\u013cai un saudz\u012bgai sejas mazg\u0101\u0161anai + Pretnoveco\u0161an\u0101s sejas kr\u0113ms.\",\"breadcrumb\":{\"@id\":\"https:\/\/www.fitodroga.com\/en\/product\/komplekts-fitodroga-face-cream-anti-age-facial-foam-wash\/#breadcrumb\"},\"inLanguage\":\"en-US\",\"potentialAction\":[{\"@type\":\"ReadAction\",\"target\":[\"https:\/\/www.fitodroga.com\/en\/product\/komplekts-fitodroga-face-cream-anti-age-facial-foam-wash\/\"]}]},{\"@type\":\"ImageObject\",\"inLanguage\":\"en-US\",\"@id\":\"https:\/\/www.fitodroga.com\/en\/product\/komplekts-fitodroga-face-cream-anti-age-facial-foam-wash\/#primaryimage\",\"url\":\"https:\/\/www.fitodroga.com\/wp-content\/uploads\/2025\/09\/Putas-face-cream-anti-age-100ml.jpg\",\"contentUrl\":\"https:\/\/www.fitodroga.com\/wp-content\/uploads\/2025\/09\/Putas-face-cream-anti-age-100ml.jpg\",\"width\":1200,\"height\":1500},{\"@type\":\"BreadcrumbList\",\"@id\":\"https:\/\/www.fitodroga.com\/en\/product\/komplekts-fitodroga-face-cream-anti-age-facial-foam-wash\/#breadcrumb\",\"itemListElement\":[{\"@type\":\"ListItem\",\"position\":1,\"name\":\"Home\",\"item\":\"https:\/\/www.fitodroga.com\/en\/\"},{\"@type\":\"ListItem\",\"position\":2,\"name\":\"VEIKALS\",\"item\":\"https:\/\/fitodroga.lotos-pharma.com\/shop-2\/\"},{\"@type\":\"ListItem\",\"position\":3,\"name\":\"Komplekts Fitodroga Facial Foam Wash + Face Cream Anti Age\"}]},{\"@type\":\"WebSite\",\"@id\":\"https:\/\/fitodroga.lotos-pharma.com\/#website\",\"url\":\"https:\/\/fitodroga.lotos-pharma.com\/\",\"name\":\"Fitodroga dermokosm\u0113tika\",\"description\":\"Natural Product - A New You\",\"publisher\":{\"@id\":\"https:\/\/fitodroga.lotos-pharma.com\/#organization\"},\"potentialAction\":[{\"@type\":\"SearchAction\",\"target\":{\"@type\":\"EntryPoint\",\"urlTemplate\":\"https:\/\/fitodroga.lotos-pharma.com\/?s={search_term_string}\"},\"query-input\":{\"@type\":\"PropertyValueSpecification\",\"valueRequired\":true,\"valueName\":\"search_term_string\"}}],\"inLanguage\":\"en-US\"},{\"@type\":\"Organization\",\"@id\":\"https:\/\/fitodroga.lotos-pharma.com\/#organization\",\"name\":\"Fitodroga dermokosm\u0113tika\",\"url\":\"https:\/\/fitodroga.lotos-pharma.com\/\",\"logo\":{\"@type\":\"ImageObject\",\"inLanguage\":\"en-US\",\"@id\":\"https:\/\/fitodroga.lotos-pharma.com\/#\/schema\/logo\/image\/\",\"url\":\"https:\/\/www.fitodroga.com\/wp-content\/uploads\/2025\/04\/cropped-Fitodroga_logo_text-scaled.png\",\"contentUrl\":\"https:\/\/www.fitodroga.com\/wp-content\/uploads\/2025\/04\/cropped-Fitodroga_logo_text-scaled.png\",\"width\":3334,\"height\":1111,\"caption\":\"Fitodroga dermokosm\u0113tika\"},\"image\":{\"@id\":\"https:\/\/fitodroga.lotos-pharma.com\/#\/schema\/logo\/image\/\"}}]}<\/script>\n<!-- \/ Yoast SEO plugin. -->","yoast_head_json":{"title":"Komplekts Fitodroga Facial Foam Wash + Face Cream Anti Age - Fitodroga dermokosm\u0113tika","description":"FITODROGA komplekts - Face Cream Anti Age + Facial Foam Wash. Gais\u012bgas putas dzi\u013cai un saudz\u012bgai sejas mazg\u0101\u0161anai + Pretnoveco\u0161an\u0101s sejas kr\u0113ms.","robots":{"index":"index","follow":"follow","max-snippet":"max-snippet:-1","max-image-preview":"max-image-preview:large","max-video-preview":"max-video-preview:-1"},"canonical":"https:\/\/www.fitodroga.com\/en\/product\/komplekts-fitodroga-face-cream-anti-age-facial-foam-wash\/","og_locale":"en_US","og_type":"article","og_title":"Komplekts Fitodroga Facial Foam Wash + Face Cream Anti Age - Fitodroga dermokosm\u0113tika","og_description":"FITODROGA komplekts - Face Cream Anti Age + Facial Foam Wash. Gais\u012bgas putas dzi\u013cai un saudz\u012bgai sejas mazg\u0101\u0161anai + Pretnoveco\u0161an\u0101s sejas kr\u0113ms.","og_url":"https:\/\/www.fitodroga.com\/en\/product\/komplekts-fitodroga-face-cream-anti-age-facial-foam-wash\/","og_site_name":"Fitodroga dermokosm\u0113tika","article_modified_time":"2026-03-23T11:02:53+00:00","og_image":[{"width":1200,"height":1500,"url":"https:\/\/www.fitodroga.com\/wp-content\/uploads\/2025\/09\/Putas-face-cream-anti-age-100ml.jpg","type":"image\/jpeg"}],"twitter_card":"summary_large_image","twitter_misc":{"Est. reading time":"3 minutes"},"schema":{"@context":"https:\/\/schema.org","@graph":[{"@type":"WebPage","@id":"https:\/\/www.fitodroga.com\/en\/product\/komplekts-fitodroga-face-cream-anti-age-facial-foam-wash\/","url":"https:\/\/www.fitodroga.com\/en\/product\/komplekts-fitodroga-face-cream-anti-age-facial-foam-wash\/","name":"Komplekts Fitodroga Facial Foam Wash + Face Cream Anti Age - Fitodroga dermokosm\u0113tika","isPartOf":{"@id":"https:\/\/fitodroga.lotos-pharma.com\/#website"},"primaryImageOfPage":{"@id":"https:\/\/www.fitodroga.com\/en\/product\/komplekts-fitodroga-face-cream-anti-age-facial-foam-wash\/#primaryimage"},"image":{"@id":"https:\/\/www.fitodroga.com\/en\/product\/komplekts-fitodroga-face-cream-anti-age-facial-foam-wash\/#primaryimage"},"thumbnailUrl":"https:\/\/www.fitodroga.com\/wp-content\/uploads\/2025\/09\/Putas-face-cream-anti-age-100ml.jpg","datePublished":"2025-09-25T15:48:32+00:00","dateModified":"2026-03-23T11:02:53+00:00","description":"FITODROGA komplekts - Face Cream Anti Age + Facial Foam Wash. Gais\u012bgas putas dzi\u013cai un saudz\u012bgai sejas mazg\u0101\u0161anai + Pretnoveco\u0161an\u0101s sejas kr\u0113ms.","breadcrumb":{"@id":"https:\/\/www.fitodroga.com\/en\/product\/komplekts-fitodroga-face-cream-anti-age-facial-foam-wash\/#breadcrumb"},"inLanguage":"en-US","potentialAction":[{"@type":"ReadAction","target":["https:\/\/www.fitodroga.com\/en\/product\/komplekts-fitodroga-face-cream-anti-age-facial-foam-wash\/"]}]},{"@type":"ImageObject","inLanguage":"en-US","@id":"https:\/\/www.fitodroga.com\/en\/product\/komplekts-fitodroga-face-cream-anti-age-facial-foam-wash\/#primaryimage","url":"https:\/\/www.fitodroga.com\/wp-content\/uploads\/2025\/09\/Putas-face-cream-anti-age-100ml.jpg","contentUrl":"https:\/\/www.fitodroga.com\/wp-content\/uploads\/2025\/09\/Putas-face-cream-anti-age-100ml.jpg","width":1200,"height":1500},{"@type":"BreadcrumbList","@id":"https:\/\/www.fitodroga.com\/en\/product\/komplekts-fitodroga-face-cream-anti-age-facial-foam-wash\/#breadcrumb","itemListElement":[{"@type":"ListItem","position":1,"name":"Home","item":"https:\/\/www.fitodroga.com\/en\/"},{"@type":"ListItem","position":2,"name":"VEIKALS","item":"https:\/\/fitodroga.lotos-pharma.com\/shop-2\/"},{"@type":"ListItem","position":3,"name":"Komplekts Fitodroga Facial Foam Wash + Face Cream Anti Age"}]},{"@type":"WebSite","@id":"https:\/\/fitodroga.lotos-pharma.com\/#website","url":"https:\/\/fitodroga.lotos-pharma.com\/","name":"Fitodroga dermokosm\u0113tika","description":"Natural Product - A New You","publisher":{"@id":"https:\/\/fitodroga.lotos-pharma.com\/#organization"},"potentialAction":[{"@type":"SearchAction","target":{"@type":"EntryPoint","urlTemplate":"https:\/\/fitodroga.lotos-pharma.com\/?s={search_term_string}"},"query-input":{"@type":"PropertyValueSpecification","valueRequired":true,"valueName":"search_term_string"}}],"inLanguage":"en-US"},{"@type":"Organization","@id":"https:\/\/fitodroga.lotos-pharma.com\/#organization","name":"Fitodroga dermokosm\u0113tika","url":"https:\/\/fitodroga.lotos-pharma.com\/","logo":{"@type":"ImageObject","inLanguage":"en-US","@id":"https:\/\/fitodroga.lotos-pharma.com\/#\/schema\/logo\/image\/","url":"https:\/\/www.fitodroga.com\/wp-content\/uploads\/2025\/04\/cropped-Fitodroga_logo_text-scaled.png","contentUrl":"https:\/\/www.fitodroga.com\/wp-content\/uploads\/2025\/04\/cropped-Fitodroga_logo_text-scaled.png","width":3334,"height":1111,"caption":"Fitodroga dermokosm\u0113tika"},"image":{"@id":"https:\/\/fitodroga.lotos-pharma.com\/#\/schema\/logo\/image\/"}}]}},"_links":{"self":[{"href":"https:\/\/www.fitodroga.com\/en\/wp-json\/wp\/v2\/product\/2240","targetHints":{"allow":["GET"]}}],"collection":[{"href":"https:\/\/www.fitodroga.com\/en\/wp-json\/wp\/v2\/product"}],"about":[{"href":"https:\/\/www.fitodroga.com\/en\/wp-json\/wp\/v2\/types\/product"}],"wp:featuredmedia":[{"embeddable":true,"href":"https:\/\/www.fitodroga.com\/en\/wp-json\/wp\/v2\/media\/2494"}],"wp:attachment":[{"href":"https:\/\/www.fitodroga.com\/en\/wp-json\/wp\/v2\/media?parent=2240"}],"wp:term":[{"taxonomy":"product_brand","embeddable":true,"href":"https:\/\/www.fitodroga.com\/en\/wp-json\/wp\/v2\/product_brand?post=2240"},{"taxonomy":"product_cat","embeddable":true,"href":"https:\/\/www.fitodroga.com\/en\/wp-json\/wp\/v2\/product_cat?post=2240"},{"taxonomy":"product_tag","embeddable":true,"href":"https:\/\/www.fitodroga.com\/en\/wp-json\/wp\/v2\/product_tag?post=2240"}],"curies":[{"name":"wp","href":"https:\/\/api.w.org\/{rel}","templated":true}]}}