{"id":2399,"date":"2026-01-23T08:37:07","date_gmt":"2026-01-23T08:37:07","guid":{"rendered":"https:\/\/www.fitodroga.com\/?post_type=product&#038;p=2399"},"modified":"2026-02-02T14:11:23","modified_gmt":"2026-02-02T14:11:23","slug":"eye-cream-firming-care-nostiprinoss-krems-acu-zonas-kopsanai-30-ml","status":"publish","type":"product","link":"https:\/\/www.fitodroga.com\/en\/product\/eye-cream-firming-care-nostiprinoss-krems-acu-zonas-kopsanai-30-ml\/","title":{"rendered":"JAUNUMS! EYE CREAM. FIRMING CARE. Nostiprino\u0161s kr\u0113ms acu zonas kop\u0161anai (30 ml)"},"content":{"rendered":"<p>Kr\u0113ms viegli kl\u0101jas un \u0101tri ies\u016bcas \u0101d\u0101.<\/p>\n<ul>\n<li>Neitr\u0101la, gaisto\u0161a smar\u017ea bez alerg\u0113niem.<\/li>\n<li>Dermatolo\u0123iski test\u0113ts.<\/li>\n<li>Ar\u012b jut\u012bgai \u0101dai.<\/li>\n<li>Piem\u0113rots no 40+<\/li>\n<\/ul>\n<p>V\u0113rt\u012bg\u0101s sast\u0101vda\u013cas:<\/p>\n<ul>\n<li>b\u0113rza meln\u0101s piepes (\u010cagas) ekstrakts<\/li>\n<li>biopieejamu pept\u012bdu komplekss<\/li>\n<li>augu komplekss PENTAVITIN<sup>\u00ae<\/sup> (akt\u012bv\u0101 viela- Saccharide Isomerate)<\/li>\n<li>ol\u012bvu skval\u0101ns<\/li>\n<\/ul>\n<p>Iedarb\u012bba:<\/p>\n<ul>\n<li>mazina tum\u0161os lokus un piet\u016bkumu acu zon\u0101<\/li>\n<li>atbalsta kolag\u0113na sint\u0113zi<\/li>\n<li>atbalsta \u0101das dab\u012bgo aizsargbarjeru<\/li>\n<li>nodro\u0161ina dzi\u013cu ilgtermi\u0146a \u0101das mitrin\u0101\u0161anu<\/li>\n<\/ul>\n<p>Lieto\u0161ana:<\/p>\n<p>Uzkl\u0101j uz att\u012br\u012btas \u0101das acu zonai r\u012btos un vakaros. Lieto kop\u0101 ar LIFT ACTIVE sejas kr\u0113mu.<\/p>\n<p>Iepakojums.<\/p>\n<p>Kr\u0113ms pild\u012bts p\u0101rstr\u0101d\u0101jam\u0101 vakuuma (air-less) iepakojum\u0101. Tas izsl\u0113dz produkta mikrobiolo\u0123isko pies\u0101r\u0146ojumu t\u0101 lieto\u0161anas laik\u0101 &#8211; produkts nesaskaras ar gaisu un mikroorganismiem.<\/p>\n<p>INCI<\/p>\n<p>Aqua, Isoamyl Laurate*, Glycerin, Cetearyl Alcohol*, Glyceryl Stearate Citrate*, Propylheptyl Caprylate, Caprylic\/Capric Triglyceride*, Squalane, Saccharide Isomerate*, Glyceryl Caprylate*, Tocopheryl Acetate, Dimethyl Isosorbide, Polysorbate 20, Acetyl Tetrapeptide-11, Acetyl Tetrapeptide-9, Inonotus Obliquus (Mushroom) Extract*, Phenoxyethanol, Parfum, Caprylyl Glycol, Tocopherol, Sodium Polyacrylate, Ethylhexylglycerin, Xanthan Gum*, Sodium Citrate, Citric Acid<\/p>\n<p><em>* COSMOS, Ecocert certified raw materials<\/em><\/p>\n","protected":false},"excerpt":{"rendered":"<p>\u013boti vieglas tekst\u016bras kr\u0113ms acu zonas kop\u0161anai. Mazina tum\u0161os lokus un piet\u016bkumu acu zon\u0101, ko nodro\u0161ina patent\u0113ts b\u0113rza \u010dagas ekstrakts. Satur patent\u0113tu biopieejamu pept\u012bdu kompleksu, kas atbalsta kolag\u0113na sint\u0113zi, veicinot nostiprino\u0161o efektu. Dzi\u013cu ilgtermi\u0146a mitrin\u0101\u0161anu nodro\u0161ina augu komplekss PENTAVITIN<sup>\u00ae .<\/sup><\/p>\n","protected":false},"featured_media":2400,"template":"","meta":{"site-sidebar-layout":"default","site-content-layout":"","ast-site-content-layout":"default","site-content-style":"default","site-sidebar-style":"default","ast-global-header-display":"","ast-banner-title-visibility":"","ast-main-header-display":"","ast-hfb-above-header-display":"","ast-hfb-below-header-display":"","ast-hfb-mobile-header-display":"","site-post-title":"","ast-breadcrumbs-content":"","ast-featured-img":"","footer-sml-layout":"","theme-transparent-header-meta":"default","adv-header-id-meta":"","stick-header-meta":"","header-above-stick-meta":"","header-main-stick-meta":"","header-below-stick-meta":"","astra-migrate-meta-layouts":"set","ast-page-background-enabled":"default","ast-page-background-meta":{"desktop":{"background-color":"var(--ast-global-color-4)","background-image":"","background-repeat":"repeat","background-position":"center center","background-size":"auto","background-attachment":"scroll","background-type":"","background-media":"","overlay-type":"","overlay-color":"","overlay-opacity":"","overlay-gradient":""},"tablet":{"background-color":"","background-image":"","background-repeat":"repeat","background-position":"center center","background-size":"auto","background-attachment":"scroll","background-type":"","background-media":"","overlay-type":"","overlay-color":"","overlay-opacity":"","overlay-gradient":""},"mobile":{"background-color":"","background-image":"","background-repeat":"repeat","background-position":"center center","background-size":"auto","background-attachment":"scroll","background-type":"","background-media":"","overlay-type":"","overlay-color":"","overlay-opacity":"","overlay-gradient":""}},"ast-content-background-meta":{"desktop":{"background-color":"var(--ast-global-color-5)","background-image":"","background-repeat":"repeat","background-position":"center center","background-size":"auto","background-attachment":"scroll","background-type":"","background-media":"","overlay-type":"","overlay-color":"","overlay-opacity":"","overlay-gradient":""},"tablet":{"background-color":"var(--ast-global-color-5)","background-image":"","background-repeat":"repeat","background-position":"center center","background-size":"auto","background-attachment":"scroll","background-type":"","background-media":"","overlay-type":"","overlay-color":"","overlay-opacity":"","overlay-gradient":""},"mobile":{"background-color":"var(--ast-global-color-5)","background-image":"","background-repeat":"repeat","background-position":"center center","background-size":"auto","background-attachment":"scroll","background-type":"","background-media":"","overlay-type":"","overlay-color":"","overlay-opacity":"","overlay-gradient":""}},"iawp_total_views":92},"product_brand":[],"product_cat":[46,38],"product_tag":[],"class_list":{"0":"post-2399","1":"product","2":"type-product","3":"status-publish","4":"has-post-thumbnail","6":"product_cat-acu-krems","7":"product_cat-sejas-kopsana","8":"desktop-align-left","9":"tablet-align-left","10":"mobile-align-left","12":"first","13":"instock","14":"sale","15":"taxable","16":"shipping-taxable","17":"purchasable","18":"product-type-simple"},"yoast_head":"<!-- This site is optimized with the Yoast SEO plugin v26.0 - https:\/\/yoast.com\/wordpress\/plugins\/seo\/ -->\n<title>JAUNUMS! EYE CREAM. FIRMING CARE. Nostiprino\u0161s kr\u0113ms acu zonas kop\u0161anai (30 ml) - Fitodroga dermokosm\u0113tika<\/title>\n<meta name=\"robots\" content=\"index, follow, max-snippet:-1, max-image-preview:large, max-video-preview:-1\" \/>\n<link rel=\"canonical\" href=\"https:\/\/www.fitodroga.com\/en\/product\/eye-cream-firming-care-nostiprinoss-krems-acu-zonas-kopsanai-30-ml\/\" \/>\n<meta property=\"og:locale\" content=\"en_US\" \/>\n<meta property=\"og:type\" content=\"article\" \/>\n<meta property=\"og:title\" content=\"JAUNUMS! EYE CREAM. FIRMING CARE. Nostiprino\u0161s kr\u0113ms acu zonas kop\u0161anai (30 ml) - Fitodroga dermokosm\u0113tika\" \/>\n<meta property=\"og:description\" content=\"\u013boti vieglas tekst\u016bras kr\u0113ms acu zonas kop\u0161anai. Mazina tum\u0161os lokus un piet\u016bkumu acu zon\u0101, ko nodro\u0161ina patent\u0113ts b\u0113rza \u010dagas ekstrakts. Satur patent\u0113tu biopieejamu pept\u012bdu kompleksu, kas atbalsta kolag\u0113na sint\u0113zi, veicinot nostiprino\u0161o efektu. Dzi\u013cu ilgtermi\u0146a mitrin\u0101\u0161anu nodro\u0161ina augu komplekss PENTAVITIN\u00ae .\" \/>\n<meta property=\"og:url\" content=\"https:\/\/www.fitodroga.com\/en\/product\/eye-cream-firming-care-nostiprinoss-krems-acu-zonas-kopsanai-30-ml\/\" \/>\n<meta property=\"og:site_name\" content=\"Fitodroga dermokosm\u0113tika\" \/>\n<meta property=\"article:modified_time\" content=\"2026-02-02T14:11:23+00:00\" \/>\n<meta property=\"og:image\" content=\"https:\/\/www.fitodroga.com\/wp-content\/uploads\/2026\/01\/Fitodroga_EyeCreme_FirmingCare_30ml.jpg\" \/>\n\t<meta property=\"og:image:width\" content=\"1200\" \/>\n\t<meta property=\"og:image:height\" content=\"1200\" \/>\n\t<meta property=\"og:image:type\" content=\"image\/jpeg\" \/>\n<meta name=\"twitter:card\" content=\"summary_large_image\" \/>\n<meta name=\"twitter:label1\" content=\"Est. reading time\" \/>\n\t<meta name=\"twitter:data1\" content=\"2 minutes\" \/>\n<script type=\"application\/ld+json\" class=\"yoast-schema-graph\">{\"@context\":\"https:\/\/schema.org\",\"@graph\":[{\"@type\":\"WebPage\",\"@id\":\"https:\/\/www.fitodroga.com\/en\/product\/eye-cream-firming-care-nostiprinoss-krems-acu-zonas-kopsanai-30-ml\/\",\"url\":\"https:\/\/www.fitodroga.com\/en\/product\/eye-cream-firming-care-nostiprinoss-krems-acu-zonas-kopsanai-30-ml\/\",\"name\":\"JAUNUMS! EYE CREAM. FIRMING CARE. Nostiprino\u0161s kr\u0113ms acu zonas kop\u0161anai (30 ml) - Fitodroga dermokosm\u0113tika\",\"isPartOf\":{\"@id\":\"https:\/\/fitodroga.lotos-pharma.com\/#website\"},\"primaryImageOfPage\":{\"@id\":\"https:\/\/www.fitodroga.com\/en\/product\/eye-cream-firming-care-nostiprinoss-krems-acu-zonas-kopsanai-30-ml\/#primaryimage\"},\"image\":{\"@id\":\"https:\/\/www.fitodroga.com\/en\/product\/eye-cream-firming-care-nostiprinoss-krems-acu-zonas-kopsanai-30-ml\/#primaryimage\"},\"thumbnailUrl\":\"https:\/\/www.fitodroga.com\/wp-content\/uploads\/2026\/01\/Fitodroga_EyeCreme_FirmingCare_30ml.jpg\",\"datePublished\":\"2026-01-23T08:37:07+00:00\",\"dateModified\":\"2026-02-02T14:11:23+00:00\",\"breadcrumb\":{\"@id\":\"https:\/\/www.fitodroga.com\/en\/product\/eye-cream-firming-care-nostiprinoss-krems-acu-zonas-kopsanai-30-ml\/#breadcrumb\"},\"inLanguage\":\"en-US\",\"potentialAction\":[{\"@type\":\"ReadAction\",\"target\":[\"https:\/\/www.fitodroga.com\/en\/product\/eye-cream-firming-care-nostiprinoss-krems-acu-zonas-kopsanai-30-ml\/\"]}]},{\"@type\":\"ImageObject\",\"inLanguage\":\"en-US\",\"@id\":\"https:\/\/www.fitodroga.com\/en\/product\/eye-cream-firming-care-nostiprinoss-krems-acu-zonas-kopsanai-30-ml\/#primaryimage\",\"url\":\"https:\/\/www.fitodroga.com\/wp-content\/uploads\/2026\/01\/Fitodroga_EyeCreme_FirmingCare_30ml.jpg\",\"contentUrl\":\"https:\/\/www.fitodroga.com\/wp-content\/uploads\/2026\/01\/Fitodroga_EyeCreme_FirmingCare_30ml.jpg\",\"width\":1200,\"height\":1200},{\"@type\":\"BreadcrumbList\",\"@id\":\"https:\/\/www.fitodroga.com\/en\/product\/eye-cream-firming-care-nostiprinoss-krems-acu-zonas-kopsanai-30-ml\/#breadcrumb\",\"itemListElement\":[{\"@type\":\"ListItem\",\"position\":1,\"name\":\"Home\",\"item\":\"https:\/\/www.fitodroga.com\/en\/\"},{\"@type\":\"ListItem\",\"position\":2,\"name\":\"VEIKALS\",\"item\":\"https:\/\/fitodroga.lotos-pharma.com\/shop-2\/\"},{\"@type\":\"ListItem\",\"position\":3,\"name\":\"JAUNUMS! EYE CREAM. FIRMING CARE. Nostiprino\u0161s kr\u0113ms acu zonas kop\u0161anai (30 ml)\"}]},{\"@type\":\"WebSite\",\"@id\":\"https:\/\/fitodroga.lotos-pharma.com\/#website\",\"url\":\"https:\/\/fitodroga.lotos-pharma.com\/\",\"name\":\"Fitodroga dermokosm\u0113tika\",\"description\":\"Natural Product - A New You\",\"publisher\":{\"@id\":\"https:\/\/fitodroga.lotos-pharma.com\/#organization\"},\"potentialAction\":[{\"@type\":\"SearchAction\",\"target\":{\"@type\":\"EntryPoint\",\"urlTemplate\":\"https:\/\/fitodroga.lotos-pharma.com\/?s={search_term_string}\"},\"query-input\":{\"@type\":\"PropertyValueSpecification\",\"valueRequired\":true,\"valueName\":\"search_term_string\"}}],\"inLanguage\":\"en-US\"},{\"@type\":\"Organization\",\"@id\":\"https:\/\/fitodroga.lotos-pharma.com\/#organization\",\"name\":\"Fitodroga dermokosm\u0113tika\",\"url\":\"https:\/\/fitodroga.lotos-pharma.com\/\",\"logo\":{\"@type\":\"ImageObject\",\"inLanguage\":\"en-US\",\"@id\":\"https:\/\/fitodroga.lotos-pharma.com\/#\/schema\/logo\/image\/\",\"url\":\"https:\/\/www.fitodroga.com\/wp-content\/uploads\/2025\/04\/cropped-Fitodroga_logo_text-scaled.png\",\"contentUrl\":\"https:\/\/www.fitodroga.com\/wp-content\/uploads\/2025\/04\/cropped-Fitodroga_logo_text-scaled.png\",\"width\":3334,\"height\":1111,\"caption\":\"Fitodroga dermokosm\u0113tika\"},\"image\":{\"@id\":\"https:\/\/fitodroga.lotos-pharma.com\/#\/schema\/logo\/image\/\"}}]}<\/script>\n<!-- \/ Yoast SEO plugin. -->","yoast_head_json":{"title":"JAUNUMS! EYE CREAM. FIRMING CARE. Nostiprino\u0161s kr\u0113ms acu zonas kop\u0161anai (30 ml) - Fitodroga dermokosm\u0113tika","robots":{"index":"index","follow":"follow","max-snippet":"max-snippet:-1","max-image-preview":"max-image-preview:large","max-video-preview":"max-video-preview:-1"},"canonical":"https:\/\/www.fitodroga.com\/en\/product\/eye-cream-firming-care-nostiprinoss-krems-acu-zonas-kopsanai-30-ml\/","og_locale":"en_US","og_type":"article","og_title":"JAUNUMS! EYE CREAM. FIRMING CARE. Nostiprino\u0161s kr\u0113ms acu zonas kop\u0161anai (30 ml) - Fitodroga dermokosm\u0113tika","og_description":"\u013boti vieglas tekst\u016bras kr\u0113ms acu zonas kop\u0161anai. Mazina tum\u0161os lokus un piet\u016bkumu acu zon\u0101, ko nodro\u0161ina patent\u0113ts b\u0113rza \u010dagas ekstrakts. Satur patent\u0113tu biopieejamu pept\u012bdu kompleksu, kas atbalsta kolag\u0113na sint\u0113zi, veicinot nostiprino\u0161o efektu. Dzi\u013cu ilgtermi\u0146a mitrin\u0101\u0161anu nodro\u0161ina augu komplekss PENTAVITIN\u00ae .","og_url":"https:\/\/www.fitodroga.com\/en\/product\/eye-cream-firming-care-nostiprinoss-krems-acu-zonas-kopsanai-30-ml\/","og_site_name":"Fitodroga dermokosm\u0113tika","article_modified_time":"2026-02-02T14:11:23+00:00","og_image":[{"width":1200,"height":1200,"url":"https:\/\/www.fitodroga.com\/wp-content\/uploads\/2026\/01\/Fitodroga_EyeCreme_FirmingCare_30ml.jpg","type":"image\/jpeg"}],"twitter_card":"summary_large_image","twitter_misc":{"Est. reading time":"2 minutes"},"schema":{"@context":"https:\/\/schema.org","@graph":[{"@type":"WebPage","@id":"https:\/\/www.fitodroga.com\/en\/product\/eye-cream-firming-care-nostiprinoss-krems-acu-zonas-kopsanai-30-ml\/","url":"https:\/\/www.fitodroga.com\/en\/product\/eye-cream-firming-care-nostiprinoss-krems-acu-zonas-kopsanai-30-ml\/","name":"JAUNUMS! EYE CREAM. FIRMING CARE. Nostiprino\u0161s kr\u0113ms acu zonas kop\u0161anai (30 ml) - Fitodroga dermokosm\u0113tika","isPartOf":{"@id":"https:\/\/fitodroga.lotos-pharma.com\/#website"},"primaryImageOfPage":{"@id":"https:\/\/www.fitodroga.com\/en\/product\/eye-cream-firming-care-nostiprinoss-krems-acu-zonas-kopsanai-30-ml\/#primaryimage"},"image":{"@id":"https:\/\/www.fitodroga.com\/en\/product\/eye-cream-firming-care-nostiprinoss-krems-acu-zonas-kopsanai-30-ml\/#primaryimage"},"thumbnailUrl":"https:\/\/www.fitodroga.com\/wp-content\/uploads\/2026\/01\/Fitodroga_EyeCreme_FirmingCare_30ml.jpg","datePublished":"2026-01-23T08:37:07+00:00","dateModified":"2026-02-02T14:11:23+00:00","breadcrumb":{"@id":"https:\/\/www.fitodroga.com\/en\/product\/eye-cream-firming-care-nostiprinoss-krems-acu-zonas-kopsanai-30-ml\/#breadcrumb"},"inLanguage":"en-US","potentialAction":[{"@type":"ReadAction","target":["https:\/\/www.fitodroga.com\/en\/product\/eye-cream-firming-care-nostiprinoss-krems-acu-zonas-kopsanai-30-ml\/"]}]},{"@type":"ImageObject","inLanguage":"en-US","@id":"https:\/\/www.fitodroga.com\/en\/product\/eye-cream-firming-care-nostiprinoss-krems-acu-zonas-kopsanai-30-ml\/#primaryimage","url":"https:\/\/www.fitodroga.com\/wp-content\/uploads\/2026\/01\/Fitodroga_EyeCreme_FirmingCare_30ml.jpg","contentUrl":"https:\/\/www.fitodroga.com\/wp-content\/uploads\/2026\/01\/Fitodroga_EyeCreme_FirmingCare_30ml.jpg","width":1200,"height":1200},{"@type":"BreadcrumbList","@id":"https:\/\/www.fitodroga.com\/en\/product\/eye-cream-firming-care-nostiprinoss-krems-acu-zonas-kopsanai-30-ml\/#breadcrumb","itemListElement":[{"@type":"ListItem","position":1,"name":"Home","item":"https:\/\/www.fitodroga.com\/en\/"},{"@type":"ListItem","position":2,"name":"VEIKALS","item":"https:\/\/fitodroga.lotos-pharma.com\/shop-2\/"},{"@type":"ListItem","position":3,"name":"JAUNUMS! EYE CREAM. FIRMING CARE. Nostiprino\u0161s kr\u0113ms acu zonas kop\u0161anai (30 ml)"}]},{"@type":"WebSite","@id":"https:\/\/fitodroga.lotos-pharma.com\/#website","url":"https:\/\/fitodroga.lotos-pharma.com\/","name":"Fitodroga dermokosm\u0113tika","description":"Natural Product - A New You","publisher":{"@id":"https:\/\/fitodroga.lotos-pharma.com\/#organization"},"potentialAction":[{"@type":"SearchAction","target":{"@type":"EntryPoint","urlTemplate":"https:\/\/fitodroga.lotos-pharma.com\/?s={search_term_string}"},"query-input":{"@type":"PropertyValueSpecification","valueRequired":true,"valueName":"search_term_string"}}],"inLanguage":"en-US"},{"@type":"Organization","@id":"https:\/\/fitodroga.lotos-pharma.com\/#organization","name":"Fitodroga dermokosm\u0113tika","url":"https:\/\/fitodroga.lotos-pharma.com\/","logo":{"@type":"ImageObject","inLanguage":"en-US","@id":"https:\/\/fitodroga.lotos-pharma.com\/#\/schema\/logo\/image\/","url":"https:\/\/www.fitodroga.com\/wp-content\/uploads\/2025\/04\/cropped-Fitodroga_logo_text-scaled.png","contentUrl":"https:\/\/www.fitodroga.com\/wp-content\/uploads\/2025\/04\/cropped-Fitodroga_logo_text-scaled.png","width":3334,"height":1111,"caption":"Fitodroga dermokosm\u0113tika"},"image":{"@id":"https:\/\/fitodroga.lotos-pharma.com\/#\/schema\/logo\/image\/"}}]}},"_links":{"self":[{"href":"https:\/\/www.fitodroga.com\/en\/wp-json\/wp\/v2\/product\/2399","targetHints":{"allow":["GET"]}}],"collection":[{"href":"https:\/\/www.fitodroga.com\/en\/wp-json\/wp\/v2\/product"}],"about":[{"href":"https:\/\/www.fitodroga.com\/en\/wp-json\/wp\/v2\/types\/product"}],"wp:featuredmedia":[{"embeddable":true,"href":"https:\/\/www.fitodroga.com\/en\/wp-json\/wp\/v2\/media\/2400"}],"wp:attachment":[{"href":"https:\/\/www.fitodroga.com\/en\/wp-json\/wp\/v2\/media?parent=2399"}],"wp:term":[{"taxonomy":"product_brand","embeddable":true,"href":"https:\/\/www.fitodroga.com\/en\/wp-json\/wp\/v2\/product_brand?post=2399"},{"taxonomy":"product_cat","embeddable":true,"href":"https:\/\/www.fitodroga.com\/en\/wp-json\/wp\/v2\/product_cat?post=2399"},{"taxonomy":"product_tag","embeddable":true,"href":"https:\/\/www.fitodroga.com\/en\/wp-json\/wp\/v2\/product_tag?post=2399"}],"curies":[{"name":"wp","href":"https:\/\/api.w.org\/{rel}","templated":true}]}}