{"id":2441,"date":"2026-03-02T09:10:25","date_gmt":"2026-03-02T09:10:25","guid":{"rendered":"https:\/\/www.fitodroga.com\/?post_type=product&#038;p=2441"},"modified":"2026-03-23T10:17:51","modified_gmt":"2026-03-23T10:17:51","slug":"komplekts-facial-foam-wash-cleansing-face-tonic","status":"publish","type":"product","link":"https:\/\/www.fitodroga.com\/en\/product\/komplekts-facial-foam-wash-cleansing-face-tonic\/","title":{"rendered":"KOMPLEKTS! Sejas \u0101das att\u012br\u012b\u0161anai un toniz\u0113\u0161anai"},"content":{"rendered":"<p><span class=\"moze-large\">FACIAL FOAM WASH. Gais\u012bgas putas dzi\u013cai un saudz\u012bgai sejas mazg\u0101\u0161anai. Piem\u0113rotas ar\u012b lieto\u0161anai acu zon\u0101. <\/span><span class=\"moze-large\">T\u0101s r\u016bp\u012bgi un efekt\u012bvi att\u012bra \u0101du no net\u012brumiem un dekorat\u012bv\u0101s kosm\u0113tikas. Nomierina \u0101du, samazina kairin\u0101jumu un regul\u0113 paaugstin\u0101tu \u0101das jut\u012bgumu.\u00a0 Pie\u0161\u0137ir \u0101dai maigumu un vesel\u012bgu starojumu.<\/span><\/p>\n<ul>\n<li><span class=\"moze-large\">Dab\u012bgais <\/span><b><span class=\"moze-large\">augu akt\u012bvo vielu komplekss PENTAVITIN\u00ae<\/span><\/b><span class=\"moze-large\"> nodro\u0161ina dzi\u013cu ilgtermi\u0146a \u0101das mitrin\u0101\u0161anu.<\/span><\/li>\n<li><b><span class=\"moze-large\">Vitam\u012bns B3<\/span><\/b><span class=\"moze-large\"> regul\u0113 tauku dziedzeru darb\u012bbu.<\/span><\/li>\n<li><b><span class=\"moze-large\">Nesatur <\/span><\/b><span class=\"moze-large\">sulf\u0101tu b\u0101zes mazg\u0101jo\u0161\u0101s vielas ( SLES, SLS), bet gan \u012bpa\u0161i maigas mazg\u0101jo\u0161\u0101s vielas.<\/span><\/li>\n<\/ul>\n<h6><b><span class=\"moze-large\">\u0100DAS TIPS<\/span><\/b><\/h6>\n<p><span class=\"moze-large\">Visiem \u0101das tipiem. Piem\u0113rots ar\u012b jut\u012bgai \u0101dai.<\/span><\/p>\n<h6 class=\"moze-justify\"><b><span class=\"moze-large\">NEPIECIE\u0160AMS<\/span><\/b><\/h6>\n<div class=\"moze-justify\"><span class=\"moze-large\">Pareizi att\u012br\u012btas un l\u012bdzsvarotas \u0101das ieg\u016b\u0161anai.<\/span><\/div>\n<h6><strong><span class=\"moze-large\">LIETO\u0160ANA<\/span><\/strong><\/h6>\n<p><span class=\"moze-large\">Sejas putas ieteicams ikdienas lieto\u0161anai. R\u012btos un vakaros putas uzkl\u0101j uz samitrin\u0101tas sejas \u0101das, maigi iemas\u0113 un noskalo ar \u016bdeni. Tad toniz\u0113 \u0101du ar <a href=\"https:\/\/www.avemed.lv\/produkts\/fitodroga-cleansing-face-tonic-anti-age-attiross-sejas-toniks-ar-pretnovecosanas-iedarbibu-250-ml\/\">FITODROGA CLEANSING FACE TONIC\u00a0<\/a> un uzkl\u0101j atbilsto\u0161u \u0161\u012bs l\u012bnijas kr\u0113mu.<\/span><\/p>\n<h6><strong>PAR <\/strong><b><span class=\"moze-large\"><strong>P<\/strong>ENTAVITIN\u00ae<\/span><\/b><\/h6>\n<p><span class=\"moze-large\">PENTAVITIN (akt\u012bv\u0101 viela Saccharide Isomerate) ir \u0101dai identisks karbohidr\u0101tu komplekss. Lietojot produktus, kuru sast\u0101v\u0101 ir dab\u012bg\u0101 bioakt\u012bv\u0101 viela PENTAVITIN<\/span><sup><span class=\"moze-large\">\u00ae<\/span><\/sup><span class=\"moze-large\">, tiek nodro\u0161in\u0101ta dzi\u013ca ilgtermi\u0146a \u0101das mitrin\u0101\u0161ana. Sausa un nogurusi \u0101da k\u013c\u016bst redzami glud\u0101ka un starojo\u0161\u0101ka.\u00a0 100% dab\u012bga, biotehnolo\u0123iskos procesos no augiem ieg\u016bta viela. Sertific\u0113ts Ecocert<\/span><sup><span class=\"moze-large\">\u00ae\u00a0<\/span><\/sup><\/p>\n<hr \/>\n<p>L\u012bdzeklis nav j\u0101noskalo. Viegla, gaisto\u0161a smar\u017ea, bez alerg\u0113niem.<\/p>\n<p>Piem\u0113rots visiem \u0101das tipiem. Ar\u012b jut\u012bgai \u0101dai. Dermatolo\u0123iski test\u0113ts.<\/p>\n<p><strong>V\u0113rt\u012bg\u0101s sast\u0101vda\u013cas:<\/strong><\/p>\n<ul>\n<li>augu komplekss PENTAVITIN<sup>\u00ae<\/sup> (akt\u012bv\u0101 viela- Saccharide Isomerate)<\/li>\n<li>Alpu balt\u0101s v\u0113rmeles ziedu ekstrakts<\/li>\n<\/ul>\n<p><strong>Iedarb\u012bba:<\/strong><\/p>\n<ul>\n<li>maigi att\u012bra un l\u012bdzsvaro pH<\/li>\n<li>satur dzi\u013ci mitrino\u0161u vielu<\/li>\n<li>satur \u0101das mikrofloras stabiliz\u0113t\u0101ju<\/li>\n<li>sulf\u0101tus un spirtu nosaturo\u0161s.<\/li>\n<\/ul>\n<p><strong>Lieto\u0161ana:<\/strong><\/p>\n<p>Ikdienas lieto\u0161anai. Samitrina vates pl\u0101ksn\u012bti un r\u016bp\u012bgi not\u012bra sejas \u0101du. Nav j\u0101noskalo.<\/p>\n<p>Ieteicam\u0101 ikdienas lieto\u0161anas sec\u012bba:<\/p>\n<ol>\n<li>Att\u012br\u012b\u0161ana; 2. <strong>Toniz\u0113\u0161ana;<\/strong> Serums; 4. Acu kr\u0113ms un Sejas kr\u0113ms<\/li>\n<\/ol>\n<p>Vielu siner\u0123isk\u0101s iedarb\u012bbas nodro\u0161in\u0101\u0161anai ieteicams lietot kop\u0101 ar citiem FITODROGA produktiem.<\/p>\n<p><strong>Iepakojums.<\/strong><\/p>\n<p>Pild\u012bts p\u0101rstr\u0101d\u0101jam\u0101 iepakojum\u0101 ar dozatoru. Iepakojuma veids izsl\u0113dz produkta mikrobiolo\u0123isko pies\u0101r\u0146ojumu t\u0101 lieto\u0161anas laik\u0101 &#8211; produkts nesaskaras ar gaisu un mikroorganismiem.<\/p>\n<p><strong>INCI saraksts:<\/strong><\/p>\n<p>Aqua, Glycerin, Pentilene Glycol, Caprylyl \/Capryl Glucoside*, Babassu Oil Polyglyceryl-4 Esters* , Polyglyceryl-10 Laurate*,\u00a0 Saccharide Isomerate*, Artemisia Umbelliformis Flower Extract*, Citric Acid, Sodium Benzoate, Potassium Sorbate, Parfum, Phenoxyethanol, Ethylhexylglycerin, Sodium Citrate<\/p>\n<p><em>* COSMOS, Ecocert certified raw materials<\/em><\/p>\n","protected":false},"excerpt":{"rendered":"<p>Komplekts FITODROGA FACIAL FOAM WASH. Putas sejas mazg\u0101\u0161anai, 150ml + CLEANSING FACE TONIC. Att\u012bro\u0161s sejas toniks (250 ml)<\/p>\n<ul>\n<li><span class=\"moze-large\">Dab\u012bgais\u00a0<\/span><b><span class=\"moze-large\">augu akt\u012bvo vielu komplekss. PENTAVITIN\u00ae<\/span><\/b><span class=\"moze-large\">\u00a0nodro\u0161ina dzi\u013cu ilgtermi\u0146a \u0101das mitrin\u0101\u0161anu.<\/span><b><span class=\"moze-large\">Vitam\u012bns B3<\/span><\/b><span class=\"moze-large\">\u00a0regul\u0113 tauku dziedzeru darb\u012bbu.<\/span><b><span class=\"moze-large\">Nesatur\u00a0<\/span><\/b><span class=\"moze-large\">sulf\u0101tu b\u0101zes mazg\u0101jo\u0161\u0101s vielas ( SLES, SLS), bet gan \u012bpa\u0161i maigas mazg\u0101jo\u0161\u0101s vielas.<\/span><\/li>\n<li>L\u012bdzeklis \u0101das att\u012br\u012b\u0161anai, toniz\u0113\u0161anai un pH l\u012bdzsvaro\u0161anai, pareizi sagatavojot to kr\u0113ma uzkl\u0101\u0161anai.<\/li>\n<\/ul>\n","protected":false},"featured_media":2484,"template":"","meta":{"site-sidebar-layout":"default","site-content-layout":"","ast-site-content-layout":"default","site-content-style":"default","site-sidebar-style":"default","ast-global-header-display":"","ast-banner-title-visibility":"","ast-main-header-display":"","ast-hfb-above-header-display":"","ast-hfb-below-header-display":"","ast-hfb-mobile-header-display":"","site-post-title":"","ast-breadcrumbs-content":"","ast-featured-img":"","footer-sml-layout":"","theme-transparent-header-meta":"default","adv-header-id-meta":"","stick-header-meta":"","header-above-stick-meta":"","header-main-stick-meta":"","header-below-stick-meta":"","astra-migrate-meta-layouts":"set","ast-page-background-enabled":"default","ast-page-background-meta":{"desktop":{"background-color":"var(--ast-global-color-4)","background-image":"","background-repeat":"repeat","background-position":"center center","background-size":"auto","background-attachment":"scroll","background-type":"","background-media":"","overlay-type":"","overlay-color":"","overlay-opacity":"","overlay-gradient":""},"tablet":{"background-color":"","background-image":"","background-repeat":"repeat","background-position":"center center","background-size":"auto","background-attachment":"scroll","background-type":"","background-media":"","overlay-type":"","overlay-color":"","overlay-opacity":"","overlay-gradient":""},"mobile":{"background-color":"","background-image":"","background-repeat":"repeat","background-position":"center center","background-size":"auto","background-attachment":"scroll","background-type":"","background-media":"","overlay-type":"","overlay-color":"","overlay-opacity":"","overlay-gradient":""}},"ast-content-background-meta":{"desktop":{"background-color":"var(--ast-global-color-5)","background-image":"","background-repeat":"repeat","background-position":"center center","background-size":"auto","background-attachment":"scroll","background-type":"","background-media":"","overlay-type":"","overlay-color":"","overlay-opacity":"","overlay-gradient":""},"tablet":{"background-color":"var(--ast-global-color-5)","background-image":"","background-repeat":"repeat","background-position":"center center","background-size":"auto","background-attachment":"scroll","background-type":"","background-media":"","overlay-type":"","overlay-color":"","overlay-opacity":"","overlay-gradient":""},"mobile":{"background-color":"var(--ast-global-color-5)","background-image":"","background-repeat":"repeat","background-position":"center center","background-size":"auto","background-attachment":"scroll","background-type":"","background-media":"","overlay-type":"","overlay-color":"","overlay-opacity":"","overlay-gradient":""}},"iawp_total_views":56},"product_brand":[],"product_cat":[52,58,38],"product_tag":[],"class_list":{"0":"post-2441","1":"product","2":"type-product","3":"status-publish","4":"has-post-thumbnail","6":"product_cat-attirisana","7":"product_cat-produktu-komplekti","8":"product_cat-sejas-kopsana","9":"desktop-align-left","10":"tablet-align-left","11":"mobile-align-left","13":"first","14":"instock","15":"sale","16":"taxable","17":"shipping-taxable","18":"purchasable","19":"product-type-woosb"},"yoast_head":"<!-- This site is optimized with the Yoast SEO plugin v26.0 - https:\/\/yoast.com\/wordpress\/plugins\/seo\/ -->\n<title>KOMPLEKTS! Sejas \u0101das att\u012br\u012b\u0161anai un toniz\u0113\u0161anai - Fitodroga dermokosm\u0113tika<\/title>\n<meta name=\"description\" content=\"KOMPLEKTS - Fitodroga Facial Foam Wash Gais\u012bgas putas dzi\u013cai un saudz\u012bgai sejas mazg\u0101\u0161anai + Att\u012bro\u0161s sejas toniks, ilgsto\u0161a mitrin\u0101\u0161ana ar PENTAVITIN .\" \/>\n<meta name=\"robots\" content=\"index, follow, max-snippet:-1, max-image-preview:large, max-video-preview:-1\" \/>\n<link rel=\"canonical\" href=\"https:\/\/www.fitodroga.com\/en\/product\/komplekts-facial-foam-wash-cleansing-face-tonic\/\" \/>\n<meta property=\"og:locale\" content=\"en_US\" \/>\n<meta property=\"og:type\" content=\"article\" \/>\n<meta property=\"og:title\" content=\"KOMPLEKTS! Sejas \u0101das att\u012br\u012b\u0161anai un toniz\u0113\u0161anai - Fitodroga dermokosm\u0113tika\" \/>\n<meta property=\"og:description\" content=\"KOMPLEKTS - Fitodroga Facial Foam Wash Gais\u012bgas putas dzi\u013cai un saudz\u012bgai sejas mazg\u0101\u0161anai + Att\u012bro\u0161s sejas toniks, ilgsto\u0161a mitrin\u0101\u0161ana ar PENTAVITIN .\" \/>\n<meta property=\"og:url\" content=\"https:\/\/www.fitodroga.com\/en\/product\/komplekts-facial-foam-wash-cleansing-face-tonic\/\" \/>\n<meta property=\"og:site_name\" content=\"Fitodroga dermokosm\u0113tika\" \/>\n<meta property=\"article:modified_time\" content=\"2026-03-23T10:17:51+00:00\" \/>\n<meta property=\"og:image\" content=\"https:\/\/www.fitodroga.com\/wp-content\/uploads\/2026\/03\/Putas-cleansers-1.jpg\" \/>\n\t<meta property=\"og:image:width\" content=\"1200\" \/>\n\t<meta property=\"og:image:height\" content=\"1500\" \/>\n\t<meta property=\"og:image:type\" content=\"image\/jpeg\" \/>\n<meta name=\"twitter:card\" content=\"summary_large_image\" \/>\n<meta name=\"twitter:label1\" content=\"Est. reading time\" \/>\n\t<meta name=\"twitter:data1\" content=\"2 minutes\" \/>\n<script type=\"application\/ld+json\" class=\"yoast-schema-graph\">{\"@context\":\"https:\/\/schema.org\",\"@graph\":[{\"@type\":\"WebPage\",\"@id\":\"https:\/\/www.fitodroga.com\/en\/product\/komplekts-facial-foam-wash-cleansing-face-tonic\/\",\"url\":\"https:\/\/www.fitodroga.com\/en\/product\/komplekts-facial-foam-wash-cleansing-face-tonic\/\",\"name\":\"KOMPLEKTS! Sejas \u0101das att\u012br\u012b\u0161anai un toniz\u0113\u0161anai - Fitodroga dermokosm\u0113tika\",\"isPartOf\":{\"@id\":\"https:\/\/fitodroga.lotos-pharma.com\/#website\"},\"primaryImageOfPage\":{\"@id\":\"https:\/\/www.fitodroga.com\/en\/product\/komplekts-facial-foam-wash-cleansing-face-tonic\/#primaryimage\"},\"image\":{\"@id\":\"https:\/\/www.fitodroga.com\/en\/product\/komplekts-facial-foam-wash-cleansing-face-tonic\/#primaryimage\"},\"thumbnailUrl\":\"https:\/\/www.fitodroga.com\/wp-content\/uploads\/2026\/03\/Putas-cleansers-1.jpg\",\"datePublished\":\"2026-03-02T09:10:25+00:00\",\"dateModified\":\"2026-03-23T10:17:51+00:00\",\"description\":\"KOMPLEKTS - Fitodroga Facial Foam Wash Gais\u012bgas putas dzi\u013cai un saudz\u012bgai sejas mazg\u0101\u0161anai + Att\u012bro\u0161s sejas toniks, ilgsto\u0161a mitrin\u0101\u0161ana ar PENTAVITIN .\",\"breadcrumb\":{\"@id\":\"https:\/\/www.fitodroga.com\/en\/product\/komplekts-facial-foam-wash-cleansing-face-tonic\/#breadcrumb\"},\"inLanguage\":\"en-US\",\"potentialAction\":[{\"@type\":\"ReadAction\",\"target\":[\"https:\/\/www.fitodroga.com\/en\/product\/komplekts-facial-foam-wash-cleansing-face-tonic\/\"]}]},{\"@type\":\"ImageObject\",\"inLanguage\":\"en-US\",\"@id\":\"https:\/\/www.fitodroga.com\/en\/product\/komplekts-facial-foam-wash-cleansing-face-tonic\/#primaryimage\",\"url\":\"https:\/\/www.fitodroga.com\/wp-content\/uploads\/2026\/03\/Putas-cleansers-1.jpg\",\"contentUrl\":\"https:\/\/www.fitodroga.com\/wp-content\/uploads\/2026\/03\/Putas-cleansers-1.jpg\",\"width\":1200,\"height\":1500},{\"@type\":\"BreadcrumbList\",\"@id\":\"https:\/\/www.fitodroga.com\/en\/product\/komplekts-facial-foam-wash-cleansing-face-tonic\/#breadcrumb\",\"itemListElement\":[{\"@type\":\"ListItem\",\"position\":1,\"name\":\"Home\",\"item\":\"https:\/\/www.fitodroga.com\/en\/\"},{\"@type\":\"ListItem\",\"position\":2,\"name\":\"VEIKALS\",\"item\":\"https:\/\/fitodroga.lotos-pharma.com\/shop-2\/\"},{\"@type\":\"ListItem\",\"position\":3,\"name\":\"KOMPLEKTS! Sejas \u0101das att\u012br\u012b\u0161anai un toniz\u0113\u0161anai\"}]},{\"@type\":\"WebSite\",\"@id\":\"https:\/\/fitodroga.lotos-pharma.com\/#website\",\"url\":\"https:\/\/fitodroga.lotos-pharma.com\/\",\"name\":\"Fitodroga dermokosm\u0113tika\",\"description\":\"Natural Product - A New You\",\"publisher\":{\"@id\":\"https:\/\/fitodroga.lotos-pharma.com\/#organization\"},\"potentialAction\":[{\"@type\":\"SearchAction\",\"target\":{\"@type\":\"EntryPoint\",\"urlTemplate\":\"https:\/\/fitodroga.lotos-pharma.com\/?s={search_term_string}\"},\"query-input\":{\"@type\":\"PropertyValueSpecification\",\"valueRequired\":true,\"valueName\":\"search_term_string\"}}],\"inLanguage\":\"en-US\"},{\"@type\":\"Organization\",\"@id\":\"https:\/\/fitodroga.lotos-pharma.com\/#organization\",\"name\":\"Fitodroga dermokosm\u0113tika\",\"url\":\"https:\/\/fitodroga.lotos-pharma.com\/\",\"logo\":{\"@type\":\"ImageObject\",\"inLanguage\":\"en-US\",\"@id\":\"https:\/\/fitodroga.lotos-pharma.com\/#\/schema\/logo\/image\/\",\"url\":\"https:\/\/www.fitodroga.com\/wp-content\/uploads\/2025\/04\/cropped-Fitodroga_logo_text-scaled.png\",\"contentUrl\":\"https:\/\/www.fitodroga.com\/wp-content\/uploads\/2025\/04\/cropped-Fitodroga_logo_text-scaled.png\",\"width\":3334,\"height\":1111,\"caption\":\"Fitodroga dermokosm\u0113tika\"},\"image\":{\"@id\":\"https:\/\/fitodroga.lotos-pharma.com\/#\/schema\/logo\/image\/\"}}]}<\/script>\n<!-- \/ Yoast SEO plugin. -->","yoast_head_json":{"title":"KOMPLEKTS! Sejas \u0101das att\u012br\u012b\u0161anai un toniz\u0113\u0161anai - Fitodroga dermokosm\u0113tika","description":"KOMPLEKTS - Fitodroga Facial Foam Wash Gais\u012bgas putas dzi\u013cai un saudz\u012bgai sejas mazg\u0101\u0161anai + Att\u012bro\u0161s sejas toniks, ilgsto\u0161a mitrin\u0101\u0161ana ar PENTAVITIN .","robots":{"index":"index","follow":"follow","max-snippet":"max-snippet:-1","max-image-preview":"max-image-preview:large","max-video-preview":"max-video-preview:-1"},"canonical":"https:\/\/www.fitodroga.com\/en\/product\/komplekts-facial-foam-wash-cleansing-face-tonic\/","og_locale":"en_US","og_type":"article","og_title":"KOMPLEKTS! Sejas \u0101das att\u012br\u012b\u0161anai un toniz\u0113\u0161anai - Fitodroga dermokosm\u0113tika","og_description":"KOMPLEKTS - Fitodroga Facial Foam Wash Gais\u012bgas putas dzi\u013cai un saudz\u012bgai sejas mazg\u0101\u0161anai + Att\u012bro\u0161s sejas toniks, ilgsto\u0161a mitrin\u0101\u0161ana ar PENTAVITIN .","og_url":"https:\/\/www.fitodroga.com\/en\/product\/komplekts-facial-foam-wash-cleansing-face-tonic\/","og_site_name":"Fitodroga dermokosm\u0113tika","article_modified_time":"2026-03-23T10:17:51+00:00","og_image":[{"width":1200,"height":1500,"url":"https:\/\/www.fitodroga.com\/wp-content\/uploads\/2026\/03\/Putas-cleansers-1.jpg","type":"image\/jpeg"}],"twitter_card":"summary_large_image","twitter_misc":{"Est. reading time":"2 minutes"},"schema":{"@context":"https:\/\/schema.org","@graph":[{"@type":"WebPage","@id":"https:\/\/www.fitodroga.com\/en\/product\/komplekts-facial-foam-wash-cleansing-face-tonic\/","url":"https:\/\/www.fitodroga.com\/en\/product\/komplekts-facial-foam-wash-cleansing-face-tonic\/","name":"KOMPLEKTS! Sejas \u0101das att\u012br\u012b\u0161anai un toniz\u0113\u0161anai - Fitodroga dermokosm\u0113tika","isPartOf":{"@id":"https:\/\/fitodroga.lotos-pharma.com\/#website"},"primaryImageOfPage":{"@id":"https:\/\/www.fitodroga.com\/en\/product\/komplekts-facial-foam-wash-cleansing-face-tonic\/#primaryimage"},"image":{"@id":"https:\/\/www.fitodroga.com\/en\/product\/komplekts-facial-foam-wash-cleansing-face-tonic\/#primaryimage"},"thumbnailUrl":"https:\/\/www.fitodroga.com\/wp-content\/uploads\/2026\/03\/Putas-cleansers-1.jpg","datePublished":"2026-03-02T09:10:25+00:00","dateModified":"2026-03-23T10:17:51+00:00","description":"KOMPLEKTS - Fitodroga Facial Foam Wash Gais\u012bgas putas dzi\u013cai un saudz\u012bgai sejas mazg\u0101\u0161anai + Att\u012bro\u0161s sejas toniks, ilgsto\u0161a mitrin\u0101\u0161ana ar PENTAVITIN .","breadcrumb":{"@id":"https:\/\/www.fitodroga.com\/en\/product\/komplekts-facial-foam-wash-cleansing-face-tonic\/#breadcrumb"},"inLanguage":"en-US","potentialAction":[{"@type":"ReadAction","target":["https:\/\/www.fitodroga.com\/en\/product\/komplekts-facial-foam-wash-cleansing-face-tonic\/"]}]},{"@type":"ImageObject","inLanguage":"en-US","@id":"https:\/\/www.fitodroga.com\/en\/product\/komplekts-facial-foam-wash-cleansing-face-tonic\/#primaryimage","url":"https:\/\/www.fitodroga.com\/wp-content\/uploads\/2026\/03\/Putas-cleansers-1.jpg","contentUrl":"https:\/\/www.fitodroga.com\/wp-content\/uploads\/2026\/03\/Putas-cleansers-1.jpg","width":1200,"height":1500},{"@type":"BreadcrumbList","@id":"https:\/\/www.fitodroga.com\/en\/product\/komplekts-facial-foam-wash-cleansing-face-tonic\/#breadcrumb","itemListElement":[{"@type":"ListItem","position":1,"name":"Home","item":"https:\/\/www.fitodroga.com\/en\/"},{"@type":"ListItem","position":2,"name":"VEIKALS","item":"https:\/\/fitodroga.lotos-pharma.com\/shop-2\/"},{"@type":"ListItem","position":3,"name":"KOMPLEKTS! Sejas \u0101das att\u012br\u012b\u0161anai un toniz\u0113\u0161anai"}]},{"@type":"WebSite","@id":"https:\/\/fitodroga.lotos-pharma.com\/#website","url":"https:\/\/fitodroga.lotos-pharma.com\/","name":"Fitodroga dermokosm\u0113tika","description":"Natural Product - A New You","publisher":{"@id":"https:\/\/fitodroga.lotos-pharma.com\/#organization"},"potentialAction":[{"@type":"SearchAction","target":{"@type":"EntryPoint","urlTemplate":"https:\/\/fitodroga.lotos-pharma.com\/?s={search_term_string}"},"query-input":{"@type":"PropertyValueSpecification","valueRequired":true,"valueName":"search_term_string"}}],"inLanguage":"en-US"},{"@type":"Organization","@id":"https:\/\/fitodroga.lotos-pharma.com\/#organization","name":"Fitodroga dermokosm\u0113tika","url":"https:\/\/fitodroga.lotos-pharma.com\/","logo":{"@type":"ImageObject","inLanguage":"en-US","@id":"https:\/\/fitodroga.lotos-pharma.com\/#\/schema\/logo\/image\/","url":"https:\/\/www.fitodroga.com\/wp-content\/uploads\/2025\/04\/cropped-Fitodroga_logo_text-scaled.png","contentUrl":"https:\/\/www.fitodroga.com\/wp-content\/uploads\/2025\/04\/cropped-Fitodroga_logo_text-scaled.png","width":3334,"height":1111,"caption":"Fitodroga dermokosm\u0113tika"},"image":{"@id":"https:\/\/fitodroga.lotos-pharma.com\/#\/schema\/logo\/image\/"}}]}},"_links":{"self":[{"href":"https:\/\/www.fitodroga.com\/en\/wp-json\/wp\/v2\/product\/2441","targetHints":{"allow":["GET"]}}],"collection":[{"href":"https:\/\/www.fitodroga.com\/en\/wp-json\/wp\/v2\/product"}],"about":[{"href":"https:\/\/www.fitodroga.com\/en\/wp-json\/wp\/v2\/types\/product"}],"wp:featuredmedia":[{"embeddable":true,"href":"https:\/\/www.fitodroga.com\/en\/wp-json\/wp\/v2\/media\/2484"}],"wp:attachment":[{"href":"https:\/\/www.fitodroga.com\/en\/wp-json\/wp\/v2\/media?parent=2441"}],"wp:term":[{"taxonomy":"product_brand","embeddable":true,"href":"https:\/\/www.fitodroga.com\/en\/wp-json\/wp\/v2\/product_brand?post=2441"},{"taxonomy":"product_cat","embeddable":true,"href":"https:\/\/www.fitodroga.com\/en\/wp-json\/wp\/v2\/product_cat?post=2441"},{"taxonomy":"product_tag","embeddable":true,"href":"https:\/\/www.fitodroga.com\/en\/wp-json\/wp\/v2\/product_tag?post=2441"}],"curies":[{"name":"wp","href":"https:\/\/api.w.org\/{rel}","templated":true}]}}