{"id":2443,"date":"2026-03-02T09:32:25","date_gmt":"2026-03-02T09:32:25","guid":{"rendered":"https:\/\/www.fitodroga.com\/?post_type=product&#038;p=2443"},"modified":"2026-03-23T10:18:42","modified_gmt":"2026-03-23T10:18:42","slug":"komplekts-facial-foam-face-cream-eye","status":"publish","type":"product","link":"https:\/\/www.fitodroga.com\/en\/product\/komplekts-facial-foam-face-cream-eye\/","title":{"rendered":"KOMPLEKTS! Sejas \u0101das mirdzumam"},"content":{"rendered":"<p><strong><a href=\"https:\/\/www.fitodroga.com\/Produkts\/face-cream-oxygen-mirdzumu-atjaunojoss-sejas-krems-50-ml\/\">FACE CREAM OXYGEN<\/a>.<\/strong> &#8211; <span class=\"moze-large\"> Pilns apraksts.<\/span><\/p>\n<p>Sejas kr\u0113ms viegli kl\u0101jas un \u0101tri ies\u016bcas \u0101d\u0101.<\/p>\n<ul>\n<li>Neitr\u0101la, gaisto\u0161a smar\u017ea bez alerg\u0113niem.<\/li>\n<li>Dermatolo\u0123iski test\u0113ts.<\/li>\n<li>Visiem \u0101das tipiem.<\/li>\n<li>Ar\u012b jut\u012bgai \u0101dai.<\/li>\n<li>Piem\u0113rots no 20 +<\/li>\n<\/ul>\n<p>V\u0113rt\u012bg\u0101s sast\u0101vda\u013cas:<\/p>\n<ul>\n<li>dab\u012bgas izcelsmes biolo\u0123iski akt\u012bvs komplekss REVITALIN\u00ae<\/li>\n<li>augu komplekss PENTAVITIN<sup>\u00ae<\/sup>\u00a0(akt\u012bv\u0101 viela- Saccharide Isomerate)<\/li>\n<li>ol\u012bvu skval\u0101ns<\/li>\n<li>shea sviests<\/li>\n<\/ul>\n<p>Iedarb\u012bba:<\/p>\n<ul>\n<li>atbalsta svar\u012bg\u0101kos epidermas ener\u0123ijas meh\u0101nismus<\/li>\n<li>atbalsta \u0101das dab\u012bgo aizsargbarjeru<\/li>\n<li>nodro\u0161ina dzi\u013cu ilgtermi\u0146a \u0101das mitrin\u0101\u0161anu<\/li>\n<li>m\u012bkstina un baro \u0101du t\u0101s dzi\u013c\u0101kajos sl\u0101\u0146os.<\/li>\n<\/ul>\n<hr \/>\n<p><a href=\"https:\/\/www.fitodroga.com\/Produkts\/skabekli-bagatinats-acu-krems-30ml\/\"><strong>EYE CREAM. OXYGEN BOOSTER<\/strong><\/a> &#8211;\u00a0 Pilns apraksts.<\/p>\n<p>Kr\u0113ms viegli kl\u0101jas un \u0101tri ies\u016bcas \u0101d\u0101.<\/p>\n<p>Neitr\u0101la, gaisto\u0161a smar\u017ea bez alerg\u0113niem.<\/p>\n<ul>\n<li>Dermatolo\u0123iski test\u0113ts.<\/li>\n<li>Ar\u012b jut\u012bgai \u0101dai.<\/li>\n<li>Piem\u0113rots no 20+<\/li>\n<\/ul>\n<p>V\u0113rt\u012bg\u0101s sast\u0101vda\u013cas:<\/p>\n<ul>\n<li>b\u0113rza meln\u0101s piepes (\u010cagas) ekstrakts<\/li>\n<li>dab\u012bgas izcelsmes biolo\u0123iski akt\u012bvs komplekss REVITALIN\u00ae<\/li>\n<li>augu komplekss PENTAVITIN<sup>\u00ae<\/sup>\u00a0(akt\u012bv\u0101 viela- Saccharide Isomerate)<\/li>\n<li>ol\u012bvu skval\u0101ns<\/li>\n<\/ul>\n<p>Iedarb\u012bba:<\/p>\n<ul>\n<li>mazina tum\u0161os lokus un piet\u016bkumu acu zon\u0101<\/li>\n<li>atbalsta svar\u012bg\u0101kos epidermas ener\u0123ijas meh\u0101nismus<\/li>\n<li>atbalsta \u0101das dab\u012bgo aizsargbarjeru<\/li>\n<li>nodro\u0161ina dzi\u013cu ilgtermi\u0146a \u0101das mitrin\u0101\u0161anu<\/li>\n<\/ul>\n<div class=\"woocommerce-tabs wc-tabs-wrapper\"><\/div>\n","protected":false},"excerpt":{"rendered":"<p>&nbsp;<\/p>\n<ul>\n<li><span class=\"moze-large\">Dab\u012bgais\u00a0<\/span><b><span class=\"moze-large\">augu akt\u012bvo vielu komplekss. PENTAVITIN\u00ae<\/span><\/b><span class=\"moze-large\">\u00a0nodro\u0161ina dzi\u013cu ilgtermi\u0146a \u0101das mitrin\u0101\u0161anu.<\/span><b><span class=\"moze-large\">Vitam\u012bns B3<\/span><\/b><span class=\"moze-large\">\u00a0regul\u0113 tauku dziedzeru darb\u012bbu.<\/span><\/li>\n<li>Z\u012bdainas tekst\u016bras kopjo\u0161s sejas kr\u0113ms ar shea sviestu un ol\u012bvu skval\u0101nu dab\u012bg\u0101s \u0101das aizsargbarjeras stiprin\u0101\u0161anai.<\/li>\n<li>\u013boti vieglas tekst\u016bras kr\u0113ms acu zonas kop\u0161anai.<\/li>\n<\/ul>\n","protected":false},"featured_media":2482,"template":"","meta":{"site-sidebar-layout":"default","site-content-layout":"","ast-site-content-layout":"default","site-content-style":"default","site-sidebar-style":"default","ast-global-header-display":"","ast-banner-title-visibility":"","ast-main-header-display":"","ast-hfb-above-header-display":"","ast-hfb-below-header-display":"","ast-hfb-mobile-header-display":"","site-post-title":"","ast-breadcrumbs-content":"","ast-featured-img":"","footer-sml-layout":"","theme-transparent-header-meta":"default","adv-header-id-meta":"","stick-header-meta":"","header-above-stick-meta":"","header-main-stick-meta":"","header-below-stick-meta":"","astra-migrate-meta-layouts":"set","ast-page-background-enabled":"default","ast-page-background-meta":{"desktop":{"background-color":"var(--ast-global-color-4)","background-image":"","background-repeat":"repeat","background-position":"center center","background-size":"auto","background-attachment":"scroll","background-type":"","background-media":"","overlay-type":"","overlay-color":"","overlay-opacity":"","overlay-gradient":""},"tablet":{"background-color":"","background-image":"","background-repeat":"repeat","background-position":"center center","background-size":"auto","background-attachment":"scroll","background-type":"","background-media":"","overlay-type":"","overlay-color":"","overlay-opacity":"","overlay-gradient":""},"mobile":{"background-color":"","background-image":"","background-repeat":"repeat","background-position":"center center","background-size":"auto","background-attachment":"scroll","background-type":"","background-media":"","overlay-type":"","overlay-color":"","overlay-opacity":"","overlay-gradient":""}},"ast-content-background-meta":{"desktop":{"background-color":"var(--ast-global-color-5)","background-image":"","background-repeat":"repeat","background-position":"center center","background-size":"auto","background-attachment":"scroll","background-type":"","background-media":"","overlay-type":"","overlay-color":"","overlay-opacity":"","overlay-gradient":""},"tablet":{"background-color":"var(--ast-global-color-5)","background-image":"","background-repeat":"repeat","background-position":"center center","background-size":"auto","background-attachment":"scroll","background-type":"","background-media":"","overlay-type":"","overlay-color":"","overlay-opacity":"","overlay-gradient":""},"mobile":{"background-color":"var(--ast-global-color-5)","background-image":"","background-repeat":"repeat","background-position":"center center","background-size":"auto","background-attachment":"scroll","background-type":"","background-media":"","overlay-type":"","overlay-color":"","overlay-opacity":"","overlay-gradient":""}},"iawp_total_views":48},"product_brand":[],"product_cat":[46,58,42,38],"product_tag":[],"class_list":{"0":"post-2443","1":"product","2":"type-product","3":"status-publish","4":"has-post-thumbnail","6":"product_cat-acu-krems","7":"product_cat-produktu-komplekti","8":"product_cat-krems","9":"product_cat-sejas-kopsana","10":"desktop-align-left","11":"tablet-align-left","12":"mobile-align-left","14":"first","15":"instock","16":"sale","17":"taxable","18":"shipping-taxable","19":"purchasable","20":"product-type-woosb"},"yoast_head":"<!-- This site is optimized with the Yoast SEO plugin v26.0 - https:\/\/yoast.com\/wordpress\/plugins\/seo\/ -->\n<title>Fitodroga. Komplekts! Facial foam + Face cream + Eye cream<\/title>\n<meta name=\"description\" content=\"Fitodroga komplekts - Face cream oxygen + Eye cream oxygen booster.\" \/>\n<meta name=\"robots\" content=\"index, follow, max-snippet:-1, max-image-preview:large, max-video-preview:-1\" \/>\n<link rel=\"canonical\" href=\"https:\/\/www.fitodroga.com\/en\/product\/komplekts-facial-foam-face-cream-eye\/\" \/>\n<meta property=\"og:locale\" content=\"en_US\" \/>\n<meta property=\"og:type\" content=\"article\" \/>\n<meta property=\"og:title\" content=\"Fitodroga. Komplekts! Facial foam + Face cream + Eye cream\" \/>\n<meta property=\"og:description\" content=\"Fitodroga komplekts - Face cream oxygen + Eye cream oxygen booster.\" \/>\n<meta property=\"og:url\" content=\"https:\/\/www.fitodroga.com\/en\/product\/komplekts-facial-foam-face-cream-eye\/\" \/>\n<meta property=\"og:site_name\" content=\"Fitodroga dermokosm\u0113tika\" \/>\n<meta property=\"article:modified_time\" content=\"2026-03-23T10:18:42+00:00\" \/>\n<meta property=\"og:image\" content=\"https:\/\/www.fitodroga.com\/wp-content\/uploads\/2026\/03\/Oxygen-sejas-krems-50-ml-oxygen-acu-krems.jpg\" \/>\n\t<meta property=\"og:image:width\" content=\"1200\" \/>\n\t<meta property=\"og:image:height\" content=\"1500\" \/>\n\t<meta property=\"og:image:type\" content=\"image\/jpeg\" \/>\n<meta name=\"twitter:card\" content=\"summary_large_image\" \/>\n<meta name=\"twitter:label1\" content=\"Est. reading time\" \/>\n\t<meta name=\"twitter:data1\" content=\"1 minute\" \/>\n<script type=\"application\/ld+json\" class=\"yoast-schema-graph\">{\"@context\":\"https:\/\/schema.org\",\"@graph\":[{\"@type\":\"WebPage\",\"@id\":\"https:\/\/www.fitodroga.com\/en\/product\/komplekts-facial-foam-face-cream-eye\/\",\"url\":\"https:\/\/www.fitodroga.com\/en\/product\/komplekts-facial-foam-face-cream-eye\/\",\"name\":\"Fitodroga. Komplekts! Facial foam + Face cream + Eye cream\",\"isPartOf\":{\"@id\":\"https:\/\/fitodroga.lotos-pharma.com\/#website\"},\"primaryImageOfPage\":{\"@id\":\"https:\/\/www.fitodroga.com\/en\/product\/komplekts-facial-foam-face-cream-eye\/#primaryimage\"},\"image\":{\"@id\":\"https:\/\/www.fitodroga.com\/en\/product\/komplekts-facial-foam-face-cream-eye\/#primaryimage\"},\"thumbnailUrl\":\"https:\/\/www.fitodroga.com\/wp-content\/uploads\/2026\/03\/Oxygen-sejas-krems-50-ml-oxygen-acu-krems.jpg\",\"datePublished\":\"2026-03-02T09:32:25+00:00\",\"dateModified\":\"2026-03-23T10:18:42+00:00\",\"description\":\"Fitodroga komplekts - Face cream oxygen + Eye cream oxygen booster.\",\"breadcrumb\":{\"@id\":\"https:\/\/www.fitodroga.com\/en\/product\/komplekts-facial-foam-face-cream-eye\/#breadcrumb\"},\"inLanguage\":\"en-US\",\"potentialAction\":[{\"@type\":\"ReadAction\",\"target\":[\"https:\/\/www.fitodroga.com\/en\/product\/komplekts-facial-foam-face-cream-eye\/\"]}]},{\"@type\":\"ImageObject\",\"inLanguage\":\"en-US\",\"@id\":\"https:\/\/www.fitodroga.com\/en\/product\/komplekts-facial-foam-face-cream-eye\/#primaryimage\",\"url\":\"https:\/\/www.fitodroga.com\/wp-content\/uploads\/2026\/03\/Oxygen-sejas-krems-50-ml-oxygen-acu-krems.jpg\",\"contentUrl\":\"https:\/\/www.fitodroga.com\/wp-content\/uploads\/2026\/03\/Oxygen-sejas-krems-50-ml-oxygen-acu-krems.jpg\",\"width\":1200,\"height\":1500},{\"@type\":\"BreadcrumbList\",\"@id\":\"https:\/\/www.fitodroga.com\/en\/product\/komplekts-facial-foam-face-cream-eye\/#breadcrumb\",\"itemListElement\":[{\"@type\":\"ListItem\",\"position\":1,\"name\":\"Home\",\"item\":\"https:\/\/www.fitodroga.com\/en\/\"},{\"@type\":\"ListItem\",\"position\":2,\"name\":\"VEIKALS\",\"item\":\"https:\/\/fitodroga.lotos-pharma.com\/shop-2\/\"},{\"@type\":\"ListItem\",\"position\":3,\"name\":\"KOMPLEKTS! Sejas \u0101das mirdzumam\"}]},{\"@type\":\"WebSite\",\"@id\":\"https:\/\/fitodroga.lotos-pharma.com\/#website\",\"url\":\"https:\/\/fitodroga.lotos-pharma.com\/\",\"name\":\"Fitodroga dermokosm\u0113tika\",\"description\":\"Natural Product - A New You\",\"publisher\":{\"@id\":\"https:\/\/fitodroga.lotos-pharma.com\/#organization\"},\"potentialAction\":[{\"@type\":\"SearchAction\",\"target\":{\"@type\":\"EntryPoint\",\"urlTemplate\":\"https:\/\/fitodroga.lotos-pharma.com\/?s={search_term_string}\"},\"query-input\":{\"@type\":\"PropertyValueSpecification\",\"valueRequired\":true,\"valueName\":\"search_term_string\"}}],\"inLanguage\":\"en-US\"},{\"@type\":\"Organization\",\"@id\":\"https:\/\/fitodroga.lotos-pharma.com\/#organization\",\"name\":\"Fitodroga dermokosm\u0113tika\",\"url\":\"https:\/\/fitodroga.lotos-pharma.com\/\",\"logo\":{\"@type\":\"ImageObject\",\"inLanguage\":\"en-US\",\"@id\":\"https:\/\/fitodroga.lotos-pharma.com\/#\/schema\/logo\/image\/\",\"url\":\"https:\/\/www.fitodroga.com\/wp-content\/uploads\/2025\/04\/cropped-Fitodroga_logo_text-scaled.png\",\"contentUrl\":\"https:\/\/www.fitodroga.com\/wp-content\/uploads\/2025\/04\/cropped-Fitodroga_logo_text-scaled.png\",\"width\":3334,\"height\":1111,\"caption\":\"Fitodroga dermokosm\u0113tika\"},\"image\":{\"@id\":\"https:\/\/fitodroga.lotos-pharma.com\/#\/schema\/logo\/image\/\"}}]}<\/script>\n<!-- \/ Yoast SEO plugin. -->","yoast_head_json":{"title":"Fitodroga. Komplekts! Facial foam + Face cream + Eye cream","description":"Fitodroga komplekts - Face cream oxygen + Eye cream oxygen booster.","robots":{"index":"index","follow":"follow","max-snippet":"max-snippet:-1","max-image-preview":"max-image-preview:large","max-video-preview":"max-video-preview:-1"},"canonical":"https:\/\/www.fitodroga.com\/en\/product\/komplekts-facial-foam-face-cream-eye\/","og_locale":"en_US","og_type":"article","og_title":"Fitodroga. Komplekts! Facial foam + Face cream + Eye cream","og_description":"Fitodroga komplekts - Face cream oxygen + Eye cream oxygen booster.","og_url":"https:\/\/www.fitodroga.com\/en\/product\/komplekts-facial-foam-face-cream-eye\/","og_site_name":"Fitodroga dermokosm\u0113tika","article_modified_time":"2026-03-23T10:18:42+00:00","og_image":[{"width":1200,"height":1500,"url":"https:\/\/www.fitodroga.com\/wp-content\/uploads\/2026\/03\/Oxygen-sejas-krems-50-ml-oxygen-acu-krems.jpg","type":"image\/jpeg"}],"twitter_card":"summary_large_image","twitter_misc":{"Est. reading time":"1 minute"},"schema":{"@context":"https:\/\/schema.org","@graph":[{"@type":"WebPage","@id":"https:\/\/www.fitodroga.com\/en\/product\/komplekts-facial-foam-face-cream-eye\/","url":"https:\/\/www.fitodroga.com\/en\/product\/komplekts-facial-foam-face-cream-eye\/","name":"Fitodroga. Komplekts! Facial foam + Face cream + Eye cream","isPartOf":{"@id":"https:\/\/fitodroga.lotos-pharma.com\/#website"},"primaryImageOfPage":{"@id":"https:\/\/www.fitodroga.com\/en\/product\/komplekts-facial-foam-face-cream-eye\/#primaryimage"},"image":{"@id":"https:\/\/www.fitodroga.com\/en\/product\/komplekts-facial-foam-face-cream-eye\/#primaryimage"},"thumbnailUrl":"https:\/\/www.fitodroga.com\/wp-content\/uploads\/2026\/03\/Oxygen-sejas-krems-50-ml-oxygen-acu-krems.jpg","datePublished":"2026-03-02T09:32:25+00:00","dateModified":"2026-03-23T10:18:42+00:00","description":"Fitodroga komplekts - Face cream oxygen + Eye cream oxygen booster.","breadcrumb":{"@id":"https:\/\/www.fitodroga.com\/en\/product\/komplekts-facial-foam-face-cream-eye\/#breadcrumb"},"inLanguage":"en-US","potentialAction":[{"@type":"ReadAction","target":["https:\/\/www.fitodroga.com\/en\/product\/komplekts-facial-foam-face-cream-eye\/"]}]},{"@type":"ImageObject","inLanguage":"en-US","@id":"https:\/\/www.fitodroga.com\/en\/product\/komplekts-facial-foam-face-cream-eye\/#primaryimage","url":"https:\/\/www.fitodroga.com\/wp-content\/uploads\/2026\/03\/Oxygen-sejas-krems-50-ml-oxygen-acu-krems.jpg","contentUrl":"https:\/\/www.fitodroga.com\/wp-content\/uploads\/2026\/03\/Oxygen-sejas-krems-50-ml-oxygen-acu-krems.jpg","width":1200,"height":1500},{"@type":"BreadcrumbList","@id":"https:\/\/www.fitodroga.com\/en\/product\/komplekts-facial-foam-face-cream-eye\/#breadcrumb","itemListElement":[{"@type":"ListItem","position":1,"name":"Home","item":"https:\/\/www.fitodroga.com\/en\/"},{"@type":"ListItem","position":2,"name":"VEIKALS","item":"https:\/\/fitodroga.lotos-pharma.com\/shop-2\/"},{"@type":"ListItem","position":3,"name":"KOMPLEKTS! Sejas \u0101das mirdzumam"}]},{"@type":"WebSite","@id":"https:\/\/fitodroga.lotos-pharma.com\/#website","url":"https:\/\/fitodroga.lotos-pharma.com\/","name":"Fitodroga dermokosm\u0113tika","description":"Natural Product - A New You","publisher":{"@id":"https:\/\/fitodroga.lotos-pharma.com\/#organization"},"potentialAction":[{"@type":"SearchAction","target":{"@type":"EntryPoint","urlTemplate":"https:\/\/fitodroga.lotos-pharma.com\/?s={search_term_string}"},"query-input":{"@type":"PropertyValueSpecification","valueRequired":true,"valueName":"search_term_string"}}],"inLanguage":"en-US"},{"@type":"Organization","@id":"https:\/\/fitodroga.lotos-pharma.com\/#organization","name":"Fitodroga dermokosm\u0113tika","url":"https:\/\/fitodroga.lotos-pharma.com\/","logo":{"@type":"ImageObject","inLanguage":"en-US","@id":"https:\/\/fitodroga.lotos-pharma.com\/#\/schema\/logo\/image\/","url":"https:\/\/www.fitodroga.com\/wp-content\/uploads\/2025\/04\/cropped-Fitodroga_logo_text-scaled.png","contentUrl":"https:\/\/www.fitodroga.com\/wp-content\/uploads\/2025\/04\/cropped-Fitodroga_logo_text-scaled.png","width":3334,"height":1111,"caption":"Fitodroga dermokosm\u0113tika"},"image":{"@id":"https:\/\/fitodroga.lotos-pharma.com\/#\/schema\/logo\/image\/"}}]}},"_links":{"self":[{"href":"https:\/\/www.fitodroga.com\/en\/wp-json\/wp\/v2\/product\/2443","targetHints":{"allow":["GET"]}}],"collection":[{"href":"https:\/\/www.fitodroga.com\/en\/wp-json\/wp\/v2\/product"}],"about":[{"href":"https:\/\/www.fitodroga.com\/en\/wp-json\/wp\/v2\/types\/product"}],"wp:featuredmedia":[{"embeddable":true,"href":"https:\/\/www.fitodroga.com\/en\/wp-json\/wp\/v2\/media\/2482"}],"wp:attachment":[{"href":"https:\/\/www.fitodroga.com\/en\/wp-json\/wp\/v2\/media?parent=2443"}],"wp:term":[{"taxonomy":"product_brand","embeddable":true,"href":"https:\/\/www.fitodroga.com\/en\/wp-json\/wp\/v2\/product_brand?post=2443"},{"taxonomy":"product_cat","embeddable":true,"href":"https:\/\/www.fitodroga.com\/en\/wp-json\/wp\/v2\/product_cat?post=2443"},{"taxonomy":"product_tag","embeddable":true,"href":"https:\/\/www.fitodroga.com\/en\/wp-json\/wp\/v2\/product_tag?post=2443"}],"curies":[{"name":"wp","href":"https:\/\/api.w.org\/{rel}","templated":true}]}}