{"id":2445,"date":"2026-03-02T09:47:25","date_gmt":"2026-03-02T09:47:25","guid":{"rendered":"https:\/\/www.fitodroga.com\/?post_type=product&#038;p=2445"},"modified":"2026-03-23T10:17:19","modified_gmt":"2026-03-23T10:17:19","slug":"komplekts-sejas-kopsana-anti-age","status":"publish","type":"product","link":"https:\/\/www.fitodroga.com\/en\/product\/komplekts-sejas-kopsana-anti-age\/","title":{"rendered":"KOMPLEKTS! Sejas \u0101das aizsargbarjeras stiprin\u0101\u0161anai"},"content":{"rendered":"<p><a href=\"https:\/\/www.fitodroga.com\/Produkts\/face-cream-anti-age-pretnovecosanas-sejas-krems-ar-stiprinatu-adas-dabigo-aizsargbarjeru-50-ml\/\">Face cream anti age.<\/a> &#8211; Pilns apraksts.<\/p>\n<p>Kr\u0113ms viegli kl\u0101jas un \u0101tri ies\u016bcas \u0101d\u0101.<\/p>\n<p>Neitr\u0101la, gaisto\u0161a smar\u017ea bez alerg\u0113niem.<\/p>\n<ul>\n<li>Dermatolo\u0123iski test\u0113ts.<\/li>\n<li>Visiem \u0101das tipiem.<\/li>\n<li>Ar\u012b jut\u012bgai \u0101dai.<\/li>\n<li>Piem\u0113rots no 25+<\/li>\n<\/ul>\n<p>V\u0113rt\u012bg\u0101s sast\u0101vda\u013cas:<\/p>\n<ul>\n<li>Alpu balt\u0101s v\u0113rmeles ziedu ekstrakts<\/li>\n<li>augu komplekss PENTAVITIN<sup>\u00ae<\/sup>\u00a0(akt\u012bv\u0101 viela- Saccharide Isomerate)<\/li>\n<li>ol\u012bvu skval\u0101ns<\/li>\n<li>shea sviests<\/li>\n<\/ul>\n<p>Iedarb\u012bba:<\/p>\n<ul>\n<li>aizsarg\u0101 no vides izrais\u012bta kairin\u0101juma<\/li>\n<li>atbalsta \u0101das dab\u012bgo aizsargbarjeru<\/li>\n<li>nodro\u0161ina dzi\u013cu ilgtermi\u0146a \u0101das mitrin\u0101\u0161anu<\/li>\n<li>m\u012bkstina un baro \u0101du t\u0101s dzi\u013c\u0101kajos sl\u0101\u0146os.<\/li>\n<\/ul>\n<hr \/>\n<p><a href=\"https:\/\/www.fitodroga.com\/Produkts\/pretnovecosanas-acu-krems-30ml\/\">EYE CREAM. ANTI AGE<\/a>. &#8211; Pilns apraksts.<\/p>\n<p>Acu zonas pretnoveco\u0161anas kr\u0113ms viegli kl\u0101jas un \u0101tri ies\u016bcas \u0101d\u0101.<\/p>\n<ul>\n<li>Neitr\u0101la, gaisto\u0161a smar\u017ea bez alerg\u0113niem.<\/li>\n<li>Dermatolo\u0123iski test\u0113ts.<\/li>\n<li>Ar\u012b jut\u012bgai \u0101dai.<\/li>\n<li>Piem\u0113rots no 25+<\/li>\n<\/ul>\n<p>V\u0113rt\u012bg\u0101s sast\u0101vda\u013cas:<\/p>\n<ul>\n<li>b\u0113rza meln\u0101s piepes (\u010cagas) ekstrakts<\/li>\n<li>Alpu balt\u0101s v\u0113rmeles ziedu ekstrakts<\/li>\n<li>augu komplekss PENTAVITIN<sup>\u00ae<\/sup>\u00a0(akt\u012bv\u0101 viela- Saccharide Isomerate)<\/li>\n<li>ol\u012bvu skval\u0101ns<\/li>\n<\/ul>\n<p>Iedarb\u012bba:<\/p>\n<ul>\n<li>mazina tum\u0161os lokus un piet\u016bkumu acu zon\u0101<\/li>\n<li>aizsrag\u0101 no vides izrais\u012bta kairin\u0101juma<\/li>\n<li>atbalsta \u0101das dab\u012bgo aizsargbarjeru<\/li>\n<li>nodro\u0161ina dzi\u013cu ilgtermi\u0146a \u0101das mitrin\u0101\u0161anu<\/li>\n<\/ul>\n<p>Lieto\u0161ana:<\/p>\n<p>Uzkl\u0101j uz att\u012br\u012btas \u0101das acu zonai r\u012btos un vakaros.<\/p>\n","protected":false},"excerpt":{"rendered":"<ul>\n<li><span class=\"moze-large\">Dab\u012bgais\u00a0<\/span><b><span class=\"moze-large\">augu akt\u012bvo vielu komplekss. PENTAVITIN\u00ae<\/span><\/b><span class=\"moze-large\">\u00a0nodro\u0161ina dzi\u013cu ilgtermi\u0146a \u0101das mitrin\u0101\u0161anu.<\/span><b><span class=\"moze-large\">Vitam\u012bns B3<\/span><\/b><span class=\"moze-large\">\u00a0regul\u0113 tauku dziedzeru darb\u012bbu.<\/span><\/li>\n<li>Z\u012bdainas tekst\u016bras kopjo\u0161s sejas kr\u0113ms ar shea sviestu un ol\u012bvu skval\u0101nu dab\u012bg\u0101s \u0101das aizsargbarjeras stiprin\u0101\u0161anai, nodro\u0161inot ilgsto\u0161u komforta saj\u016btu.<\/li>\n<li>\u013boti vieglas tekst\u016bras kr\u0113ms acu zonas kop\u0161anai. Mazina tum\u0161os lokus un piet\u016bkumu acu zon\u0101, ko nodro\u0161ina patent\u0113ts b\u0113rza meln\u0101s piepes (\u010cagas) ekstrakts.<\/li>\n<\/ul>\n","protected":false},"featured_media":2490,"template":"","meta":{"site-sidebar-layout":"default","site-content-layout":"","ast-site-content-layout":"default","site-content-style":"default","site-sidebar-style":"default","ast-global-header-display":"","ast-banner-title-visibility":"","ast-main-header-display":"","ast-hfb-above-header-display":"","ast-hfb-below-header-display":"","ast-hfb-mobile-header-display":"","site-post-title":"","ast-breadcrumbs-content":"","ast-featured-img":"","footer-sml-layout":"","theme-transparent-header-meta":"default","adv-header-id-meta":"","stick-header-meta":"","header-above-stick-meta":"","header-main-stick-meta":"","header-below-stick-meta":"","astra-migrate-meta-layouts":"set","ast-page-background-enabled":"default","ast-page-background-meta":{"desktop":{"background-color":"var(--ast-global-color-4)","background-image":"","background-repeat":"repeat","background-position":"center center","background-size":"auto","background-attachment":"scroll","background-type":"","background-media":"","overlay-type":"","overlay-color":"","overlay-opacity":"","overlay-gradient":""},"tablet":{"background-color":"","background-image":"","background-repeat":"repeat","background-position":"center center","background-size":"auto","background-attachment":"scroll","background-type":"","background-media":"","overlay-type":"","overlay-color":"","overlay-opacity":"","overlay-gradient":""},"mobile":{"background-color":"","background-image":"","background-repeat":"repeat","background-position":"center center","background-size":"auto","background-attachment":"scroll","background-type":"","background-media":"","overlay-type":"","overlay-color":"","overlay-opacity":"","overlay-gradient":""}},"ast-content-background-meta":{"desktop":{"background-color":"var(--ast-global-color-5)","background-image":"","background-repeat":"repeat","background-position":"center center","background-size":"auto","background-attachment":"scroll","background-type":"","background-media":"","overlay-type":"","overlay-color":"","overlay-opacity":"","overlay-gradient":""},"tablet":{"background-color":"var(--ast-global-color-5)","background-image":"","background-repeat":"repeat","background-position":"center center","background-size":"auto","background-attachment":"scroll","background-type":"","background-media":"","overlay-type":"","overlay-color":"","overlay-opacity":"","overlay-gradient":""},"mobile":{"background-color":"var(--ast-global-color-5)","background-image":"","background-repeat":"repeat","background-position":"center center","background-size":"auto","background-attachment":"scroll","background-type":"","background-media":"","overlay-type":"","overlay-color":"","overlay-opacity":"","overlay-gradient":""}},"iawp_total_views":43},"product_brand":[],"product_cat":[46,43,52,58,38],"product_tag":[],"class_list":{"0":"post-2445","1":"product","2":"type-product","3":"status-publish","4":"has-post-thumbnail","6":"product_cat-acu-krems","7":"product_cat-anti-age","8":"product_cat-attirisana","9":"product_cat-produktu-komplekti","10":"product_cat-sejas-kopsana","11":"desktop-align-left","12":"tablet-align-left","13":"mobile-align-left","15":"first","16":"instock","17":"sale","18":"taxable","19":"shipping-taxable","20":"purchasable","21":"product-type-woosb"},"yoast_head":"<!-- This site is optimized with the Yoast SEO plugin v26.0 - https:\/\/yoast.com\/wordpress\/plugins\/seo\/ -->\n<title>Fitodroga Face cream. Anti age. + Eye cream. Anti.<\/title>\n<meta name=\"description\" content=\"Fitodroga komplekts - ANTI-AGE Ritual \u2013 pretnoveco\u0161an\u0101s sejas un acu kr\u0113ms. Samazini grumbas, nostiprini \u0101du un atjauno.\" \/>\n<meta name=\"robots\" content=\"index, follow, max-snippet:-1, max-image-preview:large, max-video-preview:-1\" \/>\n<link rel=\"canonical\" href=\"https:\/\/www.fitodroga.com\/en\/product\/komplekts-sejas-kopsana-anti-age\/\" \/>\n<meta property=\"og:locale\" content=\"en_US\" \/>\n<meta property=\"og:type\" content=\"article\" \/>\n<meta property=\"og:title\" content=\"Fitodroga Face cream. Anti age. + Eye cream. Anti.\" \/>\n<meta property=\"og:description\" content=\"Fitodroga komplekts - ANTI-AGE Ritual \u2013 pretnoveco\u0161an\u0101s sejas un acu kr\u0113ms. Samazini grumbas, nostiprini \u0101du un atjauno.\" \/>\n<meta property=\"og:url\" content=\"https:\/\/www.fitodroga.com\/en\/product\/komplekts-sejas-kopsana-anti-age\/\" \/>\n<meta property=\"og:site_name\" content=\"Fitodroga dermokosm\u0113tika\" \/>\n<meta property=\"article:modified_time\" content=\"2026-03-23T10:17:19+00:00\" \/>\n<meta property=\"og:image\" content=\"https:\/\/www.fitodroga.com\/wp-content\/uploads\/2026\/03\/Anti-age-sejas-krems-50-ml-anti-age-acu-krems.jpg\" \/>\n\t<meta property=\"og:image:width\" content=\"1200\" \/>\n\t<meta property=\"og:image:height\" content=\"1500\" \/>\n\t<meta property=\"og:image:type\" content=\"image\/jpeg\" \/>\n<meta name=\"twitter:card\" content=\"summary_large_image\" \/>\n<meta name=\"twitter:label1\" content=\"Est. reading time\" \/>\n\t<meta name=\"twitter:data1\" content=\"2 minutes\" \/>\n<script type=\"application\/ld+json\" class=\"yoast-schema-graph\">{\"@context\":\"https:\/\/schema.org\",\"@graph\":[{\"@type\":\"WebPage\",\"@id\":\"https:\/\/www.fitodroga.com\/en\/product\/komplekts-sejas-kopsana-anti-age\/\",\"url\":\"https:\/\/www.fitodroga.com\/en\/product\/komplekts-sejas-kopsana-anti-age\/\",\"name\":\"Fitodroga Face cream. Anti age. + Eye cream. Anti.\",\"isPartOf\":{\"@id\":\"https:\/\/fitodroga.lotos-pharma.com\/#website\"},\"primaryImageOfPage\":{\"@id\":\"https:\/\/www.fitodroga.com\/en\/product\/komplekts-sejas-kopsana-anti-age\/#primaryimage\"},\"image\":{\"@id\":\"https:\/\/www.fitodroga.com\/en\/product\/komplekts-sejas-kopsana-anti-age\/#primaryimage\"},\"thumbnailUrl\":\"https:\/\/www.fitodroga.com\/wp-content\/uploads\/2026\/03\/Anti-age-sejas-krems-50-ml-anti-age-acu-krems.jpg\",\"datePublished\":\"2026-03-02T09:47:25+00:00\",\"dateModified\":\"2026-03-23T10:17:19+00:00\",\"description\":\"Fitodroga komplekts - ANTI-AGE Ritual \u2013 pretnoveco\u0161an\u0101s sejas un acu kr\u0113ms. Samazini grumbas, nostiprini \u0101du un atjauno.\",\"breadcrumb\":{\"@id\":\"https:\/\/www.fitodroga.com\/en\/product\/komplekts-sejas-kopsana-anti-age\/#breadcrumb\"},\"inLanguage\":\"en-US\",\"potentialAction\":[{\"@type\":\"ReadAction\",\"target\":[\"https:\/\/www.fitodroga.com\/en\/product\/komplekts-sejas-kopsana-anti-age\/\"]}]},{\"@type\":\"ImageObject\",\"inLanguage\":\"en-US\",\"@id\":\"https:\/\/www.fitodroga.com\/en\/product\/komplekts-sejas-kopsana-anti-age\/#primaryimage\",\"url\":\"https:\/\/www.fitodroga.com\/wp-content\/uploads\/2026\/03\/Anti-age-sejas-krems-50-ml-anti-age-acu-krems.jpg\",\"contentUrl\":\"https:\/\/www.fitodroga.com\/wp-content\/uploads\/2026\/03\/Anti-age-sejas-krems-50-ml-anti-age-acu-krems.jpg\",\"width\":1200,\"height\":1500},{\"@type\":\"BreadcrumbList\",\"@id\":\"https:\/\/www.fitodroga.com\/en\/product\/komplekts-sejas-kopsana-anti-age\/#breadcrumb\",\"itemListElement\":[{\"@type\":\"ListItem\",\"position\":1,\"name\":\"Home\",\"item\":\"https:\/\/www.fitodroga.com\/en\/\"},{\"@type\":\"ListItem\",\"position\":2,\"name\":\"VEIKALS\",\"item\":\"https:\/\/fitodroga.lotos-pharma.com\/shop-2\/\"},{\"@type\":\"ListItem\",\"position\":3,\"name\":\"KOMPLEKTS! Sejas \u0101das aizsargbarjeras stiprin\u0101\u0161anai\"}]},{\"@type\":\"WebSite\",\"@id\":\"https:\/\/fitodroga.lotos-pharma.com\/#website\",\"url\":\"https:\/\/fitodroga.lotos-pharma.com\/\",\"name\":\"Fitodroga dermokosm\u0113tika\",\"description\":\"Natural Product - A New You\",\"publisher\":{\"@id\":\"https:\/\/fitodroga.lotos-pharma.com\/#organization\"},\"potentialAction\":[{\"@type\":\"SearchAction\",\"target\":{\"@type\":\"EntryPoint\",\"urlTemplate\":\"https:\/\/fitodroga.lotos-pharma.com\/?s={search_term_string}\"},\"query-input\":{\"@type\":\"PropertyValueSpecification\",\"valueRequired\":true,\"valueName\":\"search_term_string\"}}],\"inLanguage\":\"en-US\"},{\"@type\":\"Organization\",\"@id\":\"https:\/\/fitodroga.lotos-pharma.com\/#organization\",\"name\":\"Fitodroga dermokosm\u0113tika\",\"url\":\"https:\/\/fitodroga.lotos-pharma.com\/\",\"logo\":{\"@type\":\"ImageObject\",\"inLanguage\":\"en-US\",\"@id\":\"https:\/\/fitodroga.lotos-pharma.com\/#\/schema\/logo\/image\/\",\"url\":\"https:\/\/www.fitodroga.com\/wp-content\/uploads\/2025\/04\/cropped-Fitodroga_logo_text-scaled.png\",\"contentUrl\":\"https:\/\/www.fitodroga.com\/wp-content\/uploads\/2025\/04\/cropped-Fitodroga_logo_text-scaled.png\",\"width\":3334,\"height\":1111,\"caption\":\"Fitodroga dermokosm\u0113tika\"},\"image\":{\"@id\":\"https:\/\/fitodroga.lotos-pharma.com\/#\/schema\/logo\/image\/\"}}]}<\/script>\n<!-- \/ Yoast SEO plugin. -->","yoast_head_json":{"title":"Fitodroga Face cream. Anti age. + Eye cream. Anti.","description":"Fitodroga komplekts - ANTI-AGE Ritual \u2013 pretnoveco\u0161an\u0101s sejas un acu kr\u0113ms. Samazini grumbas, nostiprini \u0101du un atjauno.","robots":{"index":"index","follow":"follow","max-snippet":"max-snippet:-1","max-image-preview":"max-image-preview:large","max-video-preview":"max-video-preview:-1"},"canonical":"https:\/\/www.fitodroga.com\/en\/product\/komplekts-sejas-kopsana-anti-age\/","og_locale":"en_US","og_type":"article","og_title":"Fitodroga Face cream. Anti age. + Eye cream. Anti.","og_description":"Fitodroga komplekts - ANTI-AGE Ritual \u2013 pretnoveco\u0161an\u0101s sejas un acu kr\u0113ms. Samazini grumbas, nostiprini \u0101du un atjauno.","og_url":"https:\/\/www.fitodroga.com\/en\/product\/komplekts-sejas-kopsana-anti-age\/","og_site_name":"Fitodroga dermokosm\u0113tika","article_modified_time":"2026-03-23T10:17:19+00:00","og_image":[{"width":1200,"height":1500,"url":"https:\/\/www.fitodroga.com\/wp-content\/uploads\/2026\/03\/Anti-age-sejas-krems-50-ml-anti-age-acu-krems.jpg","type":"image\/jpeg"}],"twitter_card":"summary_large_image","twitter_misc":{"Est. reading time":"2 minutes"},"schema":{"@context":"https:\/\/schema.org","@graph":[{"@type":"WebPage","@id":"https:\/\/www.fitodroga.com\/en\/product\/komplekts-sejas-kopsana-anti-age\/","url":"https:\/\/www.fitodroga.com\/en\/product\/komplekts-sejas-kopsana-anti-age\/","name":"Fitodroga Face cream. Anti age. + Eye cream. Anti.","isPartOf":{"@id":"https:\/\/fitodroga.lotos-pharma.com\/#website"},"primaryImageOfPage":{"@id":"https:\/\/www.fitodroga.com\/en\/product\/komplekts-sejas-kopsana-anti-age\/#primaryimage"},"image":{"@id":"https:\/\/www.fitodroga.com\/en\/product\/komplekts-sejas-kopsana-anti-age\/#primaryimage"},"thumbnailUrl":"https:\/\/www.fitodroga.com\/wp-content\/uploads\/2026\/03\/Anti-age-sejas-krems-50-ml-anti-age-acu-krems.jpg","datePublished":"2026-03-02T09:47:25+00:00","dateModified":"2026-03-23T10:17:19+00:00","description":"Fitodroga komplekts - ANTI-AGE Ritual \u2013 pretnoveco\u0161an\u0101s sejas un acu kr\u0113ms. Samazini grumbas, nostiprini \u0101du un atjauno.","breadcrumb":{"@id":"https:\/\/www.fitodroga.com\/en\/product\/komplekts-sejas-kopsana-anti-age\/#breadcrumb"},"inLanguage":"en-US","potentialAction":[{"@type":"ReadAction","target":["https:\/\/www.fitodroga.com\/en\/product\/komplekts-sejas-kopsana-anti-age\/"]}]},{"@type":"ImageObject","inLanguage":"en-US","@id":"https:\/\/www.fitodroga.com\/en\/product\/komplekts-sejas-kopsana-anti-age\/#primaryimage","url":"https:\/\/www.fitodroga.com\/wp-content\/uploads\/2026\/03\/Anti-age-sejas-krems-50-ml-anti-age-acu-krems.jpg","contentUrl":"https:\/\/www.fitodroga.com\/wp-content\/uploads\/2026\/03\/Anti-age-sejas-krems-50-ml-anti-age-acu-krems.jpg","width":1200,"height":1500},{"@type":"BreadcrumbList","@id":"https:\/\/www.fitodroga.com\/en\/product\/komplekts-sejas-kopsana-anti-age\/#breadcrumb","itemListElement":[{"@type":"ListItem","position":1,"name":"Home","item":"https:\/\/www.fitodroga.com\/en\/"},{"@type":"ListItem","position":2,"name":"VEIKALS","item":"https:\/\/fitodroga.lotos-pharma.com\/shop-2\/"},{"@type":"ListItem","position":3,"name":"KOMPLEKTS! Sejas \u0101das aizsargbarjeras stiprin\u0101\u0161anai"}]},{"@type":"WebSite","@id":"https:\/\/fitodroga.lotos-pharma.com\/#website","url":"https:\/\/fitodroga.lotos-pharma.com\/","name":"Fitodroga dermokosm\u0113tika","description":"Natural Product - A New You","publisher":{"@id":"https:\/\/fitodroga.lotos-pharma.com\/#organization"},"potentialAction":[{"@type":"SearchAction","target":{"@type":"EntryPoint","urlTemplate":"https:\/\/fitodroga.lotos-pharma.com\/?s={search_term_string}"},"query-input":{"@type":"PropertyValueSpecification","valueRequired":true,"valueName":"search_term_string"}}],"inLanguage":"en-US"},{"@type":"Organization","@id":"https:\/\/fitodroga.lotos-pharma.com\/#organization","name":"Fitodroga dermokosm\u0113tika","url":"https:\/\/fitodroga.lotos-pharma.com\/","logo":{"@type":"ImageObject","inLanguage":"en-US","@id":"https:\/\/fitodroga.lotos-pharma.com\/#\/schema\/logo\/image\/","url":"https:\/\/www.fitodroga.com\/wp-content\/uploads\/2025\/04\/cropped-Fitodroga_logo_text-scaled.png","contentUrl":"https:\/\/www.fitodroga.com\/wp-content\/uploads\/2025\/04\/cropped-Fitodroga_logo_text-scaled.png","width":3334,"height":1111,"caption":"Fitodroga dermokosm\u0113tika"},"image":{"@id":"https:\/\/fitodroga.lotos-pharma.com\/#\/schema\/logo\/image\/"}}]}},"_links":{"self":[{"href":"https:\/\/www.fitodroga.com\/en\/wp-json\/wp\/v2\/product\/2445","targetHints":{"allow":["GET"]}}],"collection":[{"href":"https:\/\/www.fitodroga.com\/en\/wp-json\/wp\/v2\/product"}],"about":[{"href":"https:\/\/www.fitodroga.com\/en\/wp-json\/wp\/v2\/types\/product"}],"wp:featuredmedia":[{"embeddable":true,"href":"https:\/\/www.fitodroga.com\/en\/wp-json\/wp\/v2\/media\/2490"}],"wp:attachment":[{"href":"https:\/\/www.fitodroga.com\/en\/wp-json\/wp\/v2\/media?parent=2445"}],"wp:term":[{"taxonomy":"product_brand","embeddable":true,"href":"https:\/\/www.fitodroga.com\/en\/wp-json\/wp\/v2\/product_brand?post=2445"},{"taxonomy":"product_cat","embeddable":true,"href":"https:\/\/www.fitodroga.com\/en\/wp-json\/wp\/v2\/product_cat?post=2445"},{"taxonomy":"product_tag","embeddable":true,"href":"https:\/\/www.fitodroga.com\/en\/wp-json\/wp\/v2\/product_tag?post=2445"}],"curies":[{"name":"wp","href":"https:\/\/api.w.org\/{rel}","templated":true}]}}